{"id":172,"date":"2022-04-16T12:58:23","date_gmt":"2022-04-16T12:58:23","guid":{"rendered":"https:\/\/tecofash.erasmus.site\/?page_id=172"},"modified":"2024-03-25T11:44:14","modified_gmt":"2024-03-25T11:44:14","slug":"project-results","status":"publish","type":"page","link":"https:\/\/tecofash.erasmus.site\/es\/project-results\/","title":{"rendered":"Resultados del Proyecto"},"content":{"rendered":"\t\t<div data-elementor-type=\"wp-page\" data-elementor-id=\"172\" class=\"elementor elementor-172\">\n\t\t\t\t\t\t<section class=\"elementor-section elementor-top-section elementor-element elementor-element-08a9d72 elementor-section-boxed elementor-section-height-default elementor-section-height-default\" data-id=\"08a9d72\" data-element_type=\"section\" data-e-type=\"section\">\n\t\t\t\t\t\t<div class=\"elementor-container elementor-column-gap-default\">\n\t\t\t\t\t<div class=\"elementor-column elementor-col-100 elementor-top-column elementor-element elementor-element-094d622\" data-id=\"094d622\" data-element_type=\"column\" data-e-type=\"column\">\n\t\t\t<div class=\"elementor-widget-wrap elementor-element-populated\">\n\t\t\t\t\t\t<div class=\"elementor-element elementor-element-a08a325 elementor-widget elementor-widget-text-editor\" data-id=\"a08a325\" data-element_type=\"widget\" data-e-type=\"widget\" data-widget_type=\"text-editor.default\">\n\t\t\t\t<div class=\"elementor-widget-container\">\n\t\t\t\t\t\t\t\t\t<p><\/p><p><\/p><p><\/p><p><\/p><p><\/p><p>Como resultado principal, se espera que los emprendedores experimentados generen conciencia sobre la necesidad de la transformaci\u00f3n digital y ambiental al tiempo que aumentan su capacidad de innovaci\u00f3n. Se espera que los j\u00f3venes y los desempleados aumenten su conocimiento pr\u00e1ctico sobre este sector industrial clave, siendo capaces de desarrollar nuevas empresas\/ encontrar nuevas oportunidades laborales en este campo, beneficiando a largo plazo a la competitividad del sector en su conjunto. El proyecto TECOFASH pretende, con el objetivo anteriormente expuesto, presentar un programa de formaci\u00f3n orientado a los siguientes resultados:<\/p><ul><li>Conectar las empresas del sector con la generaci\u00f3n m\u00e1s joven y atraer nueva fuerza laboral talentosa hacia esta industria.<\/li><li>Vincular a representantes del sector con expertos en formaci\u00f3n,<\/li><li>Ser claro y de base abierta, sin condiciones y libre de restricciones,<\/li><li>Centrado en la principal brecha de habilidades identificada, siendo los procesos de producci\u00f3n, las habilidades digitales y verdes.<\/li><li>Aprovechar al m\u00e1ximo las tecnolog\u00edas digitales y la colaboraci\u00f3n virtual para contribuir a la mejora\/rehabilitaci\u00f3n del sector.<\/li><\/ul><p>Esto se logra a trav\u00e9s de la producci\u00f3n de 3 resultados principales:<\/p><p><\/p>\t\t\t\t\t\t\t\t<\/div>\n\t\t\t\t<\/div>\n\t\t\t\t\t<\/div>\n\t\t<\/div>\n\t\t\t\t\t<\/div>\n\t\t<\/section>\n\t\t\t\t<section class=\"elementor-section elementor-top-section elementor-element elementor-element-ec43cca elementor-section-boxed elementor-section-height-default elementor-section-height-default\" data-id=\"ec43cca\" data-element_type=\"section\" data-e-type=\"section\">\n\t\t\t\t\t\t<div class=\"elementor-container elementor-column-gap-default\">\n\t\t\t\t\t<div class=\"elementor-column elementor-col-33 elementor-top-column elementor-element elementor-element-2241a66\" data-id=\"2241a66\" data-element_type=\"column\" data-e-type=\"column\">\n\t\t\t<div class=\"elementor-widget-wrap elementor-element-populated\">\n\t\t\t\t\t\t<div class=\"elementor-element elementor-element-33fb56d elementor-widget elementor-widget-image\" data-id=\"33fb56d\" data-element_type=\"widget\" data-e-type=\"widget\" data-widget_type=\"image.default\">\n\t\t\t\t<div class=\"elementor-widget-container\">\n\t\t\t\t\t\t\t\t\t\t\t\t\t\t\t<img fetchpriority=\"high\" decoding=\"async\" width=\"300\" height=\"300\" src=\"https:\/\/tecofash.erasmus.site\/wp-content\/uploads\/2022\/04\/pr1-300x300.png\" class=\"attachment-medium size-medium wp-image-182\" alt=\"\" srcset=\"https:\/\/tecofash.erasmus.site\/wp-content\/uploads\/2022\/04\/pr1.png 300w, https:\/\/tecofash.erasmus.site\/wp-content\/uploads\/2022\/04\/pr1-150x150.png 150w, https:\/\/tecofash.erasmus.site\/wp-content\/uploads\/2022\/04\/pr1-75x75.png 75w\" sizes=\"(max-width: 300px) 100vw, 300px\" \/>\t\t\t\t\t\t\t\t\t\t\t\t\t\t\t<\/div>\n\t\t\t\t<\/div>\n\t\t\t\t<div class=\"elementor-element elementor-element-9798646 elementor-widget elementor-widget-heading\" data-id=\"9798646\" data-element_type=\"widget\" data-e-type=\"widget\" data-widget_type=\"heading.default\">\n\t\t\t\t<div class=\"elementor-widget-container\">\n\t\t\t\t\t<h2 class=\"elementor-heading-title elementor-size-medium\">R1. Procesos productivos sostenibles y digitales<\/h2>\t\t\t\t<\/div>\n\t\t\t\t<\/div>\n\t\t\t\t<div class=\"elementor-element elementor-element-6ec69db elementor-widget elementor-widget-text-editor\" data-id=\"6ec69db\" data-element_type=\"widget\" data-e-type=\"widget\" data-widget_type=\"text-editor.default\">\n\t\t\t\t<div class=\"elementor-widget-container\">\n\t\t\t\t\t\t\t\t\t<p>El primer resultado est\u00e1 dedicado al desarrollo de un paquete de capacitaci\u00f3n dirigido tanto a empresarios experimentados como a j\u00f3venes objetivos con diferente nivel de complejidad para abordar las necesidades espec\u00edficas de cada uno bajo una perspectiva t\u00e9cnica, con un enfoque en productos, fuentes de contaminaci\u00f3n y producci\u00f3n.<\/p>\t\t\t\t\t\t\t\t<\/div>\n\t\t\t\t<\/div>\n\t\t\t\t<div class=\"elementor-element elementor-element-5381c42 elementor-align-center elementor-widget elementor-widget-button\" data-id=\"5381c42\" data-element_type=\"widget\" data-e-type=\"widget\" data-widget_type=\"button.default\">\n\t\t\t\t<div class=\"elementor-widget-container\">\n\t\t\t\t\t\t\t\t\t<div class=\"elementor-button-wrapper\">\n\t\t\t\t\t<a class=\"elementor-button elementor-button-link elementor-size-sm\" href=\"https:\/\/tecofash.erasmus.site\/wp-content\/uploads\/2024\/03\/TECOFASH_PR1_ES.pdf\" target=\"_blank\" download=\"\">\n\t\t\t\t\t\t<span class=\"elementor-button-content-wrapper\">\n\t\t\t\t\t\t\t\t\t<span class=\"elementor-button-text\">Descargar<\/span>\n\t\t\t\t\t<\/span>\n\t\t\t\t\t<\/a>\n\t\t\t\t<\/div>\n\t\t\t\t\t\t\t\t<\/div>\n\t\t\t\t<\/div>\n\t\t\t\t<div class=\"elementor-element elementor-element-26ee9ee elementor-align-center elementor-widget elementor-widget-button\" data-id=\"26ee9ee\" data-element_type=\"widget\" data-e-type=\"widget\" data-widget_type=\"button.default\">\n\t\t\t\t<div class=\"elementor-widget-container\">\n\t\t\t\t\t\t\t\t\t<div class=\"elementor-button-wrapper\">\n\t\t\t\t\t<a class=\"elementor-button elementor-button-link elementor-size-sm\" href=\"https:\/\/tecofash.erasmus.site\/wp-content\/uploads\/2024\/03\/TECOFASH_Training-Package-1_Certificate-supplement.pdf\" target=\"_blank\" download=\"\">\n\t\t\t\t\t\t<span class=\"elementor-button-content-wrapper\">\n\t\t\t\t\t\t\t\t\t<span class=\"elementor-button-text\">Europass<\/span>\n\t\t\t\t\t<\/span>\n\t\t\t\t\t<\/a>\n\t\t\t\t<\/div>\n\t\t\t\t\t\t\t\t<\/div>\n\t\t\t\t<\/div>\n\t\t\t\t\t<\/div>\n\t\t<\/div>\n\t\t\t\t<div class=\"elementor-column elementor-col-33 elementor-top-column elementor-element elementor-element-467a526\" data-id=\"467a526\" data-element_type=\"column\" data-e-type=\"column\">\n\t\t\t<div class=\"elementor-widget-wrap elementor-element-populated\">\n\t\t\t\t\t\t<div class=\"elementor-element elementor-element-b9e057c elementor-widget elementor-widget-image\" data-id=\"b9e057c\" data-element_type=\"widget\" data-e-type=\"widget\" data-widget_type=\"image.default\">\n\t\t\t\t<div class=\"elementor-widget-container\">\n\t\t\t\t\t\t\t\t\t\t\t\t\t\t\t<img decoding=\"async\" width=\"300\" height=\"300\" src=\"https:\/\/tecofash.erasmus.site\/wp-content\/uploads\/2022\/04\/pr2.png\" class=\"attachment-large size-large wp-image-183\" alt=\"\" srcset=\"https:\/\/tecofash.erasmus.site\/wp-content\/uploads\/2022\/04\/pr2.png 300w, https:\/\/tecofash.erasmus.site\/wp-content\/uploads\/2022\/04\/pr2-150x150.png 150w, https:\/\/tecofash.erasmus.site\/wp-content\/uploads\/2022\/04\/pr2-75x75.png 75w\" sizes=\"(max-width: 300px) 100vw, 300px\" \/>\t\t\t\t\t\t\t\t\t\t\t\t\t\t\t<\/div>\n\t\t\t\t<\/div>\n\t\t\t\t<div class=\"elementor-element elementor-element-a9767c8 elementor-widget elementor-widget-heading\" data-id=\"a9767c8\" data-element_type=\"widget\" data-e-type=\"widget\" data-widget_type=\"heading.default\">\n\t\t\t\t<div class=\"elementor-widget-container\">\n\t\t\t\t\t<h2 class=\"elementor-heading-title elementor-size-medium\">R2. Gesti\u00f3n sostenible y digital de una empresa de moda<\/h2>\t\t\t\t<\/div>\n\t\t\t\t<\/div>\n\t\t\t\t<div class=\"elementor-element elementor-element-7b841df elementor-widget elementor-widget-text-editor\" data-id=\"7b841df\" data-element_type=\"widget\" data-e-type=\"widget\" data-widget_type=\"text-editor.default\">\n\t\t\t\t<div class=\"elementor-widget-container\">\n\t\t\t\t\t\t\t\t\t<p><\/p><p>El segundo resultado est\u00e1 dedicado al desarrollo de un paquete de capacitaci\u00f3n dirigido tanto a empresarios experimentados como a j\u00f3venes objetivos con diferentes niveles de complejidad para abordar las necesidades espec\u00edficas de cada uno. Se centrar\u00e1 en aspectos gerenciales y transversales relacionados con los modelos de negocio y la gesti\u00f3n digital y lean<\/p>\t\t\t\t\t\t\t\t<\/div>\n\t\t\t\t<\/div>\n\t\t\t\t<div class=\"elementor-element elementor-element-6211b04 elementor-align-center elementor-widget elementor-widget-button\" data-id=\"6211b04\" data-element_type=\"widget\" data-e-type=\"widget\" data-widget_type=\"button.default\">\n\t\t\t\t<div class=\"elementor-widget-container\">\n\t\t\t\t\t\t\t\t\t<div class=\"elementor-button-wrapper\">\n\t\t\t\t\t<a class=\"elementor-button elementor-button-link elementor-size-sm\" href=\"https:\/\/tecofash.erasmus.site\/wp-content\/uploads\/2024\/03\/TECOFASH_PR2_ES.pdf\" target=\"_blank\" download=\"\">\n\t\t\t\t\t\t<span class=\"elementor-button-content-wrapper\">\n\t\t\t\t\t\t\t\t\t<span class=\"elementor-button-text\">Descargar<\/span>\n\t\t\t\t\t<\/span>\n\t\t\t\t\t<\/a>\n\t\t\t\t<\/div>\n\t\t\t\t\t\t\t\t<\/div>\n\t\t\t\t<\/div>\n\t\t\t\t<div class=\"elementor-element elementor-element-f4ffe80 elementor-align-center elementor-widget elementor-widget-button\" data-id=\"f4ffe80\" data-element_type=\"widget\" data-e-type=\"widget\" data-widget_type=\"button.default\">\n\t\t\t\t<div class=\"elementor-widget-container\">\n\t\t\t\t\t\t\t\t\t<div class=\"elementor-button-wrapper\">\n\t\t\t\t\t<a class=\"elementor-button elementor-button-link elementor-size-sm\" href=\"https:\/\/tecofash.erasmus.site\/wp-content\/uploads\/2024\/03\/TECOFASH_Training-Package-2_Certificate-supplement.pdf\" target=\"_blank\" download=\"\">\n\t\t\t\t\t\t<span class=\"elementor-button-content-wrapper\">\n\t\t\t\t\t\t\t\t\t<span class=\"elementor-button-text\">Europass<\/span>\n\t\t\t\t\t<\/span>\n\t\t\t\t\t<\/a>\n\t\t\t\t<\/div>\n\t\t\t\t\t\t\t\t<\/div>\n\t\t\t\t<\/div>\n\t\t\t\t\t<\/div>\n\t\t<\/div>\n\t\t\t\t<div class=\"elementor-column elementor-col-33 elementor-top-column elementor-element elementor-element-d1302b8\" data-id=\"d1302b8\" data-element_type=\"column\" data-e-type=\"column\">\n\t\t\t<div class=\"elementor-widget-wrap elementor-element-populated\">\n\t\t\t\t\t\t<div class=\"elementor-element elementor-element-84ebb63 elementor-widget elementor-widget-image\" data-id=\"84ebb63\" data-element_type=\"widget\" data-e-type=\"widget\" data-widget_type=\"image.default\">\n\t\t\t\t<div class=\"elementor-widget-container\">\n\t\t\t\t\t\t\t\t\t\t\t\t\t\t\t\t<a href=\"https:\/\/tecofash.erasmus.site\/project-results\/platform\/\">\n\t\t\t\t\t\t\t<img decoding=\"async\" width=\"300\" height=\"300\" src=\"https:\/\/tecofash.erasmus.site\/wp-content\/uploads\/2022\/04\/pr3.png\" class=\"attachment-large size-large wp-image-184\" alt=\"\" srcset=\"https:\/\/tecofash.erasmus.site\/wp-content\/uploads\/2022\/04\/pr3.png 300w, https:\/\/tecofash.erasmus.site\/wp-content\/uploads\/2022\/04\/pr3-150x150.png 150w, https:\/\/tecofash.erasmus.site\/wp-content\/uploads\/2022\/04\/pr3-75x75.png 75w\" sizes=\"(max-width: 300px) 100vw, 300px\" \/>\t\t\t\t\t\t\t\t<\/a>\n\t\t\t\t\t\t\t\t\t\t\t\t\t\t\t<\/div>\n\t\t\t\t<\/div>\n\t\t\t\t<div class=\"elementor-element elementor-element-cd30981 elementor-widget elementor-widget-heading\" data-id=\"cd30981\" data-element_type=\"widget\" data-e-type=\"widget\" data-widget_type=\"heading.default\">\n\t\t\t\t<div class=\"elementor-widget-container\">\n\t\t\t\t\t<h2 class=\"elementor-heading-title elementor-size-medium\"><a href=\"https:\/\/tecofash.erasmus.site\/project-results\/platform\/\">R3. Plataforma cooperativa en l\u00ednea<\/a><\/h2>\t\t\t\t<\/div>\n\t\t\t\t<\/div>\n\t\t\t\t<div class=\"elementor-element elementor-element-093b19c elementor-widget elementor-widget-text-editor\" data-id=\"093b19c\" data-element_type=\"widget\" data-e-type=\"widget\" data-widget_type=\"text-editor.default\">\n\t\t\t\t<div class=\"elementor-widget-container\">\n\t\t\t\t\t\t\t\t\t<p>Este resultado crea el di\u00e1logo esperado entre los dos grupos objetivo y su colaboraci\u00f3n hacia la innovaci\u00f3n del sector, con el objetivo final de atraer a la generaci\u00f3n m\u00e1s joven en este sector. Se dedica al desarrollo de una plataforma de formaci\u00f3n que alberga los diferentes paquetes de formaci\u00f3n y los m\u00f3dulos sociales para la implementaci\u00f3n de las actividades de formaci\u00f3n y colaboraci\u00f3n. Gracias a esto, los socios esperan lograr un impacto significativo a nivel local y, m\u00e1s all\u00e1, nacional y europeo, apoyando a las pymes de la moda para que contin\u00faen su esfuerzo por responder a los desaf\u00edos ambientales y sociales y alcanzar la competitividad y la sostenibilidad.<\/p>\t\t\t\t\t\t\t\t<\/div>\n\t\t\t\t<\/div>\n\t\t\t\t<div class=\"elementor-element elementor-element-11c3267 elementor-align-center elementor-widget elementor-widget-button\" data-id=\"11c3267\" data-element_type=\"widget\" data-e-type=\"widget\" data-widget_type=\"button.default\">\n\t\t\t\t<div class=\"elementor-widget-container\">\n\t\t\t\t\t\t\t\t\t<div class=\"elementor-button-wrapper\">\n\t\t\t\t\t<a class=\"elementor-button elementor-button-link elementor-size-sm\" href=\"https:\/\/tecofash.erasmus.site\/pl\/project-results\/platform\/\">\n\t\t\t\t\t\t<span class=\"elementor-button-content-wrapper\">\n\t\t\t\t\t\t\t\t\t<span class=\"elementor-button-text\">Open<\/span>\n\t\t\t\t\t<\/span>\n\t\t\t\t\t<\/a>\n\t\t\t\t<\/div>\n\t\t\t\t\t\t\t\t<\/div>\n\t\t\t\t<\/div>\n\t\t\t\t\t<\/div>\n\t\t<\/div>\n\t\t\t\t\t<\/div>\n\t\t<\/section>\n\t\t\t\t<\/div>\n\t\t","protected":false},"excerpt":{"rendered":"<p>Como resultado principal, se espera que los emprendedores experimentados generen conciencia sobre la necesidad de la transformaci\u00f3n digital y ambiental&hellip;&nbsp;<\/p>\n","protected":false},"author":1,"featured_media":0,"parent":0,"menu_order":0,"comment_status":"closed","ping_status":"closed","template":"","meta":{"neve_meta_sidebar":"","neve_meta_container":"","neve_meta_enable_content_width":"off","neve_meta_content_width":100,"neve_meta_title_alignment":"","neve_meta_author_avatar":"","neve_post_elements_order":"","neve_meta_disable_header":"","neve_meta_disable_footer":"","neve_meta_disable_title":"","footnotes":""},"class_list":["post-172","page","type-page","status-publish","hentry"],"_links":{"self":[{"href":"https:\/\/tecofash.erasmus.site\/es\/wp-json\/wp\/v2\/pages\/172","targetHints":{"allow":["GET"]}}],"collection":[{"href":"https:\/\/tecofash.erasmus.site\/es\/wp-json\/wp\/v2\/pages"}],"about":[{"href":"https:\/\/tecofash.erasmus.site\/es\/wp-json\/wp\/v2\/types\/page"}],"author":[{"embeddable":true,"href":"https:\/\/tecofash.erasmus.site\/es\/wp-json\/wp\/v2\/users\/1"}],"replies":[{"embeddable":true,"href":"https:\/\/tecofash.erasmus.site\/es\/wp-json\/wp\/v2\/comments?post=172"}],"version-history":[{"count":106,"href":"https:\/\/tecofash.erasmus.site\/es\/wp-json\/wp\/v2\/pages\/172\/revisions"}],"predecessor-version":[{"id":3871,"href":"https:\/\/tecofash.erasmus.site\/es\/wp-json\/wp\/v2\/pages\/172\/revisions\/3871"}],"wp:attachment":[{"href":"https:\/\/tecofash.erasmus.site\/es\/wp-json\/wp\/v2\/media?parent=172"}],"curies":[{"name":"wp","href":"https:\/\/api.w.org\/{rel}","templated":true}]}}