{"id":60,"date":"2022-04-16T11:02:45","date_gmt":"2022-04-16T11:02:45","guid":{"rendered":"https:\/\/tecofash.erasmus.site\/?page_id=60"},"modified":"2022-07-13T10:29:49","modified_gmt":"2022-07-13T10:29:49","slug":"about-the-project","status":"publish","type":"page","link":"https:\/\/tecofash.erasmus.site\/es\/about-the-project\/","title":{"rendered":"Sobre el Proyecto"},"content":{"rendered":"\t\t<div data-elementor-type=\"wp-page\" data-elementor-id=\"60\" class=\"elementor elementor-60\">\n\t\t\t\t\t\t<section class=\"elementor-section elementor-top-section elementor-element elementor-element-187c4e55 elementor-section-boxed elementor-section-height-default elementor-section-height-default\" data-id=\"187c4e55\" data-element_type=\"section\" data-e-type=\"section\">\n\t\t\t\t\t\t<div class=\"elementor-container elementor-column-gap-default\">\n\t\t\t\t\t<div class=\"elementor-column elementor-col-50 elementor-top-column elementor-element elementor-element-4cf8fdf1\" data-id=\"4cf8fdf1\" data-element_type=\"column\" data-e-type=\"column\">\n\t\t\t<div class=\"elementor-widget-wrap elementor-element-populated\">\n\t\t\t\t\t\t<div class=\"elementor-element elementor-element-5bd339f8 elementor-widget elementor-widget-text-editor\" data-id=\"5bd339f8\" data-element_type=\"widget\" data-e-type=\"widget\" data-widget_type=\"text-editor.default\">\n\t\t\t\t<div class=\"elementor-widget-container\">\n\t\t\t\t\t\t\t\t\t<p><\/p><p><\/p><p><\/li><\/ul><p><\/li><\/ul><p><\/p><p>TECOFASH son 7 socios de 5 pa\u00edses de la UE.<\/p><p>El principal objetivo de TECOFASH es contribuir a una industria de la moda europea competitiva y sostenible.<\/p><p>El proyecto se centra en aumentar la capacidad de los profesionales de pymes y start-ups para orientar su negocio hacia modelos de negocio circulares, as\u00ed como la innovaci\u00f3n medioambiental y sostenible como resultado de la cooperaci\u00f3n y la formaci\u00f3n transnacional e intergeneracional. Nuestra formaci\u00f3n considera el triple resultado de la teor\u00eda de Elkington: lo econ\u00f3mico, lo social y lo medioambiental, claves para la sostenibilidad.<\/p><p>En detalle, TECOFASH se presenta como una propuesta que aborda 3 Objetivos Espec\u00edficos.<\/p><p>Objetivo Espec\u00edfico 1: Sensibilizaci\u00f3n de empresarios de la moda con experiencia sobre su necesidad de adaptaci\u00f3n e innovaci\u00f3n para transitar hacia nuevos modelos de negocio sostenibles.<\/p><p>Objetivo Espec\u00edfico 2: Desarrollo de nuevas competencias de j\u00f3venes y desempleados para aplicar esquemas innovadores circulares y digitales al sector de la moda.<\/p><p>Objetivo Espec\u00edfico 3: Colaboraci\u00f3n intergeneracional y aprendizaje entre pares entre esos dos grupos objetivo para que puedan beneficiarse de mayores niveles de conocimiento, contribuyendo tambi\u00e9n a atraer una nueva generaci\u00f3n de mano de obra en el sector.<\/p><p>TECOFASH se basa en el intercambio de conocimientos y el aprendizaje entre pares para las partes interesadas de la moda para mejorar sus habilidades en t\u00e9rminos de innovaci\u00f3n de modelos de negocios, econom\u00eda circular, integraci\u00f3n de canales e innovaci\u00f3n de procesos, cooperaci\u00f3n y trabajo en red, mejora digital, sostenibilidad y Responsabilidad Social Corporativa (RSC). ), desarrollo personal, creatividad y esp\u00edritu emprendedor, entre otros.<\/p><p>Para dar respuesta a este reto, la propuesta formativa de TECOFASH se centra en dos pilares:<\/p><ul><li>Procesos productivos sostenibles y digitales, abordando los aspectos t\u00e9cnicos y operativos vinculados al dise\u00f1o, producci\u00f3n y distribuci\u00f3n de productos de moda, por ejemplo, c\u00f3mo reducir el consumo de agua o cuidar las materias primas utilizadas.<\/li><li>Gesti\u00f3n sostenible y digital de una empresa de moda, para explorar c\u00f3mo convertir todo el sistema de gesti\u00f3n en un bucle circular y responsable, incluidos, por ejemplo, los sistemas de gesti\u00f3n cooperativa basados \u200b\u200ben la responsabilidad humana y social.<\/li><\/ul><p><\/li><\/ul>\t\t\t\t\t\t\t\t<\/div>\n\t\t\t\t<\/div>\n\t\t\t\t\t<\/div>\n\t\t<\/div>\n\t\t\t\t<div class=\"elementor-column elementor-col-50 elementor-top-column elementor-element elementor-element-c94ec8d\" data-id=\"c94ec8d\" data-element_type=\"column\" data-e-type=\"column\">\n\t\t\t<div class=\"elementor-widget-wrap elementor-element-populated\">\n\t\t\t\t\t\t<div class=\"elementor-element elementor-element-cc2be00 elementor-widget elementor-widget-image\" data-id=\"cc2be00\" data-element_type=\"widget\" data-e-type=\"widget\" data-widget_type=\"image.default\">\n\t\t\t\t<div class=\"elementor-widget-container\">\n\t\t\t\t\t\t\t\t\t\t\t\t\t\t\t<img fetchpriority=\"high\" decoding=\"async\" width=\"720\" height=\"720\" src=\"https:\/\/tecofash.erasmus.site\/wp-content\/uploads\/2022\/04\/Obraz1.jpg\" class=\"attachment-large size-large wp-image-38\" alt=\"\" srcset=\"https:\/\/tecofash.erasmus.site\/wp-content\/uploads\/2022\/04\/Obraz1.jpg 720w, https:\/\/tecofash.erasmus.site\/wp-content\/uploads\/2022\/04\/Obraz1-300x300.jpg 300w, https:\/\/tecofash.erasmus.site\/wp-content\/uploads\/2022\/04\/Obraz1-150x150.jpg 150w\" sizes=\"(max-width: 720px) 100vw, 720px\" \/>\t\t\t\t\t\t\t\t\t\t\t\t\t\t\t<\/div>\n\t\t\t\t<\/div>\n\t\t\t\t\t<\/div>\n\t\t<\/div>\n\t\t\t\t\t<\/div>\n\t\t<\/section>\n\t\t\t\t<\/div>\n\t\t","protected":false},"excerpt":{"rendered":"<p>TECOFASH son 7 socios de 5 pa\u00edses de la UE. El principal objetivo de TECOFASH es contribuir a una industria&hellip;&nbsp;<\/p>\n","protected":false},"author":1,"featured_media":0,"parent":0,"menu_order":0,"comment_status":"closed","ping_status":"closed","template":"","meta":{"neve_meta_sidebar":"","neve_meta_container":"","neve_meta_enable_content_width":"off","neve_meta_content_width":100,"neve_meta_title_alignment":"","neve_meta_author_avatar":"","neve_post_elements_order":"","neve_meta_disable_header":"","neve_meta_disable_footer":"","neve_meta_disable_title":"","footnotes":""},"class_list":["post-60","page","type-page","status-publish","hentry"],"_links":{"self":[{"href":"https:\/\/tecofash.erasmus.site\/es\/wp-json\/wp\/v2\/pages\/60","targetHints":{"allow":["GET"]}}],"collection":[{"href":"https:\/\/tecofash.erasmus.site\/es\/wp-json\/wp\/v2\/pages"}],"about":[{"href":"https:\/\/tecofash.erasmus.site\/es\/wp-json\/wp\/v2\/types\/page"}],"author":[{"embeddable":true,"href":"https:\/\/tecofash.erasmus.site\/es\/wp-json\/wp\/v2\/users\/1"}],"replies":[{"embeddable":true,"href":"https:\/\/tecofash.erasmus.site\/es\/wp-json\/wp\/v2\/comments?post=60"}],"version-history":[{"count":42,"href":"https:\/\/tecofash.erasmus.site\/es\/wp-json\/wp\/v2\/pages\/60\/revisions"}],"predecessor-version":[{"id":437,"href":"https:\/\/tecofash.erasmus.site\/es\/wp-json\/wp\/v2\/pages\/60\/revisions\/437"}],"wp:attachment":[{"href":"https:\/\/tecofash.erasmus.site\/es\/wp-json\/wp\/v2\/media?parent=60"}],"curies":[{"name":"wp","href":"https:\/\/api.w.org\/{rel}","templated":true}]}}