{"id":1378,"date":"2023-11-07T20:08:44","date_gmt":"2023-11-07T20:08:44","guid":{"rendered":"https:\/\/tecofash.erasmus.site\/?page_id=1378"},"modified":"2024-03-01T12:50:38","modified_gmt":"2024-03-01T12:50:38","slug":"tp2","status":"publish","type":"page","link":"https:\/\/tecofash.erasmus.site\/it\/project-results\/platform\/tp2\/","title":{"rendered":"Training Package 2: Management sostenibile e digitale di una azienda di moda"},"content":{"rendered":"\t\t<div data-elementor-type=\"wp-page\" data-elementor-id=\"1378\" class=\"elementor elementor-1378\">\n\t\t\t\t\t\t<section class=\"elementor-section elementor-top-section elementor-element elementor-element-7344efe elementor-section-boxed elementor-section-height-default elementor-section-height-default\" data-id=\"7344efe\" data-element_type=\"section\" data-e-type=\"section\" data-settings=\"{&quot;background_background&quot;:&quot;classic&quot;}\">\n\t\t\t\t\t\t<div class=\"elementor-container elementor-column-gap-default\">\n\t\t\t\t\t<div class=\"elementor-column elementor-col-100 elementor-top-column elementor-element elementor-element-afe077d\" data-id=\"afe077d\" data-element_type=\"column\" data-e-type=\"column\" data-settings=\"{&quot;background_background&quot;:&quot;classic&quot;}\">\n\t\t\t<div class=\"elementor-widget-wrap elementor-element-populated\">\n\t\t\t\t\t\t<div class=\"elementor-element elementor-element-26c58b6 elementor-widget elementor-widget-heading\" data-id=\"26c58b6\" data-element_type=\"widget\" data-e-type=\"widget\" data-widget_type=\"heading.default\">\n\t\t\t\t<div class=\"elementor-widget-container\">\n\t\t\t\t\t<h2 class=\"elementor-heading-title elementor-size-default\">Training Package 2: Management sostenibile e digitale di una azienda di moda<\/h2>\t\t\t\t<\/div>\n\t\t\t\t<\/div>\n\t\t\t\t<div class=\"elementor-element elementor-element-ac1c914 elementor-widget elementor-widget-text-editor\" data-id=\"ac1c914\" data-element_type=\"widget\" data-e-type=\"widget\" data-widget_type=\"text-editor.default\">\n\t\t\t\t<div class=\"elementor-widget-container\">\n\t\t\t\t\t\t\t\t\t\n\n<div style=\"width: 1200px;\" class=\"wp-video\"><video class=\"wp-video-shortcode\" id=\"video-1378-1\" width=\"1200\" height=\"675\" preload=\"metadata\" controls=\"controls\"><source type=\"video\/mp4\" src=\"https:\/\/tecofash.erasmus.site\/wp-content\/uploads\/2024\/02\/R2_CSR-Activities_IT.mp4?_=1\" \/><a href=\"https:\/\/tecofash.erasmus.site\/wp-content\/uploads\/2024\/02\/R2_CSR-Activities_IT.mp4\">https:\/\/tecofash.erasmus.site\/wp-content\/uploads\/2024\/02\/R2_CSR-Activities_IT.mp4<\/a><\/video><\/div>\n\n\t\t\t\t\t\t\t\t<\/div>\n\t\t\t\t<\/div>\n\t\t\t\t<div class=\"elementor-element elementor-element-e465389 elementor-widget elementor-widget-learnpress_list_courses\" data-id=\"e465389\" data-element_type=\"widget\" data-e-type=\"widget\" data-widget_type=\"learnpress_list_courses.default\">\n\t\t\t\t<div class=\"elementor-widget-container\">\n\t\t\t\t\t\t\t\t<div class=\"lp-archive-courses\">\r\n\t\t\t\t<ul class=\"learn-press-courses lp-list-courses-no-css\" data-layout=\"grid\"\r\n\t\t\t\t\tdata-size=\"10\">\r\n\t\t\t\t\t<li class=\"course\"><div class=\"course-item\" data-id=\"1665\"><div class=\"course-thumbnail\"><a href=\"https:\/\/tecofash.erasmus.site\/it\/courses\/0-introduction-to-the-topic-csr-activities-focused-on-external-actions-attracting-young-people-and-business-to-the-fashion-industry\/\"><div class=\"course-img\"><img decoding=\"async\" src=\"https:\/\/tecofash.erasmus.site\/wp-content\/uploads\/2023\/11\/r2-500x300.jpg\" alt=\"course thumbnail\"><\/div><\/a><\/div><div class=\"course-content\"><h3 class=\"wap-course-title\"><a class=\"course-permalink\" href=\"https:\/\/tecofash.erasmus.site\/it\/courses\/0-introduction-to-the-topic-csr-activities-focused-on-external-actions-attracting-young-people-and-business-to-the-fashion-industry\/\"><span class='course-title'>0. Introduzione all&#8217;argomento: Attivit\u00e0 di CSR incentrate su azioni esterne che attraggono i giovani e le imprese verso l&#8217;industria della moda<\/span><\/a><\/h3><div class=\"course-instructor-category\"><div><label>by<\/label> <div class=\"course-instructor\"><a href=\"https:\/\/tecofash.erasmus.site\/it\/instructor\/admindc\/\"  > <span class=\"instructor-display-name\">admindc<\/span><\/a><\/div><\/div><div><label>in<\/label> <div class=\"course-categories\"><a href=\"https:\/\/tecofash.erasmus.site\/it\/course-category\/tp2\/\" >Training Package 2<\/a><\/div><\/div><\/div><div class=\"course-wrap-meta\"><div class=\"meta-item meta-item-duration\"><span class=\"course-duration\">Lifetime<\/span><\/div><div class=\"meta-item meta-item-level\"><span class=\"course-level\">All levels<\/span><\/div><div class=\"meta-item meta-item-lesson\"><div class=\"course-count-item lp_lesson\">5 Lessons<\/div><\/div><div class=\"meta-item meta-item-quiz\"><div class=\"course-count-item lp_quiz\">0 Quizzes<\/div><\/div><div class=\"meta-item meta-item-student\"><div class=\"course-count-student\">0 Students<\/div><\/div><\/div><p class=\"course-short-description\">0. Introduzione all&#8217;argomento: Attivit\u00e0 di CSR incentrate su azioni esterne che attraggono i giovani e le imprese verso l&#8217;industria della&hellip;&nbsp;<\/p><div class=\"course-info\"><span class=\"course-price\"><span class=\"course-item-price\"><span class=\"free\">Free<\/span><\/span><\/span><div class=\"course-readmore\"><a href=\"https:\/\/tecofash.erasmus.site\/it\/courses\/0-introduction-to-the-topic-csr-activities-focused-on-external-actions-attracting-young-people-and-business-to-the-fashion-industry\/\">Start Learning<\/a><\/div><\/div><\/div><\/div><\/li><li class=\"course\"><div class=\"course-item\" data-id=\"971\"><div class=\"course-thumbnail\"><a href=\"https:\/\/tecofash.erasmus.site\/it\/courses\/module-1-challenges-and-human-resources-in-fashion-industry\/\"><div class=\"course-img\"><img decoding=\"async\" src=\"https:\/\/tecofash.erasmus.site\/wp-content\/uploads\/2023\/11\/1-1-500x300.png\" alt=\"course thumbnail\"><\/div><\/a><\/div><div class=\"course-content\"><h3 class=\"wap-course-title\"><a class=\"course-permalink\" href=\"https:\/\/tecofash.erasmus.site\/it\/courses\/module-1-challenges-and-human-resources-in-fashion-industry\/\"><span class='course-title'>Modulo 1: Sfide e risorse umane nel settore della moda<\/span><\/a><\/h3><div class=\"course-instructor-category\"><div><label>by<\/label> <div class=\"course-instructor\"><a href=\"https:\/\/tecofash.erasmus.site\/it\/instructor\/admindc\/\"  > <span class=\"instructor-display-name\">admindc<\/span><\/a><\/div><\/div><div><label>in<\/label> <div class=\"course-categories\"><a href=\"https:\/\/tecofash.erasmus.site\/it\/course-category\/tp2\/\" >Training Package 2<\/a><\/div><\/div><\/div><div class=\"course-wrap-meta\"><div class=\"meta-item meta-item-duration\"><span class=\"course-duration\">Lifetime<\/span><\/div><div class=\"meta-item meta-item-level\"><span class=\"course-level\">All levels<\/span><\/div><div class=\"meta-item meta-item-lesson\"><div class=\"course-count-item lp_lesson\">34 Lessons<\/div><\/div><div class=\"meta-item meta-item-quiz\"><div class=\"course-count-item lp_quiz\">0 Quizzes<\/div><\/div><div class=\"meta-item meta-item-student\"><div class=\"course-count-student\">0 Students<\/div><\/div><\/div><p class=\"course-short-description\">Il settore della vendita al dettaglio di moda ha subito notevoli cambiamenti negli ultimi anni. Al giorno d&#8217;oggi, la moda&hellip;&nbsp;<\/p><div class=\"course-info\"><span class=\"course-price\"><span class=\"course-item-price\"><span class=\"free\">Free<\/span><\/span><\/span><div class=\"course-readmore\"><a href=\"https:\/\/tecofash.erasmus.site\/it\/courses\/module-1-challenges-and-human-resources-in-fashion-industry\/\">Start Learning<\/a><\/div><\/div><\/div><\/div><\/li><li class=\"course\"><div class=\"course-item\" data-id=\"1123\"><div class=\"course-thumbnail\"><a href=\"https:\/\/tecofash.erasmus.site\/it\/courses\/module-2-sustainable-business-management-in-the-fashion-industry\/\"><div class=\"course-img\"><img decoding=\"async\" src=\"https:\/\/tecofash.erasmus.site\/wp-content\/uploads\/2023\/11\/2-1-500x300.png\" alt=\"course thumbnail\"><\/div><\/a><\/div><div class=\"course-content\"><h3 class=\"wap-course-title\"><a class=\"course-permalink\" href=\"https:\/\/tecofash.erasmus.site\/it\/courses\/module-2-sustainable-business-management-in-the-fashion-industry\/\"><span class='course-title'>Modulo 2: Gestione aziendale sostenibile nel settore della moda<\/span><\/a><\/h3><div class=\"course-instructor-category\"><div><label>by<\/label> <div class=\"course-instructor\"><a href=\"https:\/\/tecofash.erasmus.site\/it\/instructor\/admindc\/\"  > <span class=\"instructor-display-name\">admindc<\/span><\/a><\/div><\/div><div><label>in<\/label> <div class=\"course-categories\"><a href=\"https:\/\/tecofash.erasmus.site\/it\/course-category\/tp2\/\" >Training Package 2<\/a><\/div><\/div><\/div><div class=\"course-wrap-meta\"><div class=\"meta-item meta-item-duration\"><span class=\"course-duration\">Lifetime<\/span><\/div><div class=\"meta-item meta-item-level\"><span class=\"course-level\">All levels<\/span><\/div><div class=\"meta-item meta-item-lesson\"><div class=\"course-count-item lp_lesson\">32 Lessons<\/div><\/div><div class=\"meta-item meta-item-quiz\"><div class=\"course-count-item lp_quiz\">0 Quizzes<\/div><\/div><div class=\"meta-item meta-item-student\"><div class=\"course-count-student\">0 Students<\/div><\/div><\/div><p class=\"course-short-description\">L&#8217;obiettivo del modulo &#8220;Gestione aziendale sostenibile nell&#8217;industria della moda&#8221; \u00e8 quello di introdurre i discenti a questo importante concetto, che&hellip;&nbsp;<\/p><div class=\"course-info\"><span class=\"course-price\"><span class=\"course-item-price\"><span class=\"free\">Free<\/span><\/span><\/span><div class=\"course-readmore\"><a href=\"https:\/\/tecofash.erasmus.site\/it\/courses\/module-2-sustainable-business-management-in-the-fashion-industry\/\">Start Learning<\/a><\/div><\/div><\/div><\/div><\/li><li class=\"course\"><div class=\"course-item\" data-id=\"1213\"><div class=\"course-thumbnail\"><a href=\"https:\/\/tecofash.erasmus.site\/it\/courses\/module-3-lean-management-and-supply-chain-in-fashion-industry\/\"><div class=\"course-img\"><img decoding=\"async\" src=\"https:\/\/tecofash.erasmus.site\/wp-content\/uploads\/2023\/11\/3-1-500x300.png\" alt=\"course thumbnail\"><\/div><\/a><\/div><div class=\"course-content\"><h3 class=\"wap-course-title\"><a class=\"course-permalink\" href=\"https:\/\/tecofash.erasmus.site\/it\/courses\/module-3-lean-management-and-supply-chain-in-fashion-industry\/\"><span class='course-title'>Modulo 3: Gestione LEAN e supply chain nel settore della moda.<\/span><\/a><\/h3><div class=\"course-instructor-category\"><div><label>by<\/label> <div class=\"course-instructor\"><a href=\"https:\/\/tecofash.erasmus.site\/it\/instructor\/admindc\/\"  > <span class=\"instructor-display-name\">admindc<\/span><\/a><\/div><\/div><div><label>in<\/label> <div class=\"course-categories\"><a href=\"https:\/\/tecofash.erasmus.site\/it\/course-category\/tp2\/\" >Training Package 2<\/a><\/div><\/div><\/div><div class=\"course-wrap-meta\"><div class=\"meta-item meta-item-duration\"><span class=\"course-duration\">Lifetime<\/span><\/div><div class=\"meta-item meta-item-level\"><span class=\"course-level\">All levels<\/span><\/div><div class=\"meta-item meta-item-lesson\"><div class=\"course-count-item lp_lesson\">23 Lessons<\/div><\/div><div class=\"meta-item meta-item-quiz\"><div class=\"course-count-item lp_quiz\">0 Quizzes<\/div><\/div><div class=\"meta-item meta-item-student\"><div class=\"course-count-student\">0 Students<\/div><\/div><\/div><p class=\"course-short-description\">Il Lean Management, la gestione snella \u00e8 una filosofia aziendale che si concentra sull&#8217;identificazione e l&#8217;eliminazione degli sprechi in tutti&hellip;&nbsp;<\/p><div class=\"course-info\"><span class=\"course-price\"><span class=\"course-item-price\"><span class=\"free\">Free<\/span><\/span><\/span><div class=\"course-readmore\"><a href=\"https:\/\/tecofash.erasmus.site\/it\/courses\/module-3-lean-management-and-supply-chain-in-fashion-industry\/\">Start Learning<\/a><\/div><\/div><\/div><\/div><\/li><li class=\"course\"><div class=\"course-item\" data-id=\"1269\"><div class=\"course-thumbnail\"><a href=\"https:\/\/tecofash.erasmus.site\/it\/courses\/module-4-sustainability-and-innovative-leadership-in-fashion-industry\/\"><div class=\"course-img\"><img decoding=\"async\" src=\"https:\/\/tecofash.erasmus.site\/wp-content\/uploads\/2023\/11\/4-1-500x300.png\" alt=\"course thumbnail\"><\/div><\/a><\/div><div class=\"course-content\"><h3 class=\"wap-course-title\"><a class=\"course-permalink\" href=\"https:\/\/tecofash.erasmus.site\/it\/courses\/module-4-sustainability-and-innovative-leadership-in-fashion-industry\/\"><span class='course-title'>Modulo 4: Sostenibilit\u00e0 e leadership innovativa nel settore della moda.<\/span><\/a><\/h3><div class=\"course-instructor-category\"><div><label>by<\/label> <div class=\"course-instructor\"><a href=\"https:\/\/tecofash.erasmus.site\/it\/instructor\/admindc\/\"  > <span class=\"instructor-display-name\">admindc<\/span><\/a><\/div><\/div><div><label>in<\/label> <div class=\"course-categories\"><a href=\"https:\/\/tecofash.erasmus.site\/it\/course-category\/tp2\/\" >Training Package 2<\/a><\/div><\/div><\/div><div class=\"course-wrap-meta\"><div class=\"meta-item meta-item-duration\"><span class=\"course-duration\">Lifetime<\/span><\/div><div class=\"meta-item meta-item-level\"><span class=\"course-level\">All levels<\/span><\/div><div class=\"meta-item meta-item-lesson\"><div class=\"course-count-item lp_lesson\">42 Lessons<\/div><\/div><div class=\"meta-item meta-item-quiz\"><div class=\"course-count-item lp_quiz\">0 Quizzes<\/div><\/div><div class=\"meta-item meta-item-student\"><div class=\"course-count-student\">0 Students<\/div><\/div><\/div><p class=\"course-short-description\">La consapevolezza dei problemi ambientali e la necessit\u00e0 di conservare le risorse naturali per garantire le generazioni future hanno portato,&hellip;&nbsp;<\/p><div class=\"course-info\"><span class=\"course-price\"><span class=\"course-item-price\"><span class=\"free\">Free<\/span><\/span><\/span><div class=\"course-readmore\"><a href=\"https:\/\/tecofash.erasmus.site\/it\/courses\/module-4-sustainability-and-innovative-leadership-in-fashion-industry\/\">Start Learning<\/a><\/div><\/div><\/div><\/div><\/li><li class=\"course\"><div class=\"course-item\" data-id=\"1398\"><div class=\"course-thumbnail\"><a href=\"https:\/\/tecofash.erasmus.site\/it\/courses\/module-5-cultural-change-digital-economy-and-e-commerce-in-fashion-industry\/\"><div class=\"course-img\"><img decoding=\"async\" src=\"https:\/\/tecofash.erasmus.site\/wp-content\/uploads\/2023\/11\/5-1-500x300.png\" alt=\"course thumbnail\"><\/div><\/a><\/div><div class=\"course-content\"><h3 class=\"wap-course-title\"><a class=\"course-permalink\" href=\"https:\/\/tecofash.erasmus.site\/it\/courses\/module-5-cultural-change-digital-economy-and-e-commerce-in-fashion-industry\/\"><span class='course-title'>Modulo 5: Cambiamenti culturali, economia digitale e commercio digitale nell&#8217;industria della moda<\/span><\/a><\/h3><div class=\"course-instructor-category\"><div><label>by<\/label> <div class=\"course-instructor\"><a href=\"https:\/\/tecofash.erasmus.site\/it\/instructor\/admindc\/\"  > <span class=\"instructor-display-name\">admindc<\/span><\/a><\/div><\/div><div><label>in<\/label> <div class=\"course-categories\"><a href=\"https:\/\/tecofash.erasmus.site\/it\/course-category\/tp2\/\" >Training Package 2<\/a><\/div><\/div><\/div><div class=\"course-wrap-meta\"><div class=\"meta-item meta-item-duration\"><span class=\"course-duration\">Lifetime<\/span><\/div><div class=\"meta-item meta-item-level\"><span class=\"course-level\">All levels<\/span><\/div><div class=\"meta-item meta-item-lesson\"><div class=\"course-count-item lp_lesson\">32 Lessons<\/div><\/div><div class=\"meta-item meta-item-quiz\"><div class=\"course-count-item lp_quiz\">0 Quizzes<\/div><\/div><div class=\"meta-item meta-item-student\"><div class=\"course-count-student\">0 Students<\/div><\/div><\/div><p class=\"course-short-description\">Il settore della moda \u00e8 in continua trasformazione. Ci\u00f2 che era una tendenza relativamente recente pu\u00f2 essere fuori moda oggi.&hellip;&nbsp;<\/p><div class=\"course-info\"><span class=\"course-price\"><span class=\"course-item-price\"><span class=\"free\">Free<\/span><\/span><\/span><div class=\"course-readmore\"><a href=\"https:\/\/tecofash.erasmus.site\/it\/courses\/module-5-cultural-change-digital-economy-and-e-commerce-in-fashion-industry\/\">Start Learning<\/a><\/div><\/div><\/div><\/div><\/li><li class=\"course\"><div class=\"course-item\" data-id=\"1551\"><div class=\"course-thumbnail\"><a href=\"https:\/\/tecofash.erasmus.site\/it\/courses\/module-6-corporate-social-responsibility-in-the-fashion-industry\/\"><div class=\"course-img\"><img decoding=\"async\" src=\"https:\/\/tecofash.erasmus.site\/wp-content\/uploads\/2023\/11\/6-500x300.png\" alt=\"course thumbnail\"><\/div><\/a><\/div><div class=\"course-content\"><h3 class=\"wap-course-title\"><a class=\"course-permalink\" href=\"https:\/\/tecofash.erasmus.site\/it\/courses\/module-6-corporate-social-responsibility-in-the-fashion-industry\/\"><span class='course-title'>Modulo 6: Responsabilit\u00e0 sociale d&#8217;impresa nel settore della moda<\/span><\/a><\/h3><div class=\"course-instructor-category\"><div><label>by<\/label> <div class=\"course-instructor\"><a href=\"https:\/\/tecofash.erasmus.site\/it\/instructor\/admindc\/\"  > <span class=\"instructor-display-name\">admindc<\/span><\/a><\/div><\/div><div><label>in<\/label> <div class=\"course-categories\"><a href=\"https:\/\/tecofash.erasmus.site\/it\/course-category\/tp2\/\" >Training Package 2<\/a><\/div><\/div><\/div><div class=\"course-wrap-meta\"><div class=\"meta-item meta-item-duration\"><span class=\"course-duration\">Lifetime<\/span><\/div><div class=\"meta-item meta-item-level\"><span class=\"course-level\">All levels<\/span><\/div><div class=\"meta-item meta-item-lesson\"><div class=\"course-count-item lp_lesson\">33 Lessons<\/div><\/div><div class=\"meta-item meta-item-quiz\"><div class=\"course-count-item lp_quiz\">0 Quizzes<\/div><\/div><div class=\"meta-item meta-item-student\"><div class=\"course-count-student\">0 Students<\/div><\/div><\/div><p class=\"course-short-description\">L&#8217;obiettivo del modulo &#8220;Responsabilit\u00e0 sociale d&#8217;impresa nell&#8217;industria della moda&#8221; \u00e8 quello di introdurre i discenti al concetto di responsabilit\u00e0 di&hellip;&nbsp;<\/p><div class=\"course-info\"><span class=\"course-price\"><span class=\"course-item-price\"><span class=\"free\">Free<\/span><\/span><\/span><div class=\"course-readmore\"><a href=\"https:\/\/tecofash.erasmus.site\/it\/courses\/module-6-corporate-social-responsibility-in-the-fashion-industry\/\">Start Learning<\/a><\/div><\/div><\/div><\/div><\/li>\t\t\t\t<\/ul>\r\n\t\t\t<\/div>\r\n\t\t\t\t\t\t\t<\/div>\n\t\t\t\t<\/div>\n\t\t\t\t\t<\/div>\n\t\t<\/div>\n\t\t\t\t\t<\/div>\n\t\t<\/section>\n\t\t\t\t<\/div>\n\t\t","protected":false},"excerpt":{"rendered":"<p>Training Package 2: Management sostenibile e digitale di una azienda di moda Training Package 2admindc0. Introduction to the topic: CSR&hellip;&nbsp;<\/p>\n","protected":false},"author":1,"featured_media":0,"parent":503,"menu_order":0,"comment_status":"closed","ping_status":"closed","template":"page-templates\/template-pagebuilder-full-width.php","meta":{"neve_meta_sidebar":"","neve_meta_container":"","neve_meta_enable_content_width":"off","neve_meta_content_width":100,"neve_meta_title_alignment":"","neve_meta_author_avatar":"","neve_post_elements_order":"","neve_meta_disable_header":"","neve_meta_disable_footer":"","neve_meta_disable_title":"","footnotes":""},"class_list":["post-1378","page","type-page","status-publish","hentry"],"_links":{"self":[{"href":"https:\/\/tecofash.erasmus.site\/it\/wp-json\/wp\/v2\/pages\/1378","targetHints":{"allow":["GET"]}}],"collection":[{"href":"https:\/\/tecofash.erasmus.site\/it\/wp-json\/wp\/v2\/pages"}],"about":[{"href":"https:\/\/tecofash.erasmus.site\/it\/wp-json\/wp\/v2\/types\/page"}],"author":[{"embeddable":true,"href":"https:\/\/tecofash.erasmus.site\/it\/wp-json\/wp\/v2\/users\/1"}],"replies":[{"embeddable":true,"href":"https:\/\/tecofash.erasmus.site\/it\/wp-json\/wp\/v2\/comments?post=1378"}],"version-history":[{"count":49,"href":"https:\/\/tecofash.erasmus.site\/it\/wp-json\/wp\/v2\/pages\/1378\/revisions"}],"predecessor-version":[{"id":3795,"href":"https:\/\/tecofash.erasmus.site\/it\/wp-json\/wp\/v2\/pages\/1378\/revisions\/3795"}],"up":[{"embeddable":true,"href":"https:\/\/tecofash.erasmus.site\/it\/wp-json\/wp\/v2\/pages\/503"}],"wp:attachment":[{"href":"https:\/\/tecofash.erasmus.site\/it\/wp-json\/wp\/v2\/media?parent=1378"}],"curies":[{"name":"wp","href":"https:\/\/api.w.org\/{rel}","templated":true}]}}