{"id":503,"date":"2023-11-03T13:02:03","date_gmt":"2023-11-03T13:02:03","guid":{"rendered":"https:\/\/tecofash.erasmus.site\/?page_id=503"},"modified":"2024-03-01T10:43:29","modified_gmt":"2024-03-01T10:43:29","slug":"platform","status":"publish","type":"page","link":"https:\/\/tecofash.erasmus.site\/it\/project-results\/platform\/","title":{"rendered":"Piattaforma"},"content":{"rendered":"\t\t<div data-elementor-type=\"wp-page\" data-elementor-id=\"503\" class=\"elementor elementor-503\">\n\t\t\t\t\t\t<section class=\"elementor-section elementor-top-section elementor-element elementor-element-5f69da0 elementor-section-boxed elementor-section-height-default elementor-section-height-default\" data-id=\"5f69da0\" data-element_type=\"section\" data-e-type=\"section\" data-settings=\"{&quot;background_background&quot;:&quot;classic&quot;}\">\n\t\t\t\t\t\t\t<div class=\"elementor-background-overlay\"><\/div>\n\t\t\t\t\t\t\t<div class=\"elementor-container elementor-column-gap-default\">\n\t\t\t\t\t<div class=\"elementor-column elementor-col-100 elementor-top-column elementor-element elementor-element-97466be\" data-id=\"97466be\" data-element_type=\"column\" data-e-type=\"column\" data-settings=\"{&quot;background_background&quot;:&quot;classic&quot;}\">\n\t\t\t<div class=\"elementor-widget-wrap elementor-element-populated\">\n\t\t\t\t\t<div class=\"elementor-background-overlay\"><\/div>\n\t\t\t\t\t\t<div class=\"elementor-element elementor-element-ab20f80 elementor-widget elementor-widget-heading\" data-id=\"ab20f80\" data-element_type=\"widget\" data-e-type=\"widget\" data-widget_type=\"heading.default\">\n\t\t\t\t<div class=\"elementor-widget-container\">\n\t\t\t\t\t<h2 class=\"elementor-heading-title elementor-size-default\">Benvenuti sulla piattaforma cooperativa online TECOFASH!<\/h2>\t\t\t\t<\/div>\n\t\t\t\t<\/div>\n\t\t\t\t<div class=\"elementor-element elementor-element-adee94e elementor-widget elementor-widget-text-editor\" data-id=\"adee94e\" data-element_type=\"widget\" data-e-type=\"widget\" data-widget_type=\"text-editor.default\">\n\t\t\t\t<div class=\"elementor-widget-container\">\n\t\t\t\t\t\t\t\t\t<\/p>\n<\/p>\n\n<\/p>\nUn corso a sostegno delle giovani generazioni e delle PMI del settore della moda per sensibilizzarle sulla necessit\u00e0 di una trasformazione digitale e ambientale, aumentando al contempo la loro capacit\u00e0 di innovazione nel settore della moda. Che siate un piccolo marchio di moda appena avviato, un designer che cerca di farsi strada sul mercato, un dipendente dell&#8217;industria della moda o una persona che sta cercando di entrarvi, i contenuti che abbiamo sviluppato sono per voi!\n\nVi permetteranno di saperne di pi\u00f9 su moda e sostenibilit\u00e0, di fare scelte migliori per la vostra attivit\u00e0 e di aiutarvi a costruire un futuro sostenibile sia per il pianeta che per i suoi abitanti.\n\nSiamo qui per attirare le giovani generazioni nel settore della moda! Per far capire loro le tendenze e i nuovi concetti. Siamo qui per sostenere gli imprenditori affinch\u00e9 continuino a impegnarsi per rispondere alle sfide ambientali e sociali e per raggiungere competitivit\u00e0 e sostenibilit\u00e0.\n<p style=\"text-align: right;\">Cambiare il settore della moda in meglio!<\/p>\n<\/p>\n<\/p>\t\t\t\t\t\t\t\t<\/div>\n\t\t\t\t<\/div>\n\t\t\t\t<div class=\"elementor-element elementor-element-5236b18 elementor-widget elementor-widget-heading\" data-id=\"5236b18\" data-element_type=\"widget\" data-e-type=\"widget\" data-widget_type=\"heading.default\">\n\t\t\t\t<div class=\"elementor-widget-container\">\n\t\t\t\t\t<h2 class=\"elementor-heading-title elementor-size-default\">Continua alla 3 sezioni:<\/h2>\t\t\t\t<\/div>\n\t\t\t\t<\/div>\n\t\t\t\t<section class=\"elementor-section elementor-inner-section elementor-element elementor-element-e0dd245 elementor-section-boxed elementor-section-height-default elementor-section-height-default\" data-id=\"e0dd245\" data-element_type=\"section\" data-e-type=\"section\">\n\t\t\t\t\t\t<div class=\"elementor-container elementor-column-gap-default\">\n\t\t\t\t\t<div class=\"elementor-column elementor-col-33 elementor-inner-column elementor-element elementor-element-4742790\" data-id=\"4742790\" data-element_type=\"column\" data-e-type=\"column\">\n\t\t\t<div class=\"elementor-widget-wrap elementor-element-populated\">\n\t\t\t\t\t\t<div class=\"elementor-element elementor-element-7e23a34 elementor-widget elementor-widget-image\" data-id=\"7e23a34\" data-element_type=\"widget\" data-e-type=\"widget\" data-widget_type=\"image.default\">\n\t\t\t\t<div class=\"elementor-widget-container\">\n\t\t\t\t\t\t\t\t\t\t\t\t\t\t\t<img fetchpriority=\"high\" decoding=\"async\" width=\"300\" height=\"300\" src=\"https:\/\/tecofash.erasmus.site\/wp-content\/uploads\/2022\/04\/pr1-300x300.png\" class=\"attachment-medium size-medium wp-image-182\" alt=\"\" srcset=\"https:\/\/tecofash.erasmus.site\/wp-content\/uploads\/2022\/04\/pr1.png 300w, https:\/\/tecofash.erasmus.site\/wp-content\/uploads\/2022\/04\/pr1-150x150.png 150w, https:\/\/tecofash.erasmus.site\/wp-content\/uploads\/2022\/04\/pr1-75x75.png 75w\" sizes=\"(max-width: 300px) 100vw, 300px\" \/>\t\t\t\t\t\t\t\t\t\t\t\t\t\t\t<\/div>\n\t\t\t\t<\/div>\n\t\t\t\t<div class=\"elementor-element elementor-element-ba40aa2 elementor-widget elementor-widget-heading\" data-id=\"ba40aa2\" data-element_type=\"widget\" data-e-type=\"widget\" data-widget_type=\"heading.default\">\n\t\t\t\t<div class=\"elementor-widget-container\">\n\t\t\t\t\t<h2 class=\"elementor-heading-title elementor-size-medium\">Training Package 1: \nProcessi di produzione sostenibili e digitali\u200b<\/h2>\t\t\t\t<\/div>\n\t\t\t\t<\/div>\n\t\t\t\t<div class=\"elementor-element elementor-element-b3c64bb elementor-align-center elementor-widget elementor-widget-button\" data-id=\"b3c64bb\" data-element_type=\"widget\" data-e-type=\"widget\" data-widget_type=\"button.default\">\n\t\t\t\t<div class=\"elementor-widget-container\">\n\t\t\t\t\t\t\t\t\t<div class=\"elementor-button-wrapper\">\n\t\t\t\t\t<a class=\"elementor-button elementor-button-link elementor-size-sm\" href=\"https:\/\/tecofash.erasmus.site\/project-results\/platform\/tp1\/\" target=\"_blank\">\n\t\t\t\t\t\t<span class=\"elementor-button-content-wrapper\">\n\t\t\t\t\t\t\t\t\t<span class=\"elementor-button-text\">Aprire<\/span>\n\t\t\t\t\t<\/span>\n\t\t\t\t\t<\/a>\n\t\t\t\t<\/div>\n\t\t\t\t\t\t\t\t<\/div>\n\t\t\t\t<\/div>\n\t\t\t\t\t<\/div>\n\t\t<\/div>\n\t\t\t\t<div class=\"elementor-column elementor-col-33 elementor-inner-column elementor-element elementor-element-34ecc43\" data-id=\"34ecc43\" data-element_type=\"column\" data-e-type=\"column\">\n\t\t\t<div class=\"elementor-widget-wrap elementor-element-populated\">\n\t\t\t\t\t\t<div class=\"elementor-element elementor-element-dcef2c2 elementor-widget elementor-widget-image\" data-id=\"dcef2c2\" data-element_type=\"widget\" data-e-type=\"widget\" data-widget_type=\"image.default\">\n\t\t\t\t<div class=\"elementor-widget-container\">\n\t\t\t\t\t\t\t\t\t\t\t\t\t\t\t<img decoding=\"async\" width=\"300\" height=\"300\" src=\"https:\/\/tecofash.erasmus.site\/wp-content\/uploads\/2022\/04\/pr2-300x300.png\" class=\"attachment-medium size-medium wp-image-183\" alt=\"\" srcset=\"https:\/\/tecofash.erasmus.site\/wp-content\/uploads\/2022\/04\/pr2.png 300w, https:\/\/tecofash.erasmus.site\/wp-content\/uploads\/2022\/04\/pr2-150x150.png 150w, https:\/\/tecofash.erasmus.site\/wp-content\/uploads\/2022\/04\/pr2-75x75.png 75w\" sizes=\"(max-width: 300px) 100vw, 300px\" \/>\t\t\t\t\t\t\t\t\t\t\t\t\t\t\t<\/div>\n\t\t\t\t<\/div>\n\t\t\t\t<div class=\"elementor-element elementor-element-04fc9e7 elementor-widget elementor-widget-heading\" data-id=\"04fc9e7\" data-element_type=\"widget\" data-e-type=\"widget\" data-widget_type=\"heading.default\">\n\t\t\t\t<div class=\"elementor-widget-container\">\n\t\t\t\t\t<h2 class=\"elementor-heading-title elementor-size-medium\">Training Package 2:<\/br> Management sostenibile e digitale di una azienda di moda<\/h2>\t\t\t\t<\/div>\n\t\t\t\t<\/div>\n\t\t\t\t<div class=\"elementor-element elementor-element-d0e3dc1 elementor-align-center elementor-widget elementor-widget-button\" data-id=\"d0e3dc1\" data-element_type=\"widget\" data-e-type=\"widget\" data-widget_type=\"button.default\">\n\t\t\t\t<div class=\"elementor-widget-container\">\n\t\t\t\t\t\t\t\t\t<div class=\"elementor-button-wrapper\">\n\t\t\t\t\t<a class=\"elementor-button elementor-button-link elementor-size-sm\" href=\"https:\/\/tecofash.erasmus.site\/project-results\/platform\/tp2\/\" target=\"_blank\">\n\t\t\t\t\t\t<span class=\"elementor-button-content-wrapper\">\n\t\t\t\t\t\t\t\t\t<span class=\"elementor-button-text\">Aprire<\/span>\n\t\t\t\t\t<\/span>\n\t\t\t\t\t<\/a>\n\t\t\t\t<\/div>\n\t\t\t\t\t\t\t\t<\/div>\n\t\t\t\t<\/div>\n\t\t\t\t\t<\/div>\n\t\t<\/div>\n\t\t\t\t<div class=\"elementor-column elementor-col-33 elementor-inner-column elementor-element elementor-element-2521200\" data-id=\"2521200\" data-element_type=\"column\" data-e-type=\"column\">\n\t\t\t<div class=\"elementor-widget-wrap elementor-element-populated\">\n\t\t\t\t\t\t<div class=\"elementor-element elementor-element-6bae92a elementor-widget elementor-widget-image\" data-id=\"6bae92a\" data-element_type=\"widget\" data-e-type=\"widget\" data-widget_type=\"image.default\">\n\t\t\t\t<div class=\"elementor-widget-container\">\n\t\t\t\t\t\t\t\t\t\t\t\t\t\t\t<img decoding=\"async\" width=\"300\" height=\"300\" src=\"https:\/\/tecofash.erasmus.site\/wp-content\/uploads\/2023\/11\/10782862_19199279-300x300.jpg\" class=\"attachment-medium size-medium wp-image-533\" alt=\"\" srcset=\"https:\/\/tecofash.erasmus.site\/wp-content\/uploads\/2023\/11\/10782862_19199279-300x300.jpg 300w, https:\/\/tecofash.erasmus.site\/wp-content\/uploads\/2023\/11\/10782862_19199279-1024x1024.jpg 1024w, https:\/\/tecofash.erasmus.site\/wp-content\/uploads\/2023\/11\/10782862_19199279-150x150.jpg 150w, https:\/\/tecofash.erasmus.site\/wp-content\/uploads\/2023\/11\/10782862_19199279-768x768.jpg 768w, https:\/\/tecofash.erasmus.site\/wp-content\/uploads\/2023\/11\/10782862_19199279-1536x1536.jpg 1536w, https:\/\/tecofash.erasmus.site\/wp-content\/uploads\/2023\/11\/10782862_19199279-2048x2048.jpg 2048w\" sizes=\"(max-width: 300px) 100vw, 300px\" \/>\t\t\t\t\t\t\t\t\t\t\t\t\t\t\t<\/div>\n\t\t\t\t<\/div>\n\t\t\t\t<div class=\"elementor-element elementor-element-64f5fc1 elementor-widget elementor-widget-heading\" data-id=\"64f5fc1\" data-element_type=\"widget\" data-e-type=\"widget\" data-widget_type=\"heading.default\">\n\t\t\t\t<div class=\"elementor-widget-container\">\n\t\t\t\t\t<h2 class=\"elementor-heading-title elementor-size-medium\">Moduli sociali<\/h2>\t\t\t\t<\/div>\n\t\t\t\t<\/div>\n\t\t\t\t<div class=\"elementor-element elementor-element-b261386 elementor-widget elementor-widget-spacer\" data-id=\"b261386\" data-element_type=\"widget\" data-e-type=\"widget\" data-widget_type=\"spacer.default\">\n\t\t\t\t<div class=\"elementor-widget-container\">\n\t\t\t\t\t\t\t<div class=\"elementor-spacer\">\n\t\t\t<div class=\"elementor-spacer-inner\"><\/div>\n\t\t<\/div>\n\t\t\t\t\t\t<\/div>\n\t\t\t\t<\/div>\n\t\t\t\t<div class=\"elementor-element elementor-element-03fffc3 elementor-align-center elementor-widget elementor-widget-button\" data-id=\"03fffc3\" data-element_type=\"widget\" data-e-type=\"widget\" data-widget_type=\"button.default\">\n\t\t\t\t<div class=\"elementor-widget-container\">\n\t\t\t\t\t\t\t\t\t<div class=\"elementor-button-wrapper\">\n\t\t\t\t\t<a class=\"elementor-button elementor-button-link elementor-size-sm\" href=\"https:\/\/tecofash.erasmus.site\/social-modules\/\" target=\"_blank\">\n\t\t\t\t\t\t<span class=\"elementor-button-content-wrapper\">\n\t\t\t\t\t\t\t\t\t<span class=\"elementor-button-text\">Aprire<\/span>\n\t\t\t\t\t<\/span>\n\t\t\t\t\t<\/a>\n\t\t\t\t<\/div>\n\t\t\t\t\t\t\t\t<\/div>\n\t\t\t\t<\/div>\n\t\t\t\t\t<\/div>\n\t\t<\/div>\n\t\t\t\t\t<\/div>\n\t\t<\/section>\n\t\t\t\t\t<\/div>\n\t\t<\/div>\n\t\t\t\t\t<\/div>\n\t\t<\/section>\n\t\t\t\t<\/div>\n\t\t","protected":false},"excerpt":{"rendered":"<p>Benvenuti sulla piattaforma cooperativa online TECOFASH! Un corso a sostegno delle giovani generazioni e delle PMI del settore della moda&hellip;&nbsp;<\/p>\n","protected":false},"author":1,"featured_media":0,"parent":172,"menu_order":0,"comment_status":"closed","ping_status":"closed","template":"page-templates\/template-pagebuilder-full-width.php","meta":{"neve_meta_sidebar":"","neve_meta_container":"","neve_meta_enable_content_width":"off","neve_meta_content_width":100,"neve_meta_title_alignment":"","neve_meta_author_avatar":"","neve_post_elements_order":"","neve_meta_disable_header":"","neve_meta_disable_footer":"","neve_meta_disable_title":"","footnotes":""},"class_list":["post-503","page","type-page","status-publish","hentry"],"_links":{"self":[{"href":"https:\/\/tecofash.erasmus.site\/it\/wp-json\/wp\/v2\/pages\/503","targetHints":{"allow":["GET"]}}],"collection":[{"href":"https:\/\/tecofash.erasmus.site\/it\/wp-json\/wp\/v2\/pages"}],"about":[{"href":"https:\/\/tecofash.erasmus.site\/it\/wp-json\/wp\/v2\/types\/page"}],"author":[{"embeddable":true,"href":"https:\/\/tecofash.erasmus.site\/it\/wp-json\/wp\/v2\/users\/1"}],"replies":[{"embeddable":true,"href":"https:\/\/tecofash.erasmus.site\/it\/wp-json\/wp\/v2\/comments?post=503"}],"version-history":[{"count":88,"href":"https:\/\/tecofash.erasmus.site\/it\/wp-json\/wp\/v2\/pages\/503\/revisions"}],"predecessor-version":[{"id":3784,"href":"https:\/\/tecofash.erasmus.site\/it\/wp-json\/wp\/v2\/pages\/503\/revisions\/3784"}],"up":[{"embeddable":true,"href":"https:\/\/tecofash.erasmus.site\/it\/wp-json\/wp\/v2\/pages\/172"}],"wp:attachment":[{"href":"https:\/\/tecofash.erasmus.site\/it\/wp-json\/wp\/v2\/media?parent=503"}],"curies":[{"name":"wp","href":"https:\/\/api.w.org\/{rel}","templated":true}]}}