{"id":60,"date":"2022-04-16T11:02:45","date_gmt":"2022-04-16T11:02:45","guid":{"rendered":"https:\/\/tecofash.erasmus.site\/?page_id=60"},"modified":"2022-07-13T10:29:49","modified_gmt":"2022-07-13T10:29:49","slug":"about-the-project","status":"publish","type":"page","link":"https:\/\/tecofash.erasmus.site\/it\/about-the-project\/","title":{"rendered":"Informazioni sul progetto"},"content":{"rendered":"\t\t<div data-elementor-type=\"wp-page\" data-elementor-id=\"60\" class=\"elementor elementor-60\">\n\t\t\t\t\t\t<section class=\"elementor-section elementor-top-section elementor-element elementor-element-187c4e55 elementor-section-boxed elementor-section-height-default elementor-section-height-default\" data-id=\"187c4e55\" data-element_type=\"section\" data-e-type=\"section\">\n\t\t\t\t\t\t<div class=\"elementor-container elementor-column-gap-default\">\n\t\t\t\t\t<div class=\"elementor-column elementor-col-50 elementor-top-column elementor-element elementor-element-4cf8fdf1\" data-id=\"4cf8fdf1\" data-element_type=\"column\" data-e-type=\"column\">\n\t\t\t<div class=\"elementor-widget-wrap elementor-element-populated\">\n\t\t\t\t\t\t<div class=\"elementor-element elementor-element-5bd339f8 elementor-widget elementor-widget-text-editor\" data-id=\"5bd339f8\" data-element_type=\"widget\" data-e-type=\"widget\" data-widget_type=\"text-editor.default\">\n\t\t\t\t<div class=\"elementor-widget-container\">\n\t\t\t\t\t\t\t\t\t<p><\/p><p><\/p><p>TECOFASH \u00e8 composto da 7 partner provenienti da 5 paesi dell&#8217;UE.<\/p><p>L&#8217;obiettivo principale di TECOFASH \u00e8 quello di contribuire ad un&#8217;industria della moda europea competitiva e sostenibile.<\/p><p>Il progetto si concentra sull&#8217;ampliamento della capacit\u00e0 dei professionisti delle PMI e delle start-up di trasformare il loro business verso modelli di business circolari, e verso l&#8217;innovazione ambientale e sostenibile come risultato della cooperazione e della formazione transnazionale e intergenerazionale. La nostra formazione considera come chiave per la sostenibilit\u00e0 la tripla linea di fondo della teoria di Elkington: l&#8217;economico, il sociale e l&#8217;ambientale.<\/p><p>In dettaglio, TECOFASH si presenta come una proposta che affronta 3 obiettivi specifici.<\/p><p>Obiettivo specifico 1: Creare consapevolezza nell\u2019imprenditore di moda esperto, sulla sua necessit\u00e0 di adattamento e innovazione, per una transizione verso nuovi modelli di business sostenibili.<\/p><p>Obiettivo specifico 2: Sviluppo di nuove competenze per giovani e disoccupati, per applicare schemi circolari e digitali innovativi al settore della moda.<\/p><p>Obiettivo specifico 3: Collaborazione intergenerazionale e apprendimento tra pari tra questi due gruppi target, in modo che entrambi possano beneficiare di pi\u00f9 alti livelli di conoscenza, contribuendo anche ad attrarre una nuova generazione di forza lavoro nel settore.<\/p><p>TECOFASH si basa sulla condivisione delle conoscenze e sull&#8217;apprendimento tra pari per le parti interessate del settore della moda, in modo che queste diverse parti possano migliorare le loro competenze in termini di innovazione dei modelli di business, economia circolare, integrazione dei canali e innovazione dei processi, cooperazione e networking, miglioramento digitale, sostenibilit\u00e0 e responsabilit\u00e0 sociale delle imprese (CSR), sviluppo personale, creativit\u00e0 e spirito imprenditoriale, tra gli altri.<\/p><p>Per rispondere a questa sfida, la proposta di formazione TECOFASH si concentra su due pilastri:<\/p><p>&#8211; Processi produttivi sostenibili e digitali, che affrontano gli aspetti tecnici e operativi legati alla progettazione, produzione e distribuzione dei prodotti di moda, per esempio come ridurre il consumo di acqua o prendersi cura delle materie prime utilizzate.<\/p><p>&#8211; Gestione sostenibile e digitale di un&#8217;azienda di moda, per esplorare come trasformare l&#8217;intero sistema di gestione in un ciclo circolare e responsabile, includendo per esempio sistemi di gestione cooperativa basati sulla responsabilit\u00e0 umana e sociale.<\/p><p><\/li><\/ul><p><\/li><\/ul><p><\/li><\/ul><p><\/li><\/ul>\t\t\t\t\t\t\t\t<\/div>\n\t\t\t\t<\/div>\n\t\t\t\t\t<\/div>\n\t\t<\/div>\n\t\t\t\t<div class=\"elementor-column elementor-col-50 elementor-top-column elementor-element elementor-element-c94ec8d\" data-id=\"c94ec8d\" data-element_type=\"column\" data-e-type=\"column\">\n\t\t\t<div class=\"elementor-widget-wrap elementor-element-populated\">\n\t\t\t\t\t\t<div class=\"elementor-element elementor-element-cc2be00 elementor-widget elementor-widget-image\" data-id=\"cc2be00\" data-element_type=\"widget\" data-e-type=\"widget\" data-widget_type=\"image.default\">\n\t\t\t\t<div class=\"elementor-widget-container\">\n\t\t\t\t\t\t\t\t\t\t\t\t\t\t\t<img fetchpriority=\"high\" decoding=\"async\" width=\"720\" height=\"720\" src=\"https:\/\/tecofash.erasmus.site\/wp-content\/uploads\/2022\/04\/Obraz1.jpg\" class=\"attachment-large size-large wp-image-38\" alt=\"\" srcset=\"https:\/\/tecofash.erasmus.site\/wp-content\/uploads\/2022\/04\/Obraz1.jpg 720w, https:\/\/tecofash.erasmus.site\/wp-content\/uploads\/2022\/04\/Obraz1-300x300.jpg 300w, https:\/\/tecofash.erasmus.site\/wp-content\/uploads\/2022\/04\/Obraz1-150x150.jpg 150w\" sizes=\"(max-width: 720px) 100vw, 720px\" \/>\t\t\t\t\t\t\t\t\t\t\t\t\t\t\t<\/div>\n\t\t\t\t<\/div>\n\t\t\t\t\t<\/div>\n\t\t<\/div>\n\t\t\t\t\t<\/div>\n\t\t<\/section>\n\t\t\t\t<\/div>\n\t\t","protected":false},"excerpt":{"rendered":"<p>TECOFASH \u00e8 composto da 7 partner provenienti da 5 paesi dell&#8217;UE. L&#8217;obiettivo principale di TECOFASH \u00e8 quello di contribuire ad&hellip;&nbsp;<\/p>\n","protected":false},"author":1,"featured_media":0,"parent":0,"menu_order":0,"comment_status":"closed","ping_status":"closed","template":"","meta":{"neve_meta_sidebar":"","neve_meta_container":"","neve_meta_enable_content_width":"off","neve_meta_content_width":100,"neve_meta_title_alignment":"","neve_meta_author_avatar":"","neve_post_elements_order":"","neve_meta_disable_header":"","neve_meta_disable_footer":"","neve_meta_disable_title":"","footnotes":""},"class_list":["post-60","page","type-page","status-publish","hentry"],"_links":{"self":[{"href":"https:\/\/tecofash.erasmus.site\/it\/wp-json\/wp\/v2\/pages\/60","targetHints":{"allow":["GET"]}}],"collection":[{"href":"https:\/\/tecofash.erasmus.site\/it\/wp-json\/wp\/v2\/pages"}],"about":[{"href":"https:\/\/tecofash.erasmus.site\/it\/wp-json\/wp\/v2\/types\/page"}],"author":[{"embeddable":true,"href":"https:\/\/tecofash.erasmus.site\/it\/wp-json\/wp\/v2\/users\/1"}],"replies":[{"embeddable":true,"href":"https:\/\/tecofash.erasmus.site\/it\/wp-json\/wp\/v2\/comments?post=60"}],"version-history":[{"count":42,"href":"https:\/\/tecofash.erasmus.site\/it\/wp-json\/wp\/v2\/pages\/60\/revisions"}],"predecessor-version":[{"id":437,"href":"https:\/\/tecofash.erasmus.site\/it\/wp-json\/wp\/v2\/pages\/60\/revisions\/437"}],"wp:attachment":[{"href":"https:\/\/tecofash.erasmus.site\/it\/wp-json\/wp\/v2\/media?parent=60"}],"curies":[{"name":"wp","href":"https:\/\/api.w.org\/{rel}","templated":true}]}}