{"id":13,"date":"2022-04-16T10:21:12","date_gmt":"2022-04-16T10:21:12","guid":{"rendered":"https:\/\/tecofash.erasmus.site\/?page_id=13"},"modified":"2022-07-13T10:28:43","modified_gmt":"2022-07-13T10:28:43","slug":"home","status":"publish","type":"page","link":"https:\/\/tecofash.erasmus.site\/lt\/","title":{"rendered":"Pagrindinis"},"content":{"rendered":"\t\t<div data-elementor-type=\"wp-page\" data-elementor-id=\"13\" class=\"elementor elementor-13\">\n\t\t\t\t\t\t<section class=\"elementor-section elementor-top-section elementor-element elementor-element-a72bc6f elementor-section-boxed elementor-section-height-default elementor-section-height-default\" data-id=\"a72bc6f\" data-element_type=\"section\" data-e-type=\"section\">\n\t\t\t\t\t\t<div class=\"elementor-container elementor-column-gap-default\">\n\t\t\t\t\t<div class=\"elementor-column elementor-col-100 elementor-top-column elementor-element elementor-element-310b5b1\" data-id=\"310b5b1\" data-element_type=\"column\" data-e-type=\"column\">\n\t\t\t<div class=\"elementor-widget-wrap elementor-element-populated\">\n\t\t\t\t\t\t<div class=\"elementor-element elementor-element-47a7d3f elementor-widget elementor-widget-image\" data-id=\"47a7d3f\" data-element_type=\"widget\" data-e-type=\"widget\" data-widget_type=\"image.default\">\n\t\t\t\t<div class=\"elementor-widget-container\">\n\t\t\t\t\t\t\t\t\t\t\t\t\t\t\t<img fetchpriority=\"high\" decoding=\"async\" width=\"768\" height=\"452\" src=\"https:\/\/tecofash.erasmus.site\/wp-content\/uploads\/2022\/07\/TECOFASH-LOGO-BLACK-768x452.png\" class=\"attachment-medium_large size-medium_large wp-image-321\" alt=\"\" srcset=\"https:\/\/tecofash.erasmus.site\/wp-content\/uploads\/2022\/07\/TECOFASH-LOGO-BLACK-768x452.png 768w, https:\/\/tecofash.erasmus.site\/wp-content\/uploads\/2022\/07\/TECOFASH-LOGO-BLACK-300x177.png 300w, https:\/\/tecofash.erasmus.site\/wp-content\/uploads\/2022\/07\/TECOFASH-LOGO-BLACK-1024x603.png 1024w, https:\/\/tecofash.erasmus.site\/wp-content\/uploads\/2022\/07\/TECOFASH-LOGO-BLACK-1536x905.png 1536w, https:\/\/tecofash.erasmus.site\/wp-content\/uploads\/2022\/07\/TECOFASH-LOGO-BLACK-2048x1206.png 2048w\" sizes=\"(max-width: 768px) 100vw, 768px\" \/>\t\t\t\t\t\t\t\t\t\t\t\t\t\t\t<\/div>\n\t\t\t\t<\/div>\n\t\t\t\t\t<\/div>\n\t\t<\/div>\n\t\t\t\t\t<\/div>\n\t\t<\/section>\n\t\t\t\t<section class=\"elementor-section elementor-top-section elementor-element elementor-element-302e8d0 elementor-section-height-min-height elementor-section-boxed elementor-section-height-default elementor-section-items-middle\" data-id=\"302e8d0\" data-element_type=\"section\" data-e-type=\"section\" data-settings=\"{&quot;background_background&quot;:&quot;classic&quot;}\">\n\t\t\t\t\t\t\t<div class=\"elementor-background-overlay\"><\/div>\n\t\t\t\t\t\t\t<div class=\"elementor-container elementor-column-gap-default\">\n\t\t\t\t\t<div class=\"elementor-column elementor-col-50 elementor-top-column elementor-element elementor-element-93d2f01\" data-id=\"93d2f01\" data-element_type=\"column\" data-e-type=\"column\" data-settings=\"{&quot;background_background&quot;:&quot;classic&quot;}\">\n\t\t\t<div class=\"elementor-widget-wrap elementor-element-populated\">\n\t\t\t\t\t\t<div class=\"elementor-element elementor-element-86510fc elementor-widget elementor-widget-heading\" data-id=\"86510fc\" data-element_type=\"widget\" data-e-type=\"widget\" data-widget_type=\"heading.default\">\n\t\t\t\t<div class=\"elementor-widget-container\">\n\t\t\t\t\t<h2 class=\"elementor-heading-title elementor-size-default\">TECOFASH<\/h2>\t\t\t\t<\/div>\n\t\t\t\t<\/div>\n\t\t\t\t<div class=\"elementor-element elementor-element-4e3408d elementor-widget elementor-widget-heading\" data-id=\"4e3408d\" data-element_type=\"widget\" data-e-type=\"widget\" data-widget_type=\"heading.default\">\n\t\t\t\t<div class=\"elementor-widget-container\">\n\t\t\t\t\t<h2 class=\"elementor-heading-title elementor-size-medium\">Strategin\u0117 partneryst\u0117, skatinanti \u0161vietim\u0105 mados sektoriaus per\u0117jimui prie skaitmeninio ir tvaraus verslo modeli\u0173<\/h2>\t\t\t\t<\/div>\n\t\t\t\t<\/div>\n\t\t\t\t<div class=\"elementor-element elementor-element-c3379a0 elementor-widget elementor-widget-text-editor\" data-id=\"c3379a0\" data-element_type=\"widget\" data-e-type=\"widget\" data-widget_type=\"text-editor.default\">\n\t\t\t\t<div class=\"elementor-widget-container\">\n\t\t\t\t\t\t\t\t\t<p>Projekto numeris: 2021-1-PL01-KA220-VET000034636<br \/>Projekto trukm\u0117: 01.01.2022 &#8211; 01.01.2024<\/p>\t\t\t\t\t\t\t\t<\/div>\n\t\t\t\t<\/div>\n\t\t\t\t\t<\/div>\n\t\t<\/div>\n\t\t\t\t<div class=\"elementor-column elementor-col-50 elementor-top-column elementor-element elementor-element-400962a\" data-id=\"400962a\" data-element_type=\"column\" data-e-type=\"column\">\n\t\t\t<div class=\"elementor-widget-wrap elementor-element-populated\">\n\t\t\t\t\t\t<div class=\"elementor-element elementor-element-aa6197a elementor-widget elementor-widget-text-editor\" data-id=\"aa6197a\" data-element_type=\"widget\" data-e-type=\"widget\" data-widget_type=\"text-editor.default\">\n\t\t\t\t<div class=\"elementor-widget-container\">\n\t\t\t\t\t\t\t\t\t<p><\/p><p>TECOFASH yra 7 partneriai i\u0161 5 ES \u0161ali\u0173.<\/p><p>Pagrindinis TECOFASH tikslas \u2013 prisid\u0117ti prie konkurencingos ir tvarios Europos mados industrijos.<\/p><p>Projektas orientuojasi \u012f profesional\u0173, dirban\u010di\u0173 MV\u012e ir startuoliuose, geb\u0117jimus perorientuoti versl\u0105 link \u017eiedini\u0173 verslo modeli\u0173 bei aplinkosaugini\u0173 ir tvari\u0173 inovacij\u0173, tai pasiekiant per bendradarbiavim\u0105 ir mokym\u0105 tarp skirting kart\u0173 bei tautybi\u0173. M\u016bs\u0173 mokymai atsi\u017evelgia \u012f tris pamatinius Elkington teorijos principus: ekonomin\u012f, socialin\u012f ir aplinkosaugin\u012f, kurie yra esminiai tvarumui.<\/p><p><\/p><p><\/p>\t\t\t\t\t\t\t\t<\/div>\n\t\t\t\t<\/div>\n\t\t\t\t\t<\/div>\n\t\t<\/div>\n\t\t\t\t\t<\/div>\n\t\t<\/section>\n\t\t\t\t<section class=\"elementor-section elementor-top-section elementor-element elementor-element-b4436af elementor-section-boxed elementor-section-height-default elementor-section-height-default\" data-id=\"b4436af\" data-element_type=\"section\" data-e-type=\"section\" data-settings=\"{&quot;background_background&quot;:&quot;classic&quot;}\">\n\t\t\t\t\t\t\t<div class=\"elementor-background-overlay\"><\/div>\n\t\t\t\t\t\t\t<div class=\"elementor-container elementor-column-gap-default\">\n\t\t\t\t\t<div class=\"elementor-column elementor-col-100 elementor-top-column elementor-element elementor-element-b2d572e\" data-id=\"b2d572e\" data-element_type=\"column\" data-e-type=\"column\">\n\t\t\t<div class=\"elementor-widget-wrap elementor-element-populated\">\n\t\t\t\t\t\t<div class=\"elementor-element elementor-element-1c1c6b1 elementor-arrows-position-inside elementor-pagination-position-outside elementor-widget elementor-widget-image-carousel\" data-id=\"1c1c6b1\" data-element_type=\"widget\" data-e-type=\"widget\" data-settings=\"{&quot;navigation&quot;:&quot;both&quot;,&quot;autoplay&quot;:&quot;yes&quot;,&quot;pause_on_hover&quot;:&quot;yes&quot;,&quot;pause_on_interaction&quot;:&quot;yes&quot;,&quot;autoplay_speed&quot;:5000,&quot;infinite&quot;:&quot;yes&quot;,&quot;speed&quot;:500}\" data-widget_type=\"image-carousel.default\">\n\t\t\t\t<div class=\"elementor-widget-container\">\n\t\t\t\t\t\t\t<div class=\"elementor-image-carousel-wrapper swiper\" role=\"region\" aria-roledescription=\"carousel\" aria-label=\"Image Carousel\" dir=\"ltr\">\n\t\t\t<div class=\"elementor-image-carousel swiper-wrapper\" aria-live=\"off\">\n\t\t\t\t\t\t\t\t<div class=\"swiper-slide\" role=\"group\" aria-roledescription=\"slide\" aria-label=\"1 of 7\"><a data-elementor-open-lightbox=\"yes\" data-elementor-lightbox-slideshow=\"1c1c6b1\" data-elementor-lightbox-title=\"rig\" data-e-action-hash=\"#elementor-action%3Aaction%3Dlightbox%26settings%3DeyJpZCI6OTgsInVybCI6Imh0dHBzOlwvXC90ZWNvZmFzaC5lcmFzbXVzLnNpdGVcL3dwLWNvbnRlbnRcL3VwbG9hZHNcLzIwMjJcLzA0XC9yaWcucG5nIiwic2xpZGVzaG93IjoiMWMxYzZiMSJ9\" href=\"https:\/\/tecofash.erasmus.site\/partnership\/\"><figure class=\"swiper-slide-inner\"><img decoding=\"async\" class=\"swiper-slide-image\" src=\"https:\/\/tecofash.erasmus.site\/wp-content\/uploads\/2022\/04\/rig-300x300.png\" alt=\"rig\" \/><\/figure><\/a><\/div><div class=\"swiper-slide\" role=\"group\" aria-roledescription=\"slide\" aria-label=\"2 of 7\"><a data-elementor-open-lightbox=\"yes\" data-elementor-lightbox-slideshow=\"1c1c6b1\" data-elementor-lightbox-title=\"cwep\" data-e-action-hash=\"#elementor-action%3Aaction%3Dlightbox%26settings%3DeyJpZCI6MTAyLCJ1cmwiOiJodHRwczpcL1wvdGVjb2Zhc2guZXJhc211cy5zaXRlXC93cC1jb250ZW50XC91cGxvYWRzXC8yMDIyXC8wNFwvY3dlcC5wbmciLCJzbGlkZXNob3ciOiIxYzFjNmIxIn0%3D\" href=\"https:\/\/tecofash.erasmus.site\/partnership\/\"><figure class=\"swiper-slide-inner\"><img decoding=\"async\" class=\"swiper-slide-image\" src=\"https:\/\/tecofash.erasmus.site\/wp-content\/uploads\/2022\/04\/cwep-300x300.png\" alt=\"cwep\" \/><\/figure><\/a><\/div><div class=\"swiper-slide\" role=\"group\" aria-roledescription=\"slide\" aria-label=\"3 of 7\"><a data-elementor-open-lightbox=\"yes\" data-elementor-lightbox-slideshow=\"1c1c6b1\" data-elementor-lightbox-title=\"ied\" data-e-action-hash=\"#elementor-action%3Aaction%3Dlightbox%26settings%3DeyJpZCI6MTA3LCJ1cmwiOiJodHRwczpcL1wvdGVjb2Zhc2guZXJhc211cy5zaXRlXC93cC1jb250ZW50XC91cGxvYWRzXC8yMDIyXC8wNFwvaWVkLnBuZyIsInNsaWRlc2hvdyI6IjFjMWM2YjEifQ%3D%3D\" href=\"https:\/\/tecofash.erasmus.site\/partnership\/\"><figure class=\"swiper-slide-inner\"><img decoding=\"async\" class=\"swiper-slide-image\" src=\"https:\/\/tecofash.erasmus.site\/wp-content\/uploads\/2022\/04\/ied-300x300.png\" alt=\"ied\" \/><\/figure><\/a><\/div><div class=\"swiper-slide\" role=\"group\" aria-roledescription=\"slide\" aria-label=\"4 of 7\"><a data-elementor-open-lightbox=\"yes\" data-elementor-lightbox-slideshow=\"1c1c6b1\" data-elementor-lightbox-title=\"latia\" data-e-action-hash=\"#elementor-action%3Aaction%3Dlightbox%26settings%3DeyJpZCI6MTEyLCJ1cmwiOiJodHRwczpcL1wvdGVjb2Zhc2guZXJhc211cy5zaXRlXC93cC1jb250ZW50XC91cGxvYWRzXC8yMDIyXC8wNFwvbGF0aWEucG5nIiwic2xpZGVzaG93IjoiMWMxYzZiMSJ9\" href=\"https:\/\/tecofash.erasmus.site\/partnership\/\"><figure class=\"swiper-slide-inner\"><img decoding=\"async\" class=\"swiper-slide-image\" src=\"https:\/\/tecofash.erasmus.site\/wp-content\/uploads\/2022\/04\/latia-300x300.png\" alt=\"latia\" \/><\/figure><\/a><\/div><div class=\"swiper-slide\" role=\"group\" aria-roledescription=\"slide\" aria-label=\"5 of 7\"><a data-elementor-open-lightbox=\"yes\" data-elementor-lightbox-slideshow=\"1c1c6b1\" data-elementor-lightbox-title=\"lotto\" data-e-action-hash=\"#elementor-action%3Aaction%3Dlightbox%26settings%3DeyJpZCI6MTE2LCJ1cmwiOiJodHRwczpcL1wvdGVjb2Zhc2guZXJhc211cy5zaXRlXC93cC1jb250ZW50XC91cGxvYWRzXC8yMDIyXC8wNFwvbG90dG8ucG5nIiwic2xpZGVzaG93IjoiMWMxYzZiMSJ9\" href=\"https:\/\/tecofash.erasmus.site\/partnership\/\"><figure class=\"swiper-slide-inner\"><img decoding=\"async\" class=\"swiper-slide-image\" src=\"https:\/\/tecofash.erasmus.site\/wp-content\/uploads\/2022\/04\/lotto-300x300.png\" alt=\"lotto\" \/><\/figure><\/a><\/div><div class=\"swiper-slide\" role=\"group\" aria-roledescription=\"slide\" aria-label=\"6 of 7\"><a data-elementor-open-lightbox=\"yes\" data-elementor-lightbox-slideshow=\"1c1c6b1\" data-elementor-lightbox-title=\"meus\" data-e-action-hash=\"#elementor-action%3Aaction%3Dlightbox%26settings%3DeyJpZCI6MTIwLCJ1cmwiOiJodHRwczpcL1wvdGVjb2Zhc2guZXJhc211cy5zaXRlXC93cC1jb250ZW50XC91cGxvYWRzXC8yMDIyXC8wNFwvbWV1cy5wbmciLCJzbGlkZXNob3ciOiIxYzFjNmIxIn0%3D\" href=\"https:\/\/tecofash.erasmus.site\/partnership\/\"><figure class=\"swiper-slide-inner\"><img decoding=\"async\" class=\"swiper-slide-image\" src=\"https:\/\/tecofash.erasmus.site\/wp-content\/uploads\/2022\/04\/meus-300x300.png\" alt=\"meus\" \/><\/figure><\/a><\/div><div class=\"swiper-slide\" role=\"group\" aria-roledescription=\"slide\" aria-label=\"7 of 7\"><a data-elementor-open-lightbox=\"yes\" data-elementor-lightbox-slideshow=\"1c1c6b1\" data-elementor-lightbox-title=\"wici\" data-e-action-hash=\"#elementor-action%3Aaction%3Dlightbox%26settings%3DeyJpZCI6MTI1LCJ1cmwiOiJodHRwczpcL1wvdGVjb2Zhc2guZXJhc211cy5zaXRlXC93cC1jb250ZW50XC91cGxvYWRzXC8yMDIyXC8wNFwvd2ljaS5wbmciLCJzbGlkZXNob3ciOiIxYzFjNmIxIn0%3D\" href=\"https:\/\/tecofash.erasmus.site\/partnership\/\"><figure class=\"swiper-slide-inner\"><img decoding=\"async\" class=\"swiper-slide-image\" src=\"https:\/\/tecofash.erasmus.site\/wp-content\/uploads\/2022\/04\/wici-300x300.png\" alt=\"wici\" \/><\/figure><\/a><\/div>\t\t\t<\/div>\n\t\t\t\t\t\t\t\t\t\t\t\t<div class=\"elementor-swiper-button elementor-swiper-button-prev\" role=\"button\" tabindex=\"0\">\n\t\t\t\t\t\t<i aria-hidden=\"true\" class=\"eicon-chevron-left\"><\/i>\t\t\t\t\t<\/div>\n\t\t\t\t\t<div class=\"elementor-swiper-button elementor-swiper-button-next\" role=\"button\" tabindex=\"0\">\n\t\t\t\t\t\t<i aria-hidden=\"true\" class=\"eicon-chevron-right\"><\/i>\t\t\t\t\t<\/div>\n\t\t\t\t\n\t\t\t\t\t\t\t\t\t<div class=\"swiper-pagination\"><\/div>\n\t\t\t\t\t\t\t\t\t<\/div>\n\t\t\t\t\t\t<\/div>\n\t\t\t\t<\/div>\n\t\t\t\t\t<\/div>\n\t\t<\/div>\n\t\t\t\t\t<\/div>\n\t\t<\/section>\n\t\t\t\t<\/div>\n\t\t","protected":false},"excerpt":{"rendered":"<p>TECOFASH Strategin\u0117 partneryst\u0117, skatinanti \u0161vietim\u0105 mados sektoriaus per\u0117jimui prie skaitmeninio ir tvaraus verslo modeli\u0173 Projekto numeris: 2021-1-PL01-KA220-VET000034636Projekto trukm\u0117: 01.01.2022 &#8211;&hellip;&nbsp;<\/p>\n","protected":false},"author":1,"featured_media":0,"parent":0,"menu_order":0,"comment_status":"closed","ping_status":"closed","template":"page-templates\/template-pagebuilder-full-width.php","meta":{"neve_meta_sidebar":"","neve_meta_container":"full-width","neve_meta_enable_content_width":"off","neve_meta_content_width":100,"neve_meta_title_alignment":"","neve_meta_author_avatar":"","neve_post_elements_order":"","neve_meta_disable_header":"","neve_meta_disable_footer":"","neve_meta_disable_title":"on","footnotes":""},"class_list":["post-13","page","type-page","status-publish","hentry"],"_links":{"self":[{"href":"https:\/\/tecofash.erasmus.site\/lt\/wp-json\/wp\/v2\/pages\/13","targetHints":{"allow":["GET"]}}],"collection":[{"href":"https:\/\/tecofash.erasmus.site\/lt\/wp-json\/wp\/v2\/pages"}],"about":[{"href":"https:\/\/tecofash.erasmus.site\/lt\/wp-json\/wp\/v2\/types\/page"}],"author":[{"embeddable":true,"href":"https:\/\/tecofash.erasmus.site\/lt\/wp-json\/wp\/v2\/users\/1"}],"replies":[{"embeddable":true,"href":"https:\/\/tecofash.erasmus.site\/lt\/wp-json\/wp\/v2\/comments?post=13"}],"version-history":[{"count":182,"href":"https:\/\/tecofash.erasmus.site\/lt\/wp-json\/wp\/v2\/pages\/13\/revisions"}],"predecessor-version":[{"id":434,"href":"https:\/\/tecofash.erasmus.site\/lt\/wp-json\/wp\/v2\/pages\/13\/revisions\/434"}],"wp:attachment":[{"href":"https:\/\/tecofash.erasmus.site\/lt\/wp-json\/wp\/v2\/media?parent=13"}],"curies":[{"name":"wp","href":"https:\/\/api.w.org\/{rel}","templated":true}]}}