{"id":172,"date":"2022-04-16T12:58:23","date_gmt":"2022-04-16T12:58:23","guid":{"rendered":"https:\/\/tecofash.erasmus.site\/?page_id=172"},"modified":"2024-03-25T11:44:14","modified_gmt":"2024-03-25T11:44:14","slug":"project-results","status":"publish","type":"page","link":"https:\/\/tecofash.erasmus.site\/lt\/project-results\/","title":{"rendered":"Projekto rezultatai"},"content":{"rendered":"\t\t<div data-elementor-type=\"wp-page\" data-elementor-id=\"172\" class=\"elementor elementor-172\">\n\t\t\t\t\t\t<section class=\"elementor-section elementor-top-section elementor-element elementor-element-08a9d72 elementor-section-boxed elementor-section-height-default elementor-section-height-default\" data-id=\"08a9d72\" data-element_type=\"section\" data-e-type=\"section\">\n\t\t\t\t\t\t<div class=\"elementor-container elementor-column-gap-default\">\n\t\t\t\t\t<div class=\"elementor-column elementor-col-100 elementor-top-column elementor-element elementor-element-094d622\" data-id=\"094d622\" data-element_type=\"column\" data-e-type=\"column\">\n\t\t\t<div class=\"elementor-widget-wrap elementor-element-populated\">\n\t\t\t\t\t\t<div class=\"elementor-element elementor-element-a08a325 elementor-widget elementor-widget-text-editor\" data-id=\"a08a325\" data-element_type=\"widget\" data-e-type=\"widget\" data-widget_type=\"text-editor.default\">\n\t\t\t\t<div class=\"elementor-widget-container\">\n\t\t\t\t\t\t\t\t\t<p><\/p><p><\/p><p><\/p><p>Pagrindinis laukiamas rezultatas: tikimasi, kad patyr\u0119 verslininkai didins supratim\u0105 apie skaitmenin\u0117s ir aplinkos transformacijos poreik\u012f, kartu didindami savo inovacij\u0173 paj\u0117gumus. Tikimasi, kad jaunimas ir bedarbiai prapl\u0117s savo praktines \u017einias apie \u0161\u012f svarb\u0173 pramon\u0117s sektori\u0173, gal\u0117s pl\u0117toti naujas \u012fmones \/ rasti nauj\u0173 darbo galimybi\u0173 \u0161ioje srityje, o tai ilgainiui tur\u0117s naudos viso sektoriaus konkurencingumui. TECOFASH projektas, siekdamas \u0161i\u0173 tiksl\u0173, ketina pristatyti mokymo program\u0105, orientuot\u0105 \u012f rezultatus:<\/p><ul><li>Sujungti sektoriaus \u012fmones su jaun\u0105ja karta ir pritraukti \u012f \u0161i\u0105 pramon\u0117s \u0161ak\u0105 naujos talentingos darbo j\u0117gos<\/li><li>Susieti sektoriaus atstovus su mokymo ekspertais,<\/li><li>B\u016bti ai\u0161kus ir atviras, be s\u0105lyg\u0173 ir be suvar\u017eym\u0173,<\/li><li>Sutelkti d\u0117mes\u012f \u012f pagrindin\u012f nustatyt\u0105 \u012fg\u016bd\u017ei\u0173 tr\u016bkum\u0105, t.y. gamybos proces\u0173, skaitmeninius ir ekolognius \u012fg\u016bd\u017eius.<\/li><li>Visapusi\u0161kai i\u0161naudoti skaitmenines technologijas ir virtual\u0173 bendradarbiavim\u0105, kad prisid\u0117tume prie sektoriaus tobulinimo \/ perkvalifikavimo.<\/li><\/ul><p>Tai pasiekiama pateikiant 3 pagrindinius rezultatus:<\/p><p><\/p><p><\/p><p><\/p>\t\t\t\t\t\t\t\t<\/div>\n\t\t\t\t<\/div>\n\t\t\t\t\t<\/div>\n\t\t<\/div>\n\t\t\t\t\t<\/div>\n\t\t<\/section>\n\t\t\t\t<section class=\"elementor-section elementor-top-section elementor-element elementor-element-ec43cca elementor-section-boxed elementor-section-height-default elementor-section-height-default\" data-id=\"ec43cca\" data-element_type=\"section\" data-e-type=\"section\">\n\t\t\t\t\t\t<div class=\"elementor-container elementor-column-gap-default\">\n\t\t\t\t\t<div class=\"elementor-column elementor-col-33 elementor-top-column elementor-element elementor-element-2241a66\" data-id=\"2241a66\" data-element_type=\"column\" data-e-type=\"column\">\n\t\t\t<div class=\"elementor-widget-wrap elementor-element-populated\">\n\t\t\t\t\t\t<div class=\"elementor-element elementor-element-33fb56d elementor-widget elementor-widget-image\" data-id=\"33fb56d\" data-element_type=\"widget\" data-e-type=\"widget\" data-widget_type=\"image.default\">\n\t\t\t\t<div class=\"elementor-widget-container\">\n\t\t\t\t\t\t\t\t\t\t\t\t\t\t\t<img fetchpriority=\"high\" decoding=\"async\" width=\"300\" height=\"300\" src=\"https:\/\/tecofash.erasmus.site\/wp-content\/uploads\/2022\/04\/pr1-300x300.png\" class=\"attachment-medium size-medium wp-image-182\" alt=\"\" srcset=\"https:\/\/tecofash.erasmus.site\/wp-content\/uploads\/2022\/04\/pr1.png 300w, https:\/\/tecofash.erasmus.site\/wp-content\/uploads\/2022\/04\/pr1-150x150.png 150w, https:\/\/tecofash.erasmus.site\/wp-content\/uploads\/2022\/04\/pr1-75x75.png 75w\" sizes=\"(max-width: 300px) 100vw, 300px\" \/>\t\t\t\t\t\t\t\t\t\t\t\t\t\t\t<\/div>\n\t\t\t\t<\/div>\n\t\t\t\t<div class=\"elementor-element elementor-element-9798646 elementor-widget elementor-widget-heading\" data-id=\"9798646\" data-element_type=\"widget\" data-e-type=\"widget\" data-widget_type=\"heading.default\">\n\t\t\t\t<div class=\"elementor-widget-container\">\n\t\t\t\t\t<h2 class=\"elementor-heading-title elementor-size-medium\">R1. Tvar\u016bs ir skaitmeniniai gamybos procesai<\/h2>\t\t\t\t<\/div>\n\t\t\t\t<\/div>\n\t\t\t\t<div class=\"elementor-element elementor-element-6ec69db elementor-widget elementor-widget-text-editor\" data-id=\"6ec69db\" data-element_type=\"widget\" data-e-type=\"widget\" data-widget_type=\"text-editor.default\">\n\t\t\t\t<div class=\"elementor-widget-container\">\n\t\t\t\t\t\t\t\t\t<p>Pirmasis rezultatas skirtas parengti mokymo paket\u0105, skirt\u0105 tiek patyrusiems verslininkams, tiek jaunimui, kurio sud\u0117tingumo lygis yra skirtingas, kad b\u016bt\u0173 patenkinti kiekvieno specifiniai poreikiai pagal technin\u0119 perspektyv\u0105, daugiausia d\u0117mesio skiriant produktams, tar\u0161os \u0161altiniams ir gamybai.<\/p>\t\t\t\t\t\t\t\t<\/div>\n\t\t\t\t<\/div>\n\t\t\t\t<div class=\"elementor-element elementor-element-5381c42 elementor-align-center elementor-widget elementor-widget-button\" data-id=\"5381c42\" data-element_type=\"widget\" data-e-type=\"widget\" data-widget_type=\"button.default\">\n\t\t\t\t<div class=\"elementor-widget-container\">\n\t\t\t\t\t\t\t\t\t<div class=\"elementor-button-wrapper\">\n\t\t\t\t\t<a class=\"elementor-button elementor-size-sm\" role=\"button\">\n\t\t\t\t\t\t<span class=\"elementor-button-content-wrapper\">\n\t\t\t\t\t\t\t\t\t<span class=\"elementor-button-text\">Parsisi\u0173sti<\/span>\n\t\t\t\t\t<\/span>\n\t\t\t\t\t<\/a>\n\t\t\t\t<\/div>\n\t\t\t\t\t\t\t\t<\/div>\n\t\t\t\t<\/div>\n\t\t\t\t<div class=\"elementor-element elementor-element-26ee9ee elementor-align-center elementor-widget elementor-widget-button\" data-id=\"26ee9ee\" data-element_type=\"widget\" data-e-type=\"widget\" data-widget_type=\"button.default\">\n\t\t\t\t<div class=\"elementor-widget-container\">\n\t\t\t\t\t\t\t\t\t<div class=\"elementor-button-wrapper\">\n\t\t\t\t\t<a class=\"elementor-button elementor-button-link elementor-size-sm\" href=\"https:\/\/tecofash.erasmus.site\/wp-content\/uploads\/2024\/03\/TECOFASH_Training-Package-1_Certificate-supplement.pdf\" target=\"_blank\" download=\"\">\n\t\t\t\t\t\t<span class=\"elementor-button-content-wrapper\">\n\t\t\t\t\t\t\t\t\t<span class=\"elementor-button-text\">Europass<\/span>\n\t\t\t\t\t<\/span>\n\t\t\t\t\t<\/a>\n\t\t\t\t<\/div>\n\t\t\t\t\t\t\t\t<\/div>\n\t\t\t\t<\/div>\n\t\t\t\t\t<\/div>\n\t\t<\/div>\n\t\t\t\t<div class=\"elementor-column elementor-col-33 elementor-top-column elementor-element elementor-element-467a526\" data-id=\"467a526\" data-element_type=\"column\" data-e-type=\"column\">\n\t\t\t<div class=\"elementor-widget-wrap elementor-element-populated\">\n\t\t\t\t\t\t<div class=\"elementor-element elementor-element-b9e057c elementor-widget elementor-widget-image\" data-id=\"b9e057c\" data-element_type=\"widget\" data-e-type=\"widget\" data-widget_type=\"image.default\">\n\t\t\t\t<div class=\"elementor-widget-container\">\n\t\t\t\t\t\t\t\t\t\t\t\t\t\t\t<img decoding=\"async\" width=\"300\" height=\"300\" src=\"https:\/\/tecofash.erasmus.site\/wp-content\/uploads\/2022\/04\/pr2.png\" class=\"attachment-large size-large wp-image-183\" alt=\"\" srcset=\"https:\/\/tecofash.erasmus.site\/wp-content\/uploads\/2022\/04\/pr2.png 300w, https:\/\/tecofash.erasmus.site\/wp-content\/uploads\/2022\/04\/pr2-150x150.png 150w, https:\/\/tecofash.erasmus.site\/wp-content\/uploads\/2022\/04\/pr2-75x75.png 75w\" sizes=\"(max-width: 300px) 100vw, 300px\" \/>\t\t\t\t\t\t\t\t\t\t\t\t\t\t\t<\/div>\n\t\t\t\t<\/div>\n\t\t\t\t<div class=\"elementor-element elementor-element-a9767c8 elementor-widget elementor-widget-heading\" data-id=\"a9767c8\" data-element_type=\"widget\" data-e-type=\"widget\" data-widget_type=\"heading.default\">\n\t\t\t\t<div class=\"elementor-widget-container\">\n\t\t\t\t\t<h2 class=\"elementor-heading-title elementor-size-medium\">R2. Tvarus ir skaitmeninis mados \u012fmon\u0117s valdymas<\/h2>\t\t\t\t<\/div>\n\t\t\t\t<\/div>\n\t\t\t\t<div class=\"elementor-element elementor-element-7b841df elementor-widget elementor-widget-text-editor\" data-id=\"7b841df\" data-element_type=\"widget\" data-e-type=\"widget\" data-widget_type=\"text-editor.default\">\n\t\t\t\t<div class=\"elementor-widget-container\">\n\t\t\t\t\t\t\t\t\t<p><\/p><p>Antrasis rezultatas skirtas mokymo paketo, skirto tiek patyrusiems verslininkams, tiek jaunimui, suk\u016brimui ir kurio sud\u0117tingumo lygis yra skirtingas, kad b\u016bt\u0173 patenkinti kiekvieno specifiniai poreikiai. Daugiausia d\u0117mesio bus skiriama vadybiniams ir tarpdisciplininiams aspektams, susijusiems su verslo modeliais ir skaitmeniniu bei taupiu valdymu.<\/p>\t\t\t\t\t\t\t\t<\/div>\n\t\t\t\t<\/div>\n\t\t\t\t<div class=\"elementor-element elementor-element-6211b04 elementor-align-center elementor-widget elementor-widget-button\" data-id=\"6211b04\" data-element_type=\"widget\" data-e-type=\"widget\" data-widget_type=\"button.default\">\n\t\t\t\t<div class=\"elementor-widget-container\">\n\t\t\t\t\t\t\t\t\t<div class=\"elementor-button-wrapper\">\n\t\t\t\t\t<a class=\"elementor-button elementor-size-sm\" role=\"button\">\n\t\t\t\t\t\t<span class=\"elementor-button-content-wrapper\">\n\t\t\t\t\t\t\t\t\t<span class=\"elementor-button-text\">Parsisi\u0173sti<\/span>\n\t\t\t\t\t<\/span>\n\t\t\t\t\t<\/a>\n\t\t\t\t<\/div>\n\t\t\t\t\t\t\t\t<\/div>\n\t\t\t\t<\/div>\n\t\t\t\t<div class=\"elementor-element elementor-element-f4ffe80 elementor-align-center elementor-widget elementor-widget-button\" data-id=\"f4ffe80\" data-element_type=\"widget\" data-e-type=\"widget\" data-widget_type=\"button.default\">\n\t\t\t\t<div class=\"elementor-widget-container\">\n\t\t\t\t\t\t\t\t\t<div class=\"elementor-button-wrapper\">\n\t\t\t\t\t<a class=\"elementor-button elementor-button-link elementor-size-sm\" href=\"https:\/\/tecofash.erasmus.site\/wp-content\/uploads\/2024\/03\/TECOFASH_Training-Package-2_Certificate-supplement.pdf\" target=\"_blank\" download=\"\">\n\t\t\t\t\t\t<span class=\"elementor-button-content-wrapper\">\n\t\t\t\t\t\t\t\t\t<span class=\"elementor-button-text\">Europass<\/span>\n\t\t\t\t\t<\/span>\n\t\t\t\t\t<\/a>\n\t\t\t\t<\/div>\n\t\t\t\t\t\t\t\t<\/div>\n\t\t\t\t<\/div>\n\t\t\t\t\t<\/div>\n\t\t<\/div>\n\t\t\t\t<div class=\"elementor-column elementor-col-33 elementor-top-column elementor-element elementor-element-d1302b8\" data-id=\"d1302b8\" data-element_type=\"column\" data-e-type=\"column\">\n\t\t\t<div class=\"elementor-widget-wrap elementor-element-populated\">\n\t\t\t\t\t\t<div class=\"elementor-element elementor-element-84ebb63 elementor-widget elementor-widget-image\" data-id=\"84ebb63\" data-element_type=\"widget\" data-e-type=\"widget\" data-widget_type=\"image.default\">\n\t\t\t\t<div class=\"elementor-widget-container\">\n\t\t\t\t\t\t\t\t\t\t\t\t\t\t\t\t<a href=\"https:\/\/tecofash.erasmus.site\/project-results\/platform\/\">\n\t\t\t\t\t\t\t<img decoding=\"async\" width=\"300\" height=\"300\" src=\"https:\/\/tecofash.erasmus.site\/wp-content\/uploads\/2022\/04\/pr3.png\" class=\"attachment-large size-large wp-image-184\" alt=\"\" srcset=\"https:\/\/tecofash.erasmus.site\/wp-content\/uploads\/2022\/04\/pr3.png 300w, https:\/\/tecofash.erasmus.site\/wp-content\/uploads\/2022\/04\/pr3-150x150.png 150w, https:\/\/tecofash.erasmus.site\/wp-content\/uploads\/2022\/04\/pr3-75x75.png 75w\" sizes=\"(max-width: 300px) 100vw, 300px\" \/>\t\t\t\t\t\t\t\t<\/a>\n\t\t\t\t\t\t\t\t\t\t\t\t\t\t\t<\/div>\n\t\t\t\t<\/div>\n\t\t\t\t<div class=\"elementor-element elementor-element-cd30981 elementor-widget elementor-widget-heading\" data-id=\"cd30981\" data-element_type=\"widget\" data-e-type=\"widget\" data-widget_type=\"heading.default\">\n\t\t\t\t<div class=\"elementor-widget-container\">\n\t\t\t\t\t<h2 class=\"elementor-heading-title elementor-size-medium\"><a href=\"https:\/\/tecofash.erasmus.site\/project-results\/platform\/\">R3. Internetin\u0117 bendradarbiavimo platforma<\/a><\/h2>\t\t\t\t<\/div>\n\t\t\t\t<\/div>\n\t\t\t\t<div class=\"elementor-element elementor-element-093b19c elementor-widget elementor-widget-text-editor\" data-id=\"093b19c\" data-element_type=\"widget\" data-e-type=\"widget\" data-widget_type=\"text-editor.default\">\n\t\t\t\t<div class=\"elementor-widget-container\">\n\t\t\t\t\t\t\t\t\t<p>\u0160is rezultatas sukuria laukiam\u0105 dialog\u0105 tarp dviej\u0173 tikslini\u0173 grupi\u0173 ir orientuotas \u012f j\u0173 bendradarbiavim\u0105 siekiant sektoriaus inovacij\u0173, bei galutinio tikslo &#8211; pritraukti jaun\u0105j\u0105 kart\u0105 \u012f \u0161\u012f sektori\u0173. Jis skirtas vystyti mokymo platformai, kurioje yra \u012fvair\u016bs mokymo paketai ir socialiniai moduliai, skirti mokymo ir bendradarbiavimo veiklai \u012fgyvendinti. D\u0117l to partneriai tikisi pasiekti reik\u0161ming\u0105 poveik\u012f vietos, o toliau &#8211; nacionaliniu ir Europos lygmenimis, pad\u0117dami mados MV\u012e toliau stengtis spr\u0119sti aplinkos ir visuomen\u0117s i\u0161\u0161\u016bkius ir siekti konkurencingumo bei tvarumo.<\/p>\t\t\t\t\t\t\t\t<\/div>\n\t\t\t\t<\/div>\n\t\t\t\t<div class=\"elementor-element elementor-element-11c3267 elementor-align-center elementor-widget elementor-widget-button\" data-id=\"11c3267\" data-element_type=\"widget\" data-e-type=\"widget\" data-widget_type=\"button.default\">\n\t\t\t\t<div class=\"elementor-widget-container\">\n\t\t\t\t\t\t\t\t\t<div class=\"elementor-button-wrapper\">\n\t\t\t\t\t<a class=\"elementor-button elementor-button-link elementor-size-sm\" href=\"https:\/\/tecofash.erasmus.site\/pl\/project-results\/platform\/\">\n\t\t\t\t\t\t<span class=\"elementor-button-content-wrapper\">\n\t\t\t\t\t\t\t\t\t<span class=\"elementor-button-text\">Atviras<\/span>\n\t\t\t\t\t<\/span>\n\t\t\t\t\t<\/a>\n\t\t\t\t<\/div>\n\t\t\t\t\t\t\t\t<\/div>\n\t\t\t\t<\/div>\n\t\t\t\t\t<\/div>\n\t\t<\/div>\n\t\t\t\t\t<\/div>\n\t\t<\/section>\n\t\t\t\t<\/div>\n\t\t","protected":false},"excerpt":{"rendered":"<p>Pagrindinis laukiamas rezultatas: tikimasi, kad patyr\u0119 verslininkai didins supratim\u0105 apie skaitmenin\u0117s ir aplinkos transformacijos poreik\u012f, kartu didindami savo inovacij\u0173 paj\u0117gumus.&hellip;&nbsp;<\/p>\n","protected":false},"author":1,"featured_media":0,"parent":0,"menu_order":0,"comment_status":"closed","ping_status":"closed","template":"","meta":{"neve_meta_sidebar":"","neve_meta_container":"","neve_meta_enable_content_width":"off","neve_meta_content_width":100,"neve_meta_title_alignment":"","neve_meta_author_avatar":"","neve_post_elements_order":"","neve_meta_disable_header":"","neve_meta_disable_footer":"","neve_meta_disable_title":"","footnotes":""},"class_list":["post-172","page","type-page","status-publish","hentry"],"_links":{"self":[{"href":"https:\/\/tecofash.erasmus.site\/lt\/wp-json\/wp\/v2\/pages\/172","targetHints":{"allow":["GET"]}}],"collection":[{"href":"https:\/\/tecofash.erasmus.site\/lt\/wp-json\/wp\/v2\/pages"}],"about":[{"href":"https:\/\/tecofash.erasmus.site\/lt\/wp-json\/wp\/v2\/types\/page"}],"author":[{"embeddable":true,"href":"https:\/\/tecofash.erasmus.site\/lt\/wp-json\/wp\/v2\/users\/1"}],"replies":[{"embeddable":true,"href":"https:\/\/tecofash.erasmus.site\/lt\/wp-json\/wp\/v2\/comments?post=172"}],"version-history":[{"count":106,"href":"https:\/\/tecofash.erasmus.site\/lt\/wp-json\/wp\/v2\/pages\/172\/revisions"}],"predecessor-version":[{"id":3871,"href":"https:\/\/tecofash.erasmus.site\/lt\/wp-json\/wp\/v2\/pages\/172\/revisions\/3871"}],"wp:attachment":[{"href":"https:\/\/tecofash.erasmus.site\/lt\/wp-json\/wp\/v2\/media?parent=172"}],"curies":[{"name":"wp","href":"https:\/\/api.w.org\/{rel}","templated":true}]}}