{"id":60,"date":"2022-04-16T11:02:45","date_gmt":"2022-04-16T11:02:45","guid":{"rendered":"https:\/\/tecofash.erasmus.site\/?page_id=60"},"modified":"2022-07-13T10:29:49","modified_gmt":"2022-07-13T10:29:49","slug":"about-the-project","status":"publish","type":"page","link":"https:\/\/tecofash.erasmus.site\/lt\/about-the-project\/","title":{"rendered":"Apie projekt\u0105"},"content":{"rendered":"\t\t<div data-elementor-type=\"wp-page\" data-elementor-id=\"60\" class=\"elementor elementor-60\">\n\t\t\t\t\t\t<section class=\"elementor-section elementor-top-section elementor-element elementor-element-187c4e55 elementor-section-boxed elementor-section-height-default elementor-section-height-default\" data-id=\"187c4e55\" data-element_type=\"section\" data-e-type=\"section\">\n\t\t\t\t\t\t<div class=\"elementor-container elementor-column-gap-default\">\n\t\t\t\t\t<div class=\"elementor-column elementor-col-50 elementor-top-column elementor-element elementor-element-4cf8fdf1\" data-id=\"4cf8fdf1\" data-element_type=\"column\" data-e-type=\"column\">\n\t\t\t<div class=\"elementor-widget-wrap elementor-element-populated\">\n\t\t\t\t\t\t<div class=\"elementor-element elementor-element-5bd339f8 elementor-widget elementor-widget-text-editor\" data-id=\"5bd339f8\" data-element_type=\"widget\" data-e-type=\"widget\" data-widget_type=\"text-editor.default\">\n\t\t\t\t<div class=\"elementor-widget-container\">\n\t\t\t\t\t\t\t\t\t<p><\/p><p><\/p><p><\/p><p>TECOFASH yra 7 partneriai i\u0161 5 ES \u0161ali\u0173.<\/p><p>Pagrindinis TECOFASH tikslas \u2013 prisid\u0117ti prie konkurencingos ir tvarios Europos mados industrijos.<\/p><p>Projektas orientuojasi \u012f profesional\u0173, dirban\u010di\u0173 MV\u012e ir startuoliuose, geb\u0117jimus perorientuoti versl\u0105 link \u017eiedini\u0173 verslo modeli\u0173 bei aplinkosaugini\u0173 ir tvari\u0173 inovacij\u0173, tai pasiekiant per bendradarbiavim\u0105 ir mokym\u0105 tarp skirting kart\u0173 bei tautybi\u0173. M\u016bs\u0173 mokymai atsi\u017evelgia \u012f tris pamatinius Elkington teorijos principus: ekonomin\u012f, socialin\u012f ir aplinkosaugin\u012f, kurie yra esminiai tvarumui.<\/p><p>TECOFASH projektas pristatomas kaip si\u016blymas, skirtas 3 specifiniams tikslams:<br \/>1 tikslas \u2013 patyrusi\u0173 mados verslinink\u0173 supratimo didinimas apie j\u0173 prisitaikymo ir naujovi\u0173 poreik\u012f, siekiant pereiti prie nauj\u0173 tvaraus verslo modeli\u0173.<br \/>2 tikslas \u2013 nauj\u0173 kompetencij\u0173 ugdymas jaunimui ir bedarbiams, siekiant pritaikyti inovacij\u0173 \u017eiedines ir skaitmenines schemas mados sektoriuje.<br \/>3 tikslas \u2013 \u0161i\u0173 dviej\u0173 tikslini\u0173 grupi\u0173 kart\u0173 bendradarbiavimas ir tarpusavio mokymasis, kad jos gal\u0117t\u0173 gauti naudos i\u0161 auk\u0161tesnio lygio \u017eini\u0173, taip pat prisidedant prie naujos kartos darbo j\u0117gos pritraukimo \u012f sektori\u0173.<\/p><p>TECOFASH remiasi mados suinteresuot\u0173j\u0173 \u0161ali\u0173 dalijimusi \u017einiomis ir tarpusavio mokymusi, kad jie gal\u0117t\u0173 tobulinti verslo modelio naujovi\u0173, \u017eiedin\u0117s ekonomikos, kanal\u0173 ir proces\u0173 inovacij\u0173 integravimo, bendradarbiavimo ir tinkl\u0173 k\u016brimo, skaitmeninio tobulinimo, tvarumo ir \u012fmoni\u0173 socialin\u0117s atsakomyb\u0117s (\u012eSA) \u012fg\u016bd\u017eius, siekti asmeninio tobul\u0117jimo, k\u016brybi\u0161kumo ir verslumo dvasios.<\/p><p>Siekiant atsakyti \u012f \u0161\u012f i\u0161\u0161\u016bk\u012f, TECOFASH mokym\u0173 pasi\u016blymas sutelktas \u012f du rams\u010dius:<\/p><ul><li>Tvar\u016bs ir skaitmeniniai gamybos procesai, susij\u0119 su techniniais ir veiklos aspektais, susijusiais su mados gamini\u0173 dizainu, gamyba ir platinimu, pavyzd\u017eiui, kaip suma\u017einti vandens suvartojim\u0105 arba r\u016bpintis naudojamomis \u017ealiavomis.<\/li><li>Tvarus ir skaitmeninis mados \u012fmon\u0117s valdymas, siekiant i\u0161tirti, kaip valdym\u0105 orientuoti \u012f \u017eiedi\u0161kumo ir atsakingumo rat\u0105, \u012fskaitant, pavyzd\u017eiui, kooperacines valdymo sistemas, pagr\u012fstas \u017emogi\u0161k\u0105ja ir socialine atsakomybe.<\/li><\/ul><p><\/li><\/ul><p><\/li><\/ul><p><\/li><\/ul>\t\t\t\t\t\t\t\t<\/div>\n\t\t\t\t<\/div>\n\t\t\t\t\t<\/div>\n\t\t<\/div>\n\t\t\t\t<div class=\"elementor-column elementor-col-50 elementor-top-column elementor-element elementor-element-c94ec8d\" data-id=\"c94ec8d\" data-element_type=\"column\" data-e-type=\"column\">\n\t\t\t<div class=\"elementor-widget-wrap elementor-element-populated\">\n\t\t\t\t\t\t<div class=\"elementor-element elementor-element-cc2be00 elementor-widget elementor-widget-image\" data-id=\"cc2be00\" data-element_type=\"widget\" data-e-type=\"widget\" data-widget_type=\"image.default\">\n\t\t\t\t<div class=\"elementor-widget-container\">\n\t\t\t\t\t\t\t\t\t\t\t\t\t\t\t<img fetchpriority=\"high\" decoding=\"async\" width=\"720\" height=\"720\" src=\"https:\/\/tecofash.erasmus.site\/wp-content\/uploads\/2022\/04\/Obraz1.jpg\" class=\"attachment-large size-large wp-image-38\" alt=\"\" srcset=\"https:\/\/tecofash.erasmus.site\/wp-content\/uploads\/2022\/04\/Obraz1.jpg 720w, https:\/\/tecofash.erasmus.site\/wp-content\/uploads\/2022\/04\/Obraz1-300x300.jpg 300w, https:\/\/tecofash.erasmus.site\/wp-content\/uploads\/2022\/04\/Obraz1-150x150.jpg 150w\" sizes=\"(max-width: 720px) 100vw, 720px\" \/>\t\t\t\t\t\t\t\t\t\t\t\t\t\t\t<\/div>\n\t\t\t\t<\/div>\n\t\t\t\t\t<\/div>\n\t\t<\/div>\n\t\t\t\t\t<\/div>\n\t\t<\/section>\n\t\t\t\t<\/div>\n\t\t","protected":false},"excerpt":{"rendered":"<p>TECOFASH yra 7 partneriai i\u0161 5 ES \u0161ali\u0173. Pagrindinis TECOFASH tikslas \u2013 prisid\u0117ti prie konkurencingos ir tvarios Europos mados industrijos.&hellip;&nbsp;<\/p>\n","protected":false},"author":1,"featured_media":0,"parent":0,"menu_order":0,"comment_status":"closed","ping_status":"closed","template":"","meta":{"neve_meta_sidebar":"","neve_meta_container":"","neve_meta_enable_content_width":"off","neve_meta_content_width":100,"neve_meta_title_alignment":"","neve_meta_author_avatar":"","neve_post_elements_order":"","neve_meta_disable_header":"","neve_meta_disable_footer":"","neve_meta_disable_title":"","footnotes":""},"class_list":["post-60","page","type-page","status-publish","hentry"],"_links":{"self":[{"href":"https:\/\/tecofash.erasmus.site\/lt\/wp-json\/wp\/v2\/pages\/60","targetHints":{"allow":["GET"]}}],"collection":[{"href":"https:\/\/tecofash.erasmus.site\/lt\/wp-json\/wp\/v2\/pages"}],"about":[{"href":"https:\/\/tecofash.erasmus.site\/lt\/wp-json\/wp\/v2\/types\/page"}],"author":[{"embeddable":true,"href":"https:\/\/tecofash.erasmus.site\/lt\/wp-json\/wp\/v2\/users\/1"}],"replies":[{"embeddable":true,"href":"https:\/\/tecofash.erasmus.site\/lt\/wp-json\/wp\/v2\/comments?post=60"}],"version-history":[{"count":42,"href":"https:\/\/tecofash.erasmus.site\/lt\/wp-json\/wp\/v2\/pages\/60\/revisions"}],"predecessor-version":[{"id":437,"href":"https:\/\/tecofash.erasmus.site\/lt\/wp-json\/wp\/v2\/pages\/60\/revisions\/437"}],"wp:attachment":[{"href":"https:\/\/tecofash.erasmus.site\/lt\/wp-json\/wp\/v2\/media?parent=60"}],"curies":[{"name":"wp","href":"https:\/\/api.w.org\/{rel}","templated":true}]}}