{"id":939,"date":"2023-11-04T20:02:58","date_gmt":"2023-11-04T20:02:58","guid":{"rendered":"https:\/\/tecofash.erasmus.site\/?page_id=939"},"modified":"2024-02-29T14:51:08","modified_gmt":"2024-02-29T14:51:08","slug":"tp1","status":"publish","type":"page","link":"https:\/\/tecofash.erasmus.site\/lt\/project-results\/platform\/tp1\/","title":{"rendered":"(English) Training Package 1: Sustainable and digital production processes\u200b"},"content":{"rendered":"\t\t<div data-elementor-type=\"wp-page\" data-elementor-id=\"939\" class=\"elementor elementor-939\">\n\t\t\t\t\t\t<section class=\"elementor-section elementor-top-section elementor-element elementor-element-fe8aa9d elementor-section-boxed elementor-section-height-default elementor-section-height-default\" data-id=\"fe8aa9d\" data-element_type=\"section\" data-e-type=\"section\" data-settings=\"{&quot;background_background&quot;:&quot;classic&quot;}\">\n\t\t\t\t\t\t<div class=\"elementor-container elementor-column-gap-default\">\n\t\t\t\t\t<div class=\"elementor-column elementor-col-100 elementor-top-column elementor-element elementor-element-a7ac8e2\" data-id=\"a7ac8e2\" data-element_type=\"column\" data-e-type=\"column\" data-settings=\"{&quot;background_background&quot;:&quot;classic&quot;}\">\n\t\t\t<div class=\"elementor-widget-wrap elementor-element-populated\">\n\t\t\t\t\t\t<div class=\"elementor-element elementor-element-b7e4845 elementor-widget elementor-widget-text-editor\" data-id=\"b7e4845\" data-element_type=\"widget\" data-e-type=\"widget\" data-widget_type=\"text-editor.default\">\n\t\t\t\t<div class=\"elementor-widget-container\">\n\t\t\t\t\t\t\t\t\t\n\n<div style=\"width: 1200px;\" class=\"wp-video\"><video class=\"wp-video-shortcode\" id=\"video-939-1\" width=\"1200\" height=\"675\" poster=\"https:\/\/tecofash.erasmus.site\/wp-content\/uploads\/2023\/11\/mov1.png\" preload=\"metadata\" controls=\"controls\"><source type=\"video\/mp4\" src=\"https:\/\/tecofash.erasmus.site\/wp-content\/uploads\/2024\/02\/R1_Sustainable-and-digital-production-processes_LT.mp4?_=1\" \/><a href=\"https:\/\/tecofash.erasmus.site\/wp-content\/uploads\/2024\/02\/R1_Sustainable-and-digital-production-processes_LT.mp4\">https:\/\/tecofash.erasmus.site\/wp-content\/uploads\/2024\/02\/R1_Sustainable-and-digital-production-processes_LT.mp4<\/a><\/video><\/div>\n\n\t\t\t\t\t\t\t\t<\/div>\n\t\t\t\t<\/div>\n\t\t\t\t<div class=\"elementor-element elementor-element-16a4a01 elementor-widget elementor-widget-learnpress_list_courses\" data-id=\"16a4a01\" data-element_type=\"widget\" data-e-type=\"widget\" data-widget_type=\"learnpress_list_courses.default\">\n\t\t\t\t<div class=\"elementor-widget-container\">\n\t\t\t\t\t\t\t\t<div class=\"lp-archive-courses\">\r\n\t\t\t\t<ul class=\"learn-press-courses lp-list-courses-no-css\" data-layout=\"grid\"\r\n\t\t\t\t\tdata-size=\"10\">\r\n\t\t\t\t\t<li class=\"course\"><div class=\"course-item\" data-id=\"1694\"><div class=\"course-thumbnail\"><a href=\"https:\/\/tecofash.erasmus.site\/lt\/courses\/0-introduction-csr-activities-focused-on-internal-environmental-actions-carried-out-by-a-fashion-company\/\"><div class=\"course-img\"><img decoding=\"async\" src=\"https:\/\/tecofash.erasmus.site\/wp-content\/uploads\/2022\/04\/4883003-500x300.jpg\" alt=\"course thumbnail\"><\/div><\/a><\/div><div class=\"course-content\"><h3 class=\"wap-course-title\"><a class=\"course-permalink\" href=\"https:\/\/tecofash.erasmus.site\/lt\/courses\/0-introduction-csr-activities-focused-on-internal-environmental-actions-carried-out-by-a-fashion-company\/\"><span class='course-title'>0. Introduction: CSR activities focused on internal environmental actions carried out by a fashion company<\/span><\/a><\/h3><div class=\"course-instructor-category\"><div><label>by<\/label> <div class=\"course-instructor\"><a href=\"https:\/\/tecofash.erasmus.site\/lt\/instructor\/admindc\/\"  > <span class=\"instructor-display-name\">admindc<\/span><\/a><\/div><\/div><div><label>in<\/label> <div class=\"course-categories\"><a href=\"https:\/\/tecofash.erasmus.site\/lt\/course-category\/tp1\/\" >Training Package 1<\/a><\/div><\/div><\/div><div class=\"course-wrap-meta\"><div class=\"meta-item meta-item-duration\"><span class=\"course-duration\">Lifetime<\/span><\/div><div class=\"meta-item meta-item-level\"><span class=\"course-level\">All levels<\/span><\/div><div class=\"meta-item meta-item-lesson\"><div class=\"course-count-item lp_lesson\">5 Lessons<\/div><\/div><div class=\"meta-item meta-item-quiz\"><div class=\"course-count-item lp_quiz\">0 Quizzes<\/div><\/div><div class=\"meta-item meta-item-student\"><div class=\"course-count-student\">0 Students<\/div><\/div><\/div><p class=\"course-short-description\">0. Introduction: CSR activities focused on internal environmental actions carried out by a fashion company<\/p><div class=\"course-info\"><span class=\"course-price\"><span class=\"course-item-price\"><span class=\"free\">Free<\/span><\/span><\/span><div class=\"course-readmore\"><a href=\"https:\/\/tecofash.erasmus.site\/lt\/courses\/0-introduction-csr-activities-focused-on-internal-environmental-actions-carried-out-by-a-fashion-company\/\">Start Learning<\/a><\/div><\/div><\/div><\/div><\/li><li class=\"course\"><div class=\"course-item\" data-id=\"537\"><div class=\"course-thumbnail\"><a href=\"https:\/\/tecofash.erasmus.site\/lt\/courses\/module-1-introduction-to-environmentally-friendly-production-in-fashion\/\"><div class=\"course-img\"><img decoding=\"async\" src=\"https:\/\/tecofash.erasmus.site\/wp-content\/uploads\/2023\/11\/1-500x300.png\" alt=\"course thumbnail\"><\/div><\/a><\/div><div class=\"course-content\"><h3 class=\"wap-course-title\"><a class=\"course-permalink\" href=\"https:\/\/tecofash.erasmus.site\/lt\/courses\/module-1-introduction-to-environmentally-friendly-production-in-fashion\/\"><span class='course-title'>(English) Module 1: Introduction to environmentally friendly production in fashion<\/span><\/a><\/h3><div class=\"course-instructor-category\"><div><label>by<\/label> <div class=\"course-instructor\"><a href=\"https:\/\/tecofash.erasmus.site\/lt\/instructor\/admindc\/\"  > <span class=\"instructor-display-name\">admindc<\/span><\/a><\/div><\/div><div><label>in<\/label> <div class=\"course-categories\"><a href=\"https:\/\/tecofash.erasmus.site\/lt\/course-category\/tp1\/\" >Training Package 1<\/a><\/div><\/div><\/div><div class=\"course-wrap-meta\"><div class=\"meta-item meta-item-duration\"><span class=\"course-duration\">Lifetime<\/span><\/div><div class=\"meta-item meta-item-level\"><span class=\"course-level\">All levels<\/span><\/div><div class=\"meta-item meta-item-lesson\"><div class=\"course-count-item lp_lesson\">38 Lessons<\/div><\/div><div class=\"meta-item meta-item-quiz\"><div class=\"course-count-item lp_quiz\">0 Quizzes<\/div><\/div><div class=\"meta-item meta-item-student\"><div class=\"course-count-student\">0 Students<\/div><\/div><\/div><p class=\"course-short-description\">Atsipra\u0161ome, \u0161is puslapis galimas tik English, Italiano, Polski, Espa\u00f1ol ir \u0395\u03bb\u03bb\u03b7\u03bd\u03b9\u03ba\u03ac.<\/p><div class=\"course-info\"><span class=\"course-price\"><span class=\"course-item-price\"><span class=\"free\">Free<\/span><\/span><\/span><div class=\"course-readmore\"><a href=\"https:\/\/tecofash.erasmus.site\/lt\/courses\/module-1-introduction-to-environmentally-friendly-production-in-fashion\/\">Start Learning<\/a><\/div><\/div><\/div><\/div><\/li><li class=\"course\"><div class=\"course-item\" data-id=\"655\"><div class=\"course-thumbnail\"><a href=\"https:\/\/tecofash.erasmus.site\/lt\/courses\/module-2-customers-behaviors-and-digital-and-technological-changes\/\"><div class=\"course-img\"><img decoding=\"async\" src=\"https:\/\/tecofash.erasmus.site\/wp-content\/uploads\/2023\/11\/2-500x300.png\" alt=\"course thumbnail\"><\/div><\/a><\/div><div class=\"course-content\"><h3 class=\"wap-course-title\"><a class=\"course-permalink\" href=\"https:\/\/tecofash.erasmus.site\/lt\/courses\/module-2-customers-behaviors-and-digital-and-technological-changes\/\"><span class='course-title'>(English) Module 2: Customers behaviors and digital and technological changes<\/span><\/a><\/h3><div class=\"course-instructor-category\"><div><label>by<\/label> <div class=\"course-instructor\"><a href=\"https:\/\/tecofash.erasmus.site\/lt\/instructor\/admindc\/\"  > <span class=\"instructor-display-name\">admindc<\/span><\/a><\/div><\/div><div><label>in<\/label> <div class=\"course-categories\"><a href=\"https:\/\/tecofash.erasmus.site\/lt\/course-category\/tp1\/\" >Training Package 1<\/a><\/div><\/div><\/div><div class=\"course-wrap-meta\"><div class=\"meta-item meta-item-duration\"><span class=\"course-duration\">Lifetime<\/span><\/div><div class=\"meta-item meta-item-level\"><span class=\"course-level\">All levels<\/span><\/div><div class=\"meta-item meta-item-lesson\"><div class=\"course-count-item lp_lesson\">24 Lessons<\/div><\/div><div class=\"meta-item meta-item-quiz\"><div class=\"course-count-item lp_quiz\">0 Quizzes<\/div><\/div><div class=\"meta-item meta-item-student\"><div class=\"course-count-student\">0 Students<\/div><\/div><\/div><p class=\"course-short-description\">Atsipra\u0161ome, \u0161is puslapis galimas tik English, Italiano, Polski, Espa\u00f1ol ir \u0395\u03bb\u03bb\u03b7\u03bd\u03b9\u03ba\u03ac.<\/p><div class=\"course-info\"><span class=\"course-price\"><span class=\"course-item-price\"><span class=\"free\">Free<\/span><\/span><\/span><div class=\"course-readmore\"><a href=\"https:\/\/tecofash.erasmus.site\/lt\/courses\/module-2-customers-behaviors-and-digital-and-technological-changes\/\">Start Learning<\/a><\/div><\/div><\/div><\/div><\/li><li class=\"course\"><div class=\"course-item\" data-id=\"685\"><div class=\"course-thumbnail\"><a href=\"https:\/\/tecofash.erasmus.site\/lt\/courses\/module-3-understanding-the-supply-chain-and-sourcing\/\"><div class=\"course-img\"><img decoding=\"async\" src=\"https:\/\/tecofash.erasmus.site\/wp-content\/uploads\/2023\/11\/3-500x300.png\" alt=\"course thumbnail\"><\/div><\/a><\/div><div class=\"course-content\"><h3 class=\"wap-course-title\"><a class=\"course-permalink\" href=\"https:\/\/tecofash.erasmus.site\/lt\/courses\/module-3-understanding-the-supply-chain-and-sourcing\/\"><span class='course-title'>(English) Module 3: Understanding the supply chain and sourcing<\/span><\/a><\/h3><div class=\"course-instructor-category\"><div><label>by<\/label> <div class=\"course-instructor\"><a href=\"https:\/\/tecofash.erasmus.site\/lt\/instructor\/admindc\/\"  > <span class=\"instructor-display-name\">admindc<\/span><\/a><\/div><\/div><div><label>in<\/label> <div class=\"course-categories\"><a href=\"https:\/\/tecofash.erasmus.site\/lt\/course-category\/tp1\/\" >Training Package 1<\/a><\/div><\/div><\/div><div class=\"course-wrap-meta\"><div class=\"meta-item meta-item-duration\"><span class=\"course-duration\">Lifetime<\/span><\/div><div class=\"meta-item meta-item-level\"><span class=\"course-level\">All levels<\/span><\/div><div class=\"meta-item meta-item-lesson\"><div class=\"course-count-item lp_lesson\">41 Lessons<\/div><\/div><div class=\"meta-item meta-item-quiz\"><div class=\"course-count-item lp_quiz\">0 Quizzes<\/div><\/div><div class=\"meta-item meta-item-student\"><div class=\"course-count-student\">0 Students<\/div><\/div><\/div><p class=\"course-short-description\">Atsipra\u0161ome, \u0161is puslapis galimas tik English, Italiano, Polski, Espa\u00f1ol ir \u0395\u03bb\u03bb\u03b7\u03bd\u03b9\u03ba\u03ac.<\/p><div class=\"course-info\"><span class=\"course-price\"><span class=\"course-item-price\"><span class=\"free\">Free<\/span><\/span><\/span><div class=\"course-readmore\"><a href=\"https:\/\/tecofash.erasmus.site\/lt\/courses\/module-3-understanding-the-supply-chain-and-sourcing\/\">Start Learning<\/a><\/div><\/div><\/div><\/div><\/li><li class=\"course\"><div class=\"course-item\" data-id=\"828\"><div class=\"course-thumbnail\"><a href=\"https:\/\/tecofash.erasmus.site\/lt\/courses\/module-4-waste-and-recycling\/\"><div class=\"course-img\"><img decoding=\"async\" src=\"https:\/\/tecofash.erasmus.site\/wp-content\/uploads\/2023\/11\/4-500x300.png\" alt=\"course thumbnail\"><\/div><\/a><\/div><div class=\"course-content\"><h3 class=\"wap-course-title\"><a class=\"course-permalink\" href=\"https:\/\/tecofash.erasmus.site\/lt\/courses\/module-4-waste-and-recycling\/\"><span class='course-title'>(English) Module 4: Waste and recycling<\/span><\/a><\/h3><div class=\"course-instructor-category\"><div><label>by<\/label> <div class=\"course-instructor\"><a href=\"https:\/\/tecofash.erasmus.site\/lt\/instructor\/admindc\/\"  > <span class=\"instructor-display-name\">admindc<\/span><\/a><\/div><\/div><div><label>in<\/label> <div class=\"course-categories\"><a href=\"https:\/\/tecofash.erasmus.site\/lt\/course-category\/tp1\/\" >Training Package 1<\/a><\/div><\/div><\/div><div class=\"course-wrap-meta\"><div class=\"meta-item meta-item-duration\"><span class=\"course-duration\">Lifetime<\/span><\/div><div class=\"meta-item meta-item-level\"><span class=\"course-level\">All levels<\/span><\/div><div class=\"meta-item meta-item-lesson\"><div class=\"course-count-item lp_lesson\">20 Lessons<\/div><\/div><div class=\"meta-item meta-item-quiz\"><div class=\"course-count-item lp_quiz\">0 Quizzes<\/div><\/div><div class=\"meta-item meta-item-student\"><div class=\"course-count-student\">0 Students<\/div><\/div><\/div><p class=\"course-short-description\">Atsipra\u0161ome, \u0161is puslapis galimas tik English, Italiano, Polski, Espa\u00f1ol ir \u0395\u03bb\u03bb\u03b7\u03bd\u03b9\u03ba\u03ac.<\/p><div class=\"course-info\"><span class=\"course-price\"><span class=\"course-item-price\"><span class=\"free\">Free<\/span><\/span><\/span><div class=\"course-readmore\"><a href=\"https:\/\/tecofash.erasmus.site\/lt\/courses\/module-4-waste-and-recycling\/\">Start Learning<\/a><\/div><\/div><\/div><\/div><\/li><li class=\"course\"><div class=\"course-item\" data-id=\"877\"><div class=\"course-thumbnail\"><a href=\"https:\/\/tecofash.erasmus.site\/lt\/courses\/module-5-holistic-thinking-and-quality-production-in-fashion\/\"><div class=\"course-img\"><img decoding=\"async\" src=\"https:\/\/tecofash.erasmus.site\/wp-content\/uploads\/2023\/11\/5-500x300.png\" alt=\"course thumbnail\"><\/div><\/a><\/div><div class=\"course-content\"><h3 class=\"wap-course-title\"><a class=\"course-permalink\" href=\"https:\/\/tecofash.erasmus.site\/lt\/courses\/module-5-holistic-thinking-and-quality-production-in-fashion\/\"><span class='course-title'>(English) Module 5: Holistic thinking and quality production in fashion<\/span><\/a><\/h3><div class=\"course-instructor-category\"><div><label>by<\/label> <div class=\"course-instructor\"><a href=\"https:\/\/tecofash.erasmus.site\/lt\/instructor\/admindc\/\"  > <span class=\"instructor-display-name\">admindc<\/span><\/a><\/div><\/div><div><label>in<\/label> <div class=\"course-categories\"><a href=\"https:\/\/tecofash.erasmus.site\/lt\/course-category\/tp1\/\" >Training Package 1<\/a><\/div><\/div><\/div><div class=\"course-wrap-meta\"><div class=\"meta-item meta-item-duration\"><span class=\"course-duration\">Lifetime<\/span><\/div><div class=\"meta-item meta-item-level\"><span class=\"course-level\">All levels<\/span><\/div><div class=\"meta-item meta-item-lesson\"><div class=\"course-count-item lp_lesson\">25 Lessons<\/div><\/div><div class=\"meta-item meta-item-quiz\"><div class=\"course-count-item lp_quiz\">0 Quizzes<\/div><\/div><div class=\"meta-item meta-item-student\"><div class=\"course-count-student\">0 Students<\/div><\/div><\/div><p class=\"course-short-description\">Atsipra\u0161ome, \u0161is puslapis galimas tik English, Italiano, Polski, Espa\u00f1ol ir \u0395\u03bb\u03bb\u03b7\u03bd\u03b9\u03ba\u03ac.<\/p><div class=\"course-info\"><span class=\"course-price\"><span class=\"course-item-price\"><span class=\"free\">Free<\/span><\/span><\/span><div class=\"course-readmore\"><a href=\"https:\/\/tecofash.erasmus.site\/lt\/courses\/module-5-holistic-thinking-and-quality-production-in-fashion\/\">Start Learning<\/a><\/div><\/div><\/div><\/div><\/li>\t\t\t\t<\/ul>\r\n\t\t\t<\/div>\r\n\t\t\t\t\t\t\t<\/div>\n\t\t\t\t<\/div>\n\t\t\t\t\t<\/div>\n\t\t<\/div>\n\t\t\t\t\t<\/div>\n\t\t<\/section>\n\t\t\t\t<\/div>\n\t\t","protected":false},"excerpt":{"rendered":"<p>Training Package 1admindc0. Introduction: CSR activities focused on internal environmental actions carried out by a fashion companyLifetimeAll levels5 Lessons0 Quizzes0&hellip;&nbsp;<\/p>\n","protected":false},"author":1,"featured_media":0,"parent":503,"menu_order":0,"comment_status":"closed","ping_status":"closed","template":"page-templates\/template-pagebuilder-full-width.php","meta":{"neve_meta_sidebar":"","neve_meta_container":"","neve_meta_enable_content_width":"off","neve_meta_content_width":100,"neve_meta_title_alignment":"","neve_meta_author_avatar":"","neve_post_elements_order":"","neve_meta_disable_header":"","neve_meta_disable_footer":"","neve_meta_disable_title":"","footnotes":""},"class_list":["post-939","page","type-page","status-publish","hentry"],"_links":{"self":[{"href":"https:\/\/tecofash.erasmus.site\/lt\/wp-json\/wp\/v2\/pages\/939","targetHints":{"allow":["GET"]}}],"collection":[{"href":"https:\/\/tecofash.erasmus.site\/lt\/wp-json\/wp\/v2\/pages"}],"about":[{"href":"https:\/\/tecofash.erasmus.site\/lt\/wp-json\/wp\/v2\/types\/page"}],"author":[{"embeddable":true,"href":"https:\/\/tecofash.erasmus.site\/lt\/wp-json\/wp\/v2\/users\/1"}],"replies":[{"embeddable":true,"href":"https:\/\/tecofash.erasmus.site\/lt\/wp-json\/wp\/v2\/comments?post=939"}],"version-history":[{"count":69,"href":"https:\/\/tecofash.erasmus.site\/lt\/wp-json\/wp\/v2\/pages\/939\/revisions"}],"predecessor-version":[{"id":3762,"href":"https:\/\/tecofash.erasmus.site\/lt\/wp-json\/wp\/v2\/pages\/939\/revisions\/3762"}],"up":[{"embeddable":true,"href":"https:\/\/tecofash.erasmus.site\/lt\/wp-json\/wp\/v2\/pages\/503"}],"wp:attachment":[{"href":"https:\/\/tecofash.erasmus.site\/lt\/wp-json\/wp\/v2\/media?parent=939"}],"curies":[{"name":"wp","href":"https:\/\/api.w.org\/{rel}","templated":true}]}}