{"id":1378,"date":"2023-11-07T20:08:44","date_gmt":"2023-11-07T20:08:44","guid":{"rendered":"https:\/\/tecofash.erasmus.site\/?page_id=1378"},"modified":"2024-03-01T12:50:38","modified_gmt":"2024-03-01T12:50:38","slug":"tp2","status":"publish","type":"page","link":"https:\/\/tecofash.erasmus.site\/pl\/project-results\/platform\/tp2\/","title":{"rendered":"Pakiet szkoleniowy 2: Cyfrowe i zr\u00f3wnowa\u017cone zarz\u0105dzanie firm\u0105 modow\u0105"},"content":{"rendered":"\t\t<div data-elementor-type=\"wp-page\" data-elementor-id=\"1378\" class=\"elementor elementor-1378\">\n\t\t\t\t\t\t<section class=\"elementor-section elementor-top-section elementor-element elementor-element-7344efe elementor-section-boxed elementor-section-height-default elementor-section-height-default\" data-id=\"7344efe\" data-element_type=\"section\" data-e-type=\"section\" data-settings=\"{&quot;background_background&quot;:&quot;classic&quot;}\">\n\t\t\t\t\t\t<div class=\"elementor-container elementor-column-gap-default\">\n\t\t\t\t\t<div class=\"elementor-column elementor-col-100 elementor-top-column elementor-element elementor-element-afe077d\" data-id=\"afe077d\" data-element_type=\"column\" data-e-type=\"column\" data-settings=\"{&quot;background_background&quot;:&quot;classic&quot;}\">\n\t\t\t<div class=\"elementor-widget-wrap elementor-element-populated\">\n\t\t\t\t\t\t<div class=\"elementor-element elementor-element-26c58b6 elementor-widget elementor-widget-heading\" data-id=\"26c58b6\" data-element_type=\"widget\" data-e-type=\"widget\" data-widget_type=\"heading.default\">\n\t\t\t\t<div class=\"elementor-widget-container\">\n\t\t\t\t\t<h2 class=\"elementor-heading-title elementor-size-default\">Pakiet szkoleniowy 2: Cyfrowe i zr\u00f3wnowa\u017cone zarz\u0105dzanie firm\u0105 modow\u0105<\/h2>\t\t\t\t<\/div>\n\t\t\t\t<\/div>\n\t\t\t\t<div class=\"elementor-element elementor-element-ac1c914 elementor-widget elementor-widget-text-editor\" data-id=\"ac1c914\" data-element_type=\"widget\" data-e-type=\"widget\" data-widget_type=\"text-editor.default\">\n\t\t\t\t<div class=\"elementor-widget-container\">\n\t\t\t\t\t\t\t\t\t\n\n<div style=\"width: 1200px;\" class=\"wp-video\"><video class=\"wp-video-shortcode\" id=\"video-1378-1\" width=\"1200\" height=\"675\" preload=\"metadata\" controls=\"controls\"><source type=\"video\/mp4\" src=\"https:\/\/tecofash.erasmus.site\/wp-content\/uploads\/2024\/02\/R2_CSR-Activities_PL.mp4?_=1\" \/><a href=\"https:\/\/tecofash.erasmus.site\/wp-content\/uploads\/2024\/02\/R2_CSR-Activities_PL.mp4\">https:\/\/tecofash.erasmus.site\/wp-content\/uploads\/2024\/02\/R2_CSR-Activities_PL.mp4<\/a><\/video><\/div>\n\n\t\t\t\t\t\t\t\t<\/div>\n\t\t\t\t<\/div>\n\t\t\t\t<div class=\"elementor-element elementor-element-e465389 elementor-widget elementor-widget-learnpress_list_courses\" data-id=\"e465389\" data-element_type=\"widget\" data-e-type=\"widget\" data-widget_type=\"learnpress_list_courses.default\">\n\t\t\t\t<div class=\"elementor-widget-container\">\n\t\t\t\t\t\t\t\t<div class=\"lp-archive-courses\">\r\n\t\t\t\t<ul class=\"learn-press-courses lp-list-courses-no-css\" data-layout=\"grid\"\r\n\t\t\t\t\tdata-size=\"10\">\r\n\t\t\t\t\t<li class=\"course\"><div class=\"course-item\" data-id=\"1665\"><div class=\"course-thumbnail\"><a href=\"https:\/\/tecofash.erasmus.site\/pl\/courses\/0-introduction-to-the-topic-csr-activities-focused-on-external-actions-attracting-young-people-and-business-to-the-fashion-industry\/\"><div class=\"course-img\"><img decoding=\"async\" src=\"https:\/\/tecofash.erasmus.site\/wp-content\/uploads\/2023\/11\/r2-500x300.jpg\" alt=\"miniaturka kursu\"><\/div><\/a><\/div><div class=\"course-content\"><h3 class=\"wap-course-title\"><a class=\"course-permalink\" href=\"https:\/\/tecofash.erasmus.site\/pl\/courses\/0-introduction-to-the-topic-csr-activities-focused-on-external-actions-attracting-young-people-and-business-to-the-fashion-industry\/\"><span class='course-title'>0. Wprowadzenie do tematu: Rozwi\u0105zania CSR skoncentrowane na dzia\u0142aniach zewn\u0119trznych przyci\u0105gaj\u0105cych m\u0142odzie\u017c i biznes do bran\u017cy modowej<\/span><\/a><\/h3><div class=\"course-instructor-category\"><div><label>by<\/label> <div class=\"course-instructor\"><a href=\"https:\/\/tecofash.erasmus.site\/pl\/instructor\/admindc\/\"  > <span class=\"instructor-display-name\">admindc<\/span><\/a><\/div><\/div><div><label>in<\/label> <div class=\"course-categories\"><a href=\"https:\/\/tecofash.erasmus.site\/pl\/course-category\/tp2\/\" >Training Package 2<\/a><\/div><\/div><\/div><div class=\"course-wrap-meta\"><div class=\"meta-item meta-item-duration\"><span class=\"course-duration\">Do\u017cywotnio<\/span><\/div><div class=\"meta-item meta-item-level\"><span class=\"course-level\">Wszystkie poziomy<\/span><\/div><div class=\"meta-item meta-item-lesson\"><div class=\"course-count-item lp_lesson\">5 Lekcja<\/div><\/div><div class=\"meta-item meta-item-quiz\"><div class=\"course-count-item lp_quiz\">0 Quiz<\/div><\/div><div class=\"meta-item meta-item-student\"><div class=\"course-count-student\">0 Kursant<\/div><\/div><\/div><p class=\"course-short-description\">0. Wprowadzenie do tematu: Rozwi\u0105zania CSR skoncentrowane na dzia\u0142aniach zewn\u0119trznych przyci\u0105gaj\u0105cych m\u0142odzie\u017c i biznes do bran\u017cy modowej https:\/\/pl.freepik.com\/darmowe-wektory\/ocal-planete_8134921.htm#query=csr&amp;position=8&amp;from_view=search&amp;track=sph<\/p><div class=\"course-info\"><span class=\"course-price\"><span class=\"course-item-price\"><span class=\"free\">Bezp\u0142atnie<\/span><\/span><\/span><div class=\"course-readmore\"><a href=\"https:\/\/tecofash.erasmus.site\/pl\/courses\/0-introduction-to-the-topic-csr-activities-focused-on-external-actions-attracting-young-people-and-business-to-the-fashion-industry\/\">Rozpocznij nauk\u0119<\/a><\/div><\/div><\/div><\/div><\/li><li class=\"course\"><div class=\"course-item\" data-id=\"971\"><div class=\"course-thumbnail\"><a href=\"https:\/\/tecofash.erasmus.site\/pl\/courses\/module-1-challenges-and-human-resources-in-fashion-industry\/\"><div class=\"course-img\"><img decoding=\"async\" src=\"https:\/\/tecofash.erasmus.site\/wp-content\/uploads\/2023\/11\/1-1-500x300.png\" alt=\"miniaturka kursu\"><\/div><\/a><\/div><div class=\"course-content\"><h3 class=\"wap-course-title\"><a class=\"course-permalink\" href=\"https:\/\/tecofash.erasmus.site\/pl\/courses\/module-1-challenges-and-human-resources-in-fashion-industry\/\"><span class='course-title'>Modu\u0142 1: Wyzwania i zasoby ludzkie w bran\u017cy modowej<\/span><\/a><\/h3><div class=\"course-instructor-category\"><div><label>by<\/label> <div class=\"course-instructor\"><a href=\"https:\/\/tecofash.erasmus.site\/pl\/instructor\/admindc\/\"  > <span class=\"instructor-display-name\">admindc<\/span><\/a><\/div><\/div><div><label>in<\/label> <div class=\"course-categories\"><a href=\"https:\/\/tecofash.erasmus.site\/pl\/course-category\/tp2\/\" >Training Package 2<\/a><\/div><\/div><\/div><div class=\"course-wrap-meta\"><div class=\"meta-item meta-item-duration\"><span class=\"course-duration\">Do\u017cywotnio<\/span><\/div><div class=\"meta-item meta-item-level\"><span class=\"course-level\">Wszystkie poziomy<\/span><\/div><div class=\"meta-item meta-item-lesson\"><div class=\"course-count-item lp_lesson\">34 Lekcja<\/div><\/div><div class=\"meta-item meta-item-quiz\"><div class=\"course-count-item lp_quiz\">0 Quiz<\/div><\/div><div class=\"meta-item meta-item-student\"><div class=\"course-count-student\">0 Kursant<\/div><\/div><\/div><p class=\"course-short-description\">W ci\u0105gu ostatnich kilku lat bran\u017ca handlu detalicznego mod\u0105 przesz\u0142a znacz\u0105ce zmiany. W dzisiejszych czasach moda to co\u015b wi\u0119cej ni\u017c&hellip;&nbsp;<\/p><div class=\"course-info\"><span class=\"course-price\"><span class=\"course-item-price\"><span class=\"free\">Bezp\u0142atnie<\/span><\/span><\/span><div class=\"course-readmore\"><a href=\"https:\/\/tecofash.erasmus.site\/pl\/courses\/module-1-challenges-and-human-resources-in-fashion-industry\/\">Rozpocznij nauk\u0119<\/a><\/div><\/div><\/div><\/div><\/li><li class=\"course\"><div class=\"course-item\" data-id=\"1123\"><div class=\"course-thumbnail\"><a href=\"https:\/\/tecofash.erasmus.site\/pl\/courses\/module-2-sustainable-business-management-in-the-fashion-industry\/\"><div class=\"course-img\"><img decoding=\"async\" src=\"https:\/\/tecofash.erasmus.site\/wp-content\/uploads\/2023\/11\/2-1-500x300.png\" alt=\"miniaturka kursu\"><\/div><\/a><\/div><div class=\"course-content\"><h3 class=\"wap-course-title\"><a class=\"course-permalink\" href=\"https:\/\/tecofash.erasmus.site\/pl\/courses\/module-2-sustainable-business-management-in-the-fashion-industry\/\"><span class='course-title'>Modu\u0142 2: Zr\u00f3wnowa\u017cone zarz\u0105dzanie przedsi\u0119biorstwem dzia\u0142aj\u0105cym w bran\u017cy odzie\u017cowej<\/span><\/a><\/h3><div class=\"course-instructor-category\"><div><label>by<\/label> <div class=\"course-instructor\"><a href=\"https:\/\/tecofash.erasmus.site\/pl\/instructor\/admindc\/\"  > <span class=\"instructor-display-name\">admindc<\/span><\/a><\/div><\/div><div><label>in<\/label> <div class=\"course-categories\"><a href=\"https:\/\/tecofash.erasmus.site\/pl\/course-category\/tp2\/\" >Training Package 2<\/a><\/div><\/div><\/div><div class=\"course-wrap-meta\"><div class=\"meta-item meta-item-duration\"><span class=\"course-duration\">Do\u017cywotnio<\/span><\/div><div class=\"meta-item meta-item-level\"><span class=\"course-level\">Wszystkie poziomy<\/span><\/div><div class=\"meta-item meta-item-lesson\"><div class=\"course-count-item lp_lesson\">32 Lekcja<\/div><\/div><div class=\"meta-item meta-item-quiz\"><div class=\"course-count-item lp_quiz\">0 Quiz<\/div><\/div><div class=\"meta-item meta-item-student\"><div class=\"course-count-student\">0 Kursant<\/div><\/div><\/div><p class=\"course-short-description\">Celem modu\u0142u &#8222;Zr\u00f3wnowa\u017cone zarz\u0105dzanie przedsi\u0119biorstwem w bran\u017cy modowej&#8221; jest zapoznanie uczestnik\u00f3w z koncepcj\u0105, kt\u00f3ra obejmuje wprowadzenie do Cel\u00f3w Zr\u00f3wnowa\u017conego Rozwoju,&hellip;&nbsp;<\/p><div class=\"course-info\"><span class=\"course-price\"><span class=\"course-item-price\"><span class=\"free\">Bezp\u0142atnie<\/span><\/span><\/span><div class=\"course-readmore\"><a href=\"https:\/\/tecofash.erasmus.site\/pl\/courses\/module-2-sustainable-business-management-in-the-fashion-industry\/\">Rozpocznij nauk\u0119<\/a><\/div><\/div><\/div><\/div><\/li><li class=\"course\"><div class=\"course-item\" data-id=\"1213\"><div class=\"course-thumbnail\"><a href=\"https:\/\/tecofash.erasmus.site\/pl\/courses\/module-3-lean-management-and-supply-chain-in-fashion-industry\/\"><div class=\"course-img\"><img decoding=\"async\" src=\"https:\/\/tecofash.erasmus.site\/wp-content\/uploads\/2023\/11\/3-1-500x300.png\" alt=\"miniaturka kursu\"><\/div><\/a><\/div><div class=\"course-content\"><h3 class=\"wap-course-title\"><a class=\"course-permalink\" href=\"https:\/\/tecofash.erasmus.site\/pl\/courses\/module-3-lean-management-and-supply-chain-in-fashion-industry\/\"><span class='course-title'>Module 3: Zarz\u0105dzanie LEAN i \u0142a\u0144cuch dostaw w bran\u017cy modowej<\/span><\/a><\/h3><div class=\"course-instructor-category\"><div><label>by<\/label> <div class=\"course-instructor\"><a href=\"https:\/\/tecofash.erasmus.site\/pl\/instructor\/admindc\/\"  > <span class=\"instructor-display-name\">admindc<\/span><\/a><\/div><\/div><div><label>in<\/label> <div class=\"course-categories\"><a href=\"https:\/\/tecofash.erasmus.site\/pl\/course-category\/tp2\/\" >Training Package 2<\/a><\/div><\/div><\/div><div class=\"course-wrap-meta\"><div class=\"meta-item meta-item-duration\"><span class=\"course-duration\">Do\u017cywotnio<\/span><\/div><div class=\"meta-item meta-item-level\"><span class=\"course-level\">Wszystkie poziomy<\/span><\/div><div class=\"meta-item meta-item-lesson\"><div class=\"course-count-item lp_lesson\">23 Lekcja<\/div><\/div><div class=\"meta-item meta-item-quiz\"><div class=\"course-count-item lp_quiz\">0 Quiz<\/div><\/div><div class=\"meta-item meta-item-student\"><div class=\"course-count-student\">0 Kursant<\/div><\/div><\/div><p class=\"course-short-description\">Lean management (pol. szczup\u0142e zarz\u0105dzanie) to koncepcja zarz\u0105dzania przedsi\u0119biorstwem polegaj\u0105ca na identyfikowaniu i eliminowaniu przypadk\u00f3w marnotrawstwa we wszystkich aspektach dzia\u0142alno\u015bci&hellip;&nbsp;<\/p><div class=\"course-info\"><span class=\"course-price\"><span class=\"course-item-price\"><span class=\"free\">Bezp\u0142atnie<\/span><\/span><\/span><div class=\"course-readmore\"><a href=\"https:\/\/tecofash.erasmus.site\/pl\/courses\/module-3-lean-management-and-supply-chain-in-fashion-industry\/\">Rozpocznij nauk\u0119<\/a><\/div><\/div><\/div><\/div><\/li><li class=\"course\"><div class=\"course-item\" data-id=\"1269\"><div class=\"course-thumbnail\"><a href=\"https:\/\/tecofash.erasmus.site\/pl\/courses\/module-4-sustainability-and-innovative-leadership-in-fashion-industry\/\"><div class=\"course-img\"><img decoding=\"async\" src=\"https:\/\/tecofash.erasmus.site\/wp-content\/uploads\/2023\/11\/4-1-500x300.png\" alt=\"miniaturka kursu\"><\/div><\/a><\/div><div class=\"course-content\"><h3 class=\"wap-course-title\"><a class=\"course-permalink\" href=\"https:\/\/tecofash.erasmus.site\/pl\/courses\/module-4-sustainability-and-innovative-leadership-in-fashion-industry\/\"><span class='course-title'>Modu\u0142 4: Zr\u00f3wnowa\u017cony rozw\u00f3j i innowacyjne przyw\u00f3dztwo w bran\u017cy modowej<\/span><\/a><\/h3><div class=\"course-instructor-category\"><div><label>by<\/label> <div class=\"course-instructor\"><a href=\"https:\/\/tecofash.erasmus.site\/pl\/instructor\/admindc\/\"  > <span class=\"instructor-display-name\">admindc<\/span><\/a><\/div><\/div><div><label>in<\/label> <div class=\"course-categories\"><a href=\"https:\/\/tecofash.erasmus.site\/pl\/course-category\/tp2\/\" >Training Package 2<\/a><\/div><\/div><\/div><div class=\"course-wrap-meta\"><div class=\"meta-item meta-item-duration\"><span class=\"course-duration\">Do\u017cywotnio<\/span><\/div><div class=\"meta-item meta-item-level\"><span class=\"course-level\">Wszystkie poziomy<\/span><\/div><div class=\"meta-item meta-item-lesson\"><div class=\"course-count-item lp_lesson\">42 Lekcja<\/div><\/div><div class=\"meta-item meta-item-quiz\"><div class=\"course-count-item lp_quiz\">0 Quiz<\/div><\/div><div class=\"meta-item meta-item-student\"><div class=\"course-count-student\">0 Kursant<\/div><\/div><\/div><p class=\"course-short-description\">\u015awiadomo\u015b\u0107 problem\u00f3w \u015brodowiskowych i potrzeba ochrony zasob\u00f3w naturalnych w celu zapewnienia bezpiecze\u0144stwa przysz\u0142ym pokoleniom doprowadzi\u0142y w ostatniej dekadzie do rozwoju&hellip;&nbsp;<\/p><div class=\"course-info\"><span class=\"course-price\"><span class=\"course-item-price\"><span class=\"free\">Bezp\u0142atnie<\/span><\/span><\/span><div class=\"course-readmore\"><a href=\"https:\/\/tecofash.erasmus.site\/pl\/courses\/module-4-sustainability-and-innovative-leadership-in-fashion-industry\/\">Rozpocznij nauk\u0119<\/a><\/div><\/div><\/div><\/div><\/li><li class=\"course\"><div class=\"course-item\" data-id=\"1398\"><div class=\"course-thumbnail\"><a href=\"https:\/\/tecofash.erasmus.site\/pl\/courses\/module-5-cultural-change-digital-economy-and-e-commerce-in-fashion-industry\/\"><div class=\"course-img\"><img decoding=\"async\" src=\"https:\/\/tecofash.erasmus.site\/wp-content\/uploads\/2023\/11\/5-1-500x300.png\" alt=\"miniaturka kursu\"><\/div><\/a><\/div><div class=\"course-content\"><h3 class=\"wap-course-title\"><a class=\"course-permalink\" href=\"https:\/\/tecofash.erasmus.site\/pl\/courses\/module-5-cultural-change-digital-economy-and-e-commerce-in-fashion-industry\/\"><span class='course-title'>Modu\u0142 5: Zmiany kulturowe, gospodarka cyfrowa i handel elektroniczny w bran\u017cy modowej<\/span><\/a><\/h3><div class=\"course-instructor-category\"><div><label>by<\/label> <div class=\"course-instructor\"><a href=\"https:\/\/tecofash.erasmus.site\/pl\/instructor\/admindc\/\"  > <span class=\"instructor-display-name\">admindc<\/span><\/a><\/div><\/div><div><label>in<\/label> <div class=\"course-categories\"><a href=\"https:\/\/tecofash.erasmus.site\/pl\/course-category\/tp2\/\" >Training Package 2<\/a><\/div><\/div><\/div><div class=\"course-wrap-meta\"><div class=\"meta-item meta-item-duration\"><span class=\"course-duration\">Do\u017cywotnio<\/span><\/div><div class=\"meta-item meta-item-level\"><span class=\"course-level\">Wszystkie poziomy<\/span><\/div><div class=\"meta-item meta-item-lesson\"><div class=\"course-count-item lp_lesson\">32 Lekcja<\/div><\/div><div class=\"meta-item meta-item-quiz\"><div class=\"course-count-item lp_quiz\">0 Quiz<\/div><\/div><div class=\"meta-item meta-item-student\"><div class=\"course-count-student\">0 Kursant<\/div><\/div><\/div><p class=\"course-short-description\">Sektor mody nieustannie si\u0119 zmienia. To, co by\u0142o trendem stosunkowo niedawno, dzi\u015b mo\u017ce by\u0107 ju\u017c niemodne. Na zmiany w modzie&hellip;&nbsp;<\/p><div class=\"course-info\"><span class=\"course-price\"><span class=\"course-item-price\"><span class=\"free\">Bezp\u0142atnie<\/span><\/span><\/span><div class=\"course-readmore\"><a href=\"https:\/\/tecofash.erasmus.site\/pl\/courses\/module-5-cultural-change-digital-economy-and-e-commerce-in-fashion-industry\/\">Rozpocznij nauk\u0119<\/a><\/div><\/div><\/div><\/div><\/li><li class=\"course\"><div class=\"course-item\" data-id=\"1551\"><div class=\"course-thumbnail\"><a href=\"https:\/\/tecofash.erasmus.site\/pl\/courses\/module-6-corporate-social-responsibility-in-the-fashion-industry\/\"><div class=\"course-img\"><img decoding=\"async\" src=\"https:\/\/tecofash.erasmus.site\/wp-content\/uploads\/2023\/11\/6-500x300.png\" alt=\"miniaturka kursu\"><\/div><\/a><\/div><div class=\"course-content\"><h3 class=\"wap-course-title\"><a class=\"course-permalink\" href=\"https:\/\/tecofash.erasmus.site\/pl\/courses\/module-6-corporate-social-responsibility-in-the-fashion-industry\/\"><span class='course-title'>Modu\u0142 6: Spo\u0142eczna odpowiedzialno\u015b\u0107 biznesu w bran\u017cy modowej<\/span><\/a><\/h3><div class=\"course-instructor-category\"><div><label>by<\/label> <div class=\"course-instructor\"><a href=\"https:\/\/tecofash.erasmus.site\/pl\/instructor\/admindc\/\"  > <span class=\"instructor-display-name\">admindc<\/span><\/a><\/div><\/div><div><label>in<\/label> <div class=\"course-categories\"><a href=\"https:\/\/tecofash.erasmus.site\/pl\/course-category\/tp2\/\" >Training Package 2<\/a><\/div><\/div><\/div><div class=\"course-wrap-meta\"><div class=\"meta-item meta-item-duration\"><span class=\"course-duration\">Do\u017cywotnio<\/span><\/div><div class=\"meta-item meta-item-level\"><span class=\"course-level\">Wszystkie poziomy<\/span><\/div><div class=\"meta-item meta-item-lesson\"><div class=\"course-count-item lp_lesson\">33 Lekcja<\/div><\/div><div class=\"meta-item meta-item-quiz\"><div class=\"course-count-item lp_quiz\">0 Quiz<\/div><\/div><div class=\"meta-item meta-item-student\"><div class=\"course-count-student\">0 Kursant<\/div><\/div><\/div><p class=\"course-short-description\">Celem modu\u0142u &#8222;Spo\u0142eczna odpowiedzialno\u015b\u0107 biznesu w bran\u017cy modowej&#8221; jest zapoznanie uczestnik\u00f3w z koncepcj\u0105 odpowiedzialno\u015bci firmy wobec swojej spo\u0142eczno\u015bci. G\u0142\u00f3wnym paradygmatem&hellip;&nbsp;<\/p><div class=\"course-info\"><span class=\"course-price\"><span class=\"course-item-price\"><span class=\"free\">Bezp\u0142atnie<\/span><\/span><\/span><div class=\"course-readmore\"><a href=\"https:\/\/tecofash.erasmus.site\/pl\/courses\/module-6-corporate-social-responsibility-in-the-fashion-industry\/\">Rozpocznij nauk\u0119<\/a><\/div><\/div><\/div><\/div><\/li>\t\t\t\t<\/ul>\r\n\t\t\t<\/div>\r\n\t\t\t\t\t\t\t<\/div>\n\t\t\t\t<\/div>\n\t\t\t\t\t<\/div>\n\t\t<\/div>\n\t\t\t\t\t<\/div>\n\t\t<\/section>\n\t\t\t\t<\/div>\n\t\t","protected":false},"excerpt":{"rendered":"<p>Pakiet szkoleniowy 2: Cyfrowe i zr\u00f3wnowa\u017cone zarz\u0105dzanie firm\u0105 modow\u0105 Training Package 2admindc0. Introduction to the topic: CSR activities focused on&hellip;&nbsp;<\/p>\n","protected":false},"author":1,"featured_media":0,"parent":503,"menu_order":0,"comment_status":"closed","ping_status":"closed","template":"page-templates\/template-pagebuilder-full-width.php","meta":{"neve_meta_sidebar":"","neve_meta_container":"","neve_meta_enable_content_width":"off","neve_meta_content_width":100,"neve_meta_title_alignment":"","neve_meta_author_avatar":"","neve_post_elements_order":"","neve_meta_disable_header":"","neve_meta_disable_footer":"","neve_meta_disable_title":"","footnotes":""},"class_list":["post-1378","page","type-page","status-publish","hentry"],"_links":{"self":[{"href":"https:\/\/tecofash.erasmus.site\/pl\/wp-json\/wp\/v2\/pages\/1378","targetHints":{"allow":["GET"]}}],"collection":[{"href":"https:\/\/tecofash.erasmus.site\/pl\/wp-json\/wp\/v2\/pages"}],"about":[{"href":"https:\/\/tecofash.erasmus.site\/pl\/wp-json\/wp\/v2\/types\/page"}],"author":[{"embeddable":true,"href":"https:\/\/tecofash.erasmus.site\/pl\/wp-json\/wp\/v2\/users\/1"}],"replies":[{"embeddable":true,"href":"https:\/\/tecofash.erasmus.site\/pl\/wp-json\/wp\/v2\/comments?post=1378"}],"version-history":[{"count":49,"href":"https:\/\/tecofash.erasmus.site\/pl\/wp-json\/wp\/v2\/pages\/1378\/revisions"}],"predecessor-version":[{"id":3795,"href":"https:\/\/tecofash.erasmus.site\/pl\/wp-json\/wp\/v2\/pages\/1378\/revisions\/3795"}],"up":[{"embeddable":true,"href":"https:\/\/tecofash.erasmus.site\/pl\/wp-json\/wp\/v2\/pages\/503"}],"wp:attachment":[{"href":"https:\/\/tecofash.erasmus.site\/pl\/wp-json\/wp\/v2\/media?parent=1378"}],"curies":[{"name":"wp","href":"https:\/\/api.w.org\/{rel}","templated":true}]}}