{"id":172,"date":"2022-04-16T12:58:23","date_gmt":"2022-04-16T12:58:23","guid":{"rendered":"https:\/\/tecofash.erasmus.site\/?page_id=172"},"modified":"2024-03-25T11:44:14","modified_gmt":"2024-03-25T11:44:14","slug":"project-results","status":"publish","type":"page","link":"https:\/\/tecofash.erasmus.site\/pl\/project-results\/","title":{"rendered":"Rezultaty Projektu"},"content":{"rendered":"\t\t<div data-elementor-type=\"wp-page\" data-elementor-id=\"172\" class=\"elementor elementor-172\">\n\t\t\t\t\t\t<section class=\"elementor-section elementor-top-section elementor-element elementor-element-08a9d72 elementor-section-boxed elementor-section-height-default elementor-section-height-default\" data-id=\"08a9d72\" data-element_type=\"section\" data-e-type=\"section\">\n\t\t\t\t\t\t<div class=\"elementor-container elementor-column-gap-default\">\n\t\t\t\t\t<div class=\"elementor-column elementor-col-100 elementor-top-column elementor-element elementor-element-094d622\" data-id=\"094d622\" data-element_type=\"column\" data-e-type=\"column\">\n\t\t\t<div class=\"elementor-widget-wrap elementor-element-populated\">\n\t\t\t\t\t\t<div class=\"elementor-element elementor-element-a08a325 elementor-widget elementor-widget-text-editor\" data-id=\"a08a325\" data-element_type=\"widget\" data-e-type=\"widget\" data-widget_type=\"text-editor.default\">\n\t\t\t\t<div class=\"elementor-widget-container\">\n\t\t\t\t\t\t\t\t\t<p><\/p><p><\/p><p><\/p><p><\/p><p>W rezultacie oczekuje si\u0119, \u017ce do\u015bwiadczeni przedsi\u0119biorcy podnios\u0105 \u015bwiadomo\u015b\u0107 na temat potrzeby transformacji cyfrowej i \u015brodowiskowej, jednocze\u015bnie zwi\u0119kszaj\u0105c swoj\u0105 zdolno\u015b\u0107 do innowacji. Oczekuje si\u0119, \u017ce m\u0142odzie\u017c i bezrobotni poszerz\u0105 swoj\u0105 praktyczn\u0105 wiedz\u0119 na temat tego kluczowego sektora przemys\u0142owego, mog\u0105c rozwija\u0107 nowe przedsi\u0119wzi\u0119cia\/znajdowa\u0107 nowe mo\u017cliwo\u015bci pracy w tym obszarze, co w d\u0142u\u017cszej perspektywie b\u0119dzie korzystne dla konkurencyjno\u015bci ca\u0142ego sektora. Projekt TECOFASH ma na celu, przedstawienie programu szkoleniowego, zorientowanego na nast\u0119puj\u0105ce wyniki:<\/p><ul><li>po\u0142\u0105czenie firmy z sektora mody I tekstyli\u00f3w, z m\u0142odszym pokoleniem i zainteresowanie nowych utalentowanych pracownik\u00f3w bran\u017c\u0105,<\/li><li>po\u0142\u0105czenie przedstawicieli bran\u017cy z ekspertami ds. szkole\u0144,<\/li><li>jasno\u015b\u0107 zasad projektu, otwarto\u015b\u0107 na potrzeby interesariuszy, elastyczno\u015b\u0107,<\/li><li>skoncentrowanie dzia\u0142a\u0144 na rzecz diagnozy g\u0142\u00f3wnych problem\u00f3w dot. proces\u00f3w produkcji, umiej\u0119tno\u015bci cyfrowych, czy ekologii.<\/li><li>pe\u0142ne wykorzystanie technologii cyfrowych i wsp\u00f3\u0142pracy wirtualnej, maj\u0105c na celu podniesienie standardu lub przekwalifikowania sektora mody I tekstyli\u00f3w. \u00a0<\/li><\/ul><p>Powy\u017csze cele zostan\u0105 osi\u0105gni\u0119te poprzez opracowanie 3 g\u0142\u00f3wnych rezultat\u00f3w:<\/p><p><\/p><p><\/p>\t\t\t\t\t\t\t\t<\/div>\n\t\t\t\t<\/div>\n\t\t\t\t\t<\/div>\n\t\t<\/div>\n\t\t\t\t\t<\/div>\n\t\t<\/section>\n\t\t\t\t<section class=\"elementor-section elementor-top-section elementor-element elementor-element-ec43cca elementor-section-boxed elementor-section-height-default elementor-section-height-default\" data-id=\"ec43cca\" data-element_type=\"section\" data-e-type=\"section\">\n\t\t\t\t\t\t<div class=\"elementor-container elementor-column-gap-default\">\n\t\t\t\t\t<div class=\"elementor-column elementor-col-33 elementor-top-column elementor-element elementor-element-2241a66\" data-id=\"2241a66\" data-element_type=\"column\" data-e-type=\"column\">\n\t\t\t<div class=\"elementor-widget-wrap elementor-element-populated\">\n\t\t\t\t\t\t<div class=\"elementor-element elementor-element-33fb56d elementor-widget elementor-widget-image\" data-id=\"33fb56d\" data-element_type=\"widget\" data-e-type=\"widget\" data-widget_type=\"image.default\">\n\t\t\t\t<div class=\"elementor-widget-container\">\n\t\t\t\t\t\t\t\t\t\t\t\t\t\t\t<img fetchpriority=\"high\" decoding=\"async\" width=\"300\" height=\"300\" src=\"https:\/\/tecofash.erasmus.site\/wp-content\/uploads\/2022\/04\/pr1-300x300.png\" class=\"attachment-medium size-medium wp-image-182\" alt=\"\" srcset=\"https:\/\/tecofash.erasmus.site\/wp-content\/uploads\/2022\/04\/pr1.png 300w, https:\/\/tecofash.erasmus.site\/wp-content\/uploads\/2022\/04\/pr1-150x150.png 150w, https:\/\/tecofash.erasmus.site\/wp-content\/uploads\/2022\/04\/pr1-75x75.png 75w\" sizes=\"(max-width: 300px) 100vw, 300px\" \/>\t\t\t\t\t\t\t\t\t\t\t\t\t\t\t<\/div>\n\t\t\t\t<\/div>\n\t\t\t\t<div class=\"elementor-element elementor-element-9798646 elementor-widget elementor-widget-heading\" data-id=\"9798646\" data-element_type=\"widget\" data-e-type=\"widget\" data-widget_type=\"heading.default\">\n\t\t\t\t<div class=\"elementor-widget-container\">\n\t\t\t\t\t<h2 class=\"elementor-heading-title elementor-size-medium\">R1. Cyfrowe i zr\u00f3wnowa\u017cone procesy produkcyjne<\/h2>\t\t\t\t<\/div>\n\t\t\t\t<\/div>\n\t\t\t\t<div class=\"elementor-element elementor-element-6ec69db elementor-widget elementor-widget-text-editor\" data-id=\"6ec69db\" data-element_type=\"widget\" data-e-type=\"widget\" data-widget_type=\"text-editor.default\">\n\t\t\t\t<div class=\"elementor-widget-container\">\n\t\t\t\t\t\t\t\t\t<p>Pierwszy rezultat to pakiet szkoleniowy skierowany zar\u00f3wno do do\u015bwiadczonych przedsi\u0119biorc\u00f3w, jak i m\u0142odzie\u017cy o r\u00f3\u017cnym poziomie z\u0142o\u017cono\u015bci, aby zaspokoi\u0107 wszystkie ich konkretne potrzeby w perspektywie technicznej, z naciskiem na produkty, \u017ar\u00f3d\u0142a zanieczyszczenia i produkcj\u0119.<\/p>\t\t\t\t\t\t\t\t<\/div>\n\t\t\t\t<\/div>\n\t\t\t\t<div class=\"elementor-element elementor-element-5381c42 elementor-align-center elementor-widget elementor-widget-button\" data-id=\"5381c42\" data-element_type=\"widget\" data-e-type=\"widget\" data-widget_type=\"button.default\">\n\t\t\t\t<div class=\"elementor-widget-container\">\n\t\t\t\t\t\t\t\t\t<div class=\"elementor-button-wrapper\">\n\t\t\t\t\t<a class=\"elementor-button elementor-button-link elementor-size-sm\" href=\"https:\/\/tecofash.erasmus.site\/wp-content\/uploads\/2024\/03\/TECOFASH_PR1_PL.pdf\" target=\"_blank\" download=\"\">\n\t\t\t\t\t\t<span class=\"elementor-button-content-wrapper\">\n\t\t\t\t\t\t\t\t\t<span class=\"elementor-button-text\">Pobierz<\/span>\n\t\t\t\t\t<\/span>\n\t\t\t\t\t<\/a>\n\t\t\t\t<\/div>\n\t\t\t\t\t\t\t\t<\/div>\n\t\t\t\t<\/div>\n\t\t\t\t<div class=\"elementor-element elementor-element-26ee9ee elementor-align-center elementor-widget elementor-widget-button\" data-id=\"26ee9ee\" data-element_type=\"widget\" data-e-type=\"widget\" data-widget_type=\"button.default\">\n\t\t\t\t<div class=\"elementor-widget-container\">\n\t\t\t\t\t\t\t\t\t<div class=\"elementor-button-wrapper\">\n\t\t\t\t\t<a class=\"elementor-button elementor-button-link elementor-size-sm\" href=\"https:\/\/tecofash.erasmus.site\/wp-content\/uploads\/2024\/03\/TECOFASH_Training-Package-1_Certificate-supplement.pdf\" target=\"_blank\" download=\"\">\n\t\t\t\t\t\t<span class=\"elementor-button-content-wrapper\">\n\t\t\t\t\t\t\t\t\t<span class=\"elementor-button-text\">Europass<\/span>\n\t\t\t\t\t<\/span>\n\t\t\t\t\t<\/a>\n\t\t\t\t<\/div>\n\t\t\t\t\t\t\t\t<\/div>\n\t\t\t\t<\/div>\n\t\t\t\t\t<\/div>\n\t\t<\/div>\n\t\t\t\t<div class=\"elementor-column elementor-col-33 elementor-top-column elementor-element elementor-element-467a526\" data-id=\"467a526\" data-element_type=\"column\" data-e-type=\"column\">\n\t\t\t<div class=\"elementor-widget-wrap elementor-element-populated\">\n\t\t\t\t\t\t<div class=\"elementor-element elementor-element-b9e057c elementor-widget elementor-widget-image\" data-id=\"b9e057c\" data-element_type=\"widget\" data-e-type=\"widget\" data-widget_type=\"image.default\">\n\t\t\t\t<div class=\"elementor-widget-container\">\n\t\t\t\t\t\t\t\t\t\t\t\t\t\t\t<img decoding=\"async\" width=\"300\" height=\"300\" src=\"https:\/\/tecofash.erasmus.site\/wp-content\/uploads\/2022\/04\/pr2.png\" class=\"attachment-large size-large wp-image-183\" alt=\"\" srcset=\"https:\/\/tecofash.erasmus.site\/wp-content\/uploads\/2022\/04\/pr2.png 300w, https:\/\/tecofash.erasmus.site\/wp-content\/uploads\/2022\/04\/pr2-150x150.png 150w, https:\/\/tecofash.erasmus.site\/wp-content\/uploads\/2022\/04\/pr2-75x75.png 75w\" sizes=\"(max-width: 300px) 100vw, 300px\" \/>\t\t\t\t\t\t\t\t\t\t\t\t\t\t\t<\/div>\n\t\t\t\t<\/div>\n\t\t\t\t<div class=\"elementor-element elementor-element-a9767c8 elementor-widget elementor-widget-heading\" data-id=\"a9767c8\" data-element_type=\"widget\" data-e-type=\"widget\" data-widget_type=\"heading.default\">\n\t\t\t\t<div class=\"elementor-widget-container\">\n\t\t\t\t\t<h2 class=\"elementor-heading-title elementor-size-medium\">R2. Cyfrowe i zr\u00f3wnowa\u017cone zarz\u0105dzanie firm\u0105 modow\u0105<\/h2>\t\t\t\t<\/div>\n\t\t\t\t<\/div>\n\t\t\t\t<div class=\"elementor-element elementor-element-7b841df elementor-widget elementor-widget-text-editor\" data-id=\"7b841df\" data-element_type=\"widget\" data-e-type=\"widget\" data-widget_type=\"text-editor.default\">\n\t\t\t\t<div class=\"elementor-widget-container\">\n\t\t\t\t\t\t\t\t\t<p>Drugi rezultat to r\u00f3wnie\u017c pakiet szkoleniowy skierowany zar\u00f3wno do do\u015bwiadczonych przedsi\u0119biorc\u00f3w, jak i m\u0142odzie\u017cy, o r\u00f3\u017cnym poziomie z\u0142o\u017cono\u015bci, w celu zaspokojenia konkretnych potrzeb ka\u017cdego z nich. Jednak ten rezultat koncentruje si\u0119 na aspektach zarz\u0105dczych i przekrojowych zwi\u0105zanych z modelami biznesowymi oraz zarz\u0105dzaniem cyfrowym i lean management.<\/p>\t\t\t\t\t\t\t\t<\/div>\n\t\t\t\t<\/div>\n\t\t\t\t<div class=\"elementor-element elementor-element-6211b04 elementor-align-center elementor-widget elementor-widget-button\" data-id=\"6211b04\" data-element_type=\"widget\" data-e-type=\"widget\" data-widget_type=\"button.default\">\n\t\t\t\t<div class=\"elementor-widget-container\">\n\t\t\t\t\t\t\t\t\t<div class=\"elementor-button-wrapper\">\n\t\t\t\t\t<a class=\"elementor-button elementor-button-link elementor-size-sm\" href=\"https:\/\/tecofash.erasmus.site\/wp-content\/uploads\/2024\/03\/TECOFASH_PR2_PL.pdf\" target=\"_blank\" download=\"\">\n\t\t\t\t\t\t<span class=\"elementor-button-content-wrapper\">\n\t\t\t\t\t\t\t\t\t<span class=\"elementor-button-text\">Pobierz<\/span>\n\t\t\t\t\t<\/span>\n\t\t\t\t\t<\/a>\n\t\t\t\t<\/div>\n\t\t\t\t\t\t\t\t<\/div>\n\t\t\t\t<\/div>\n\t\t\t\t<div class=\"elementor-element elementor-element-f4ffe80 elementor-align-center elementor-widget elementor-widget-button\" data-id=\"f4ffe80\" data-element_type=\"widget\" data-e-type=\"widget\" data-widget_type=\"button.default\">\n\t\t\t\t<div class=\"elementor-widget-container\">\n\t\t\t\t\t\t\t\t\t<div class=\"elementor-button-wrapper\">\n\t\t\t\t\t<a class=\"elementor-button elementor-button-link elementor-size-sm\" href=\"https:\/\/tecofash.erasmus.site\/wp-content\/uploads\/2024\/03\/TECOFASH_Training-Package-2_Certificate-supplement.pdf\" target=\"_blank\" download=\"\">\n\t\t\t\t\t\t<span class=\"elementor-button-content-wrapper\">\n\t\t\t\t\t\t\t\t\t<span class=\"elementor-button-text\">Europass<\/span>\n\t\t\t\t\t<\/span>\n\t\t\t\t\t<\/a>\n\t\t\t\t<\/div>\n\t\t\t\t\t\t\t\t<\/div>\n\t\t\t\t<\/div>\n\t\t\t\t\t<\/div>\n\t\t<\/div>\n\t\t\t\t<div class=\"elementor-column elementor-col-33 elementor-top-column elementor-element elementor-element-d1302b8\" data-id=\"d1302b8\" data-element_type=\"column\" data-e-type=\"column\">\n\t\t\t<div class=\"elementor-widget-wrap elementor-element-populated\">\n\t\t\t\t\t\t<div class=\"elementor-element elementor-element-84ebb63 elementor-widget elementor-widget-image\" data-id=\"84ebb63\" data-element_type=\"widget\" data-e-type=\"widget\" data-widget_type=\"image.default\">\n\t\t\t\t<div class=\"elementor-widget-container\">\n\t\t\t\t\t\t\t\t\t\t\t\t\t\t\t\t<a href=\"https:\/\/tecofash.erasmus.site\/project-results\/platform\/\">\n\t\t\t\t\t\t\t<img decoding=\"async\" width=\"300\" height=\"300\" src=\"https:\/\/tecofash.erasmus.site\/wp-content\/uploads\/2022\/04\/pr3.png\" class=\"attachment-large size-large wp-image-184\" alt=\"\" srcset=\"https:\/\/tecofash.erasmus.site\/wp-content\/uploads\/2022\/04\/pr3.png 300w, https:\/\/tecofash.erasmus.site\/wp-content\/uploads\/2022\/04\/pr3-150x150.png 150w, https:\/\/tecofash.erasmus.site\/wp-content\/uploads\/2022\/04\/pr3-75x75.png 75w\" sizes=\"(max-width: 300px) 100vw, 300px\" \/>\t\t\t\t\t\t\t\t<\/a>\n\t\t\t\t\t\t\t\t\t\t\t\t\t\t\t<\/div>\n\t\t\t\t<\/div>\n\t\t\t\t<div class=\"elementor-element elementor-element-cd30981 elementor-widget elementor-widget-heading\" data-id=\"cd30981\" data-element_type=\"widget\" data-e-type=\"widget\" data-widget_type=\"heading.default\">\n\t\t\t\t<div class=\"elementor-widget-container\">\n\t\t\t\t\t<h2 class=\"elementor-heading-title elementor-size-medium\"><a href=\"https:\/\/tecofash.erasmus.site\/project-results\/platform\/\">R3. Platforma szkoleniowa online<\/a><\/h2>\t\t\t\t<\/div>\n\t\t\t\t<\/div>\n\t\t\t\t<div class=\"elementor-element elementor-element-093b19c elementor-widget elementor-widget-text-editor\" data-id=\"093b19c\" data-element_type=\"widget\" data-e-type=\"widget\" data-widget_type=\"text-editor.default\">\n\t\t\t\t<div class=\"elementor-widget-container\">\n\t\t\t\t\t\t\t\t\t<p>Rezultat ten ma na celu stworzenie oczekiwanego dialogu mi\u0119dzy dwiema grupami docelowymi i ich wsp\u00f3\u0142prac\u0119 na rzecz innowacji w sektorze, z zamiarem przyci\u0105gni\u0119cia m\u0142odszego pokolenia do tego sektora. Platforma internetowa \u0142\u0105czy pakiety szkoleniowe i modu\u0142y spo\u0142eczno\u015bciowe do realizacji dzia\u0142a\u0144 szkoleniowych i wsp\u00f3\u0142pracy. Dzi\u0119ki temu partnerzy spodziewaj\u0105 si\u0119 osi\u0105gn\u0105\u0107 znacz\u0105cy wp\u0142yw na poziomie lokalnym, a tak\u017ce na poziomie krajowym i europejskim, wspieraj\u0105c M\u015aP z bran\u017cy modowej w kontynuacji wysi\u0142k\u00f3w w celu sprostania wyzwaniom \u015brodowiskowym i spo\u0142ecznym oraz osi\u0105gni\u0119cia konkurencyjno\u015bci i zr\u00f3wnowa\u017conego rozwoju.<\/p>\t\t\t\t\t\t\t\t<\/div>\n\t\t\t\t<\/div>\n\t\t\t\t<div class=\"elementor-element elementor-element-11c3267 elementor-align-center elementor-widget elementor-widget-button\" data-id=\"11c3267\" data-element_type=\"widget\" data-e-type=\"widget\" data-widget_type=\"button.default\">\n\t\t\t\t<div class=\"elementor-widget-container\">\n\t\t\t\t\t\t\t\t\t<div class=\"elementor-button-wrapper\">\n\t\t\t\t\t<a class=\"elementor-button elementor-button-link elementor-size-sm\" href=\"https:\/\/tecofash.erasmus.site\/pl\/project-results\/platform\/\">\n\t\t\t\t\t\t<span class=\"elementor-button-content-wrapper\">\n\t\t\t\t\t\t\t\t\t<span class=\"elementor-button-text\">Otw\u00f3rz<\/span>\n\t\t\t\t\t<\/span>\n\t\t\t\t\t<\/a>\n\t\t\t\t<\/div>\n\t\t\t\t\t\t\t\t<\/div>\n\t\t\t\t<\/div>\n\t\t\t\t\t<\/div>\n\t\t<\/div>\n\t\t\t\t\t<\/div>\n\t\t<\/section>\n\t\t\t\t<\/div>\n\t\t","protected":false},"excerpt":{"rendered":"<p>W rezultacie oczekuje si\u0119, \u017ce do\u015bwiadczeni przedsi\u0119biorcy podnios\u0105 \u015bwiadomo\u015b\u0107 na temat potrzeby transformacji cyfrowej i \u015brodowiskowej, jednocze\u015bnie zwi\u0119kszaj\u0105c swoj\u0105 zdolno\u015b\u0107&hellip;&nbsp;<\/p>\n","protected":false},"author":1,"featured_media":0,"parent":0,"menu_order":0,"comment_status":"closed","ping_status":"closed","template":"","meta":{"neve_meta_sidebar":"","neve_meta_container":"","neve_meta_enable_content_width":"off","neve_meta_content_width":100,"neve_meta_title_alignment":"","neve_meta_author_avatar":"","neve_post_elements_order":"","neve_meta_disable_header":"","neve_meta_disable_footer":"","neve_meta_disable_title":"","footnotes":""},"class_list":["post-172","page","type-page","status-publish","hentry"],"_links":{"self":[{"href":"https:\/\/tecofash.erasmus.site\/pl\/wp-json\/wp\/v2\/pages\/172","targetHints":{"allow":["GET"]}}],"collection":[{"href":"https:\/\/tecofash.erasmus.site\/pl\/wp-json\/wp\/v2\/pages"}],"about":[{"href":"https:\/\/tecofash.erasmus.site\/pl\/wp-json\/wp\/v2\/types\/page"}],"author":[{"embeddable":true,"href":"https:\/\/tecofash.erasmus.site\/pl\/wp-json\/wp\/v2\/users\/1"}],"replies":[{"embeddable":true,"href":"https:\/\/tecofash.erasmus.site\/pl\/wp-json\/wp\/v2\/comments?post=172"}],"version-history":[{"count":106,"href":"https:\/\/tecofash.erasmus.site\/pl\/wp-json\/wp\/v2\/pages\/172\/revisions"}],"predecessor-version":[{"id":3871,"href":"https:\/\/tecofash.erasmus.site\/pl\/wp-json\/wp\/v2\/pages\/172\/revisions\/3871"}],"wp:attachment":[{"href":"https:\/\/tecofash.erasmus.site\/pl\/wp-json\/wp\/v2\/media?parent=172"}],"curies":[{"name":"wp","href":"https:\/\/api.w.org\/{rel}","templated":true}]}}