{"id":503,"date":"2023-11-03T13:02:03","date_gmt":"2023-11-03T13:02:03","guid":{"rendered":"https:\/\/tecofash.erasmus.site\/?page_id=503"},"modified":"2024-03-01T10:43:29","modified_gmt":"2024-03-01T10:43:29","slug":"platform","status":"publish","type":"page","link":"https:\/\/tecofash.erasmus.site\/pl\/project-results\/platform\/","title":{"rendered":"Platforma"},"content":{"rendered":"\t\t<div data-elementor-type=\"wp-page\" data-elementor-id=\"503\" class=\"elementor elementor-503\">\n\t\t\t\t\t\t<section class=\"elementor-section elementor-top-section elementor-element elementor-element-5f69da0 elementor-section-boxed elementor-section-height-default elementor-section-height-default\" data-id=\"5f69da0\" data-element_type=\"section\" data-e-type=\"section\" data-settings=\"{&quot;background_background&quot;:&quot;classic&quot;}\">\n\t\t\t\t\t\t\t<div class=\"elementor-background-overlay\"><\/div>\n\t\t\t\t\t\t\t<div class=\"elementor-container elementor-column-gap-default\">\n\t\t\t\t\t<div class=\"elementor-column elementor-col-100 elementor-top-column elementor-element elementor-element-97466be\" data-id=\"97466be\" data-element_type=\"column\" data-e-type=\"column\" data-settings=\"{&quot;background_background&quot;:&quot;classic&quot;}\">\n\t\t\t<div class=\"elementor-widget-wrap elementor-element-populated\">\n\t\t\t\t\t<div class=\"elementor-background-overlay\"><\/div>\n\t\t\t\t\t\t<div class=\"elementor-element elementor-element-ab20f80 elementor-widget elementor-widget-heading\" data-id=\"ab20f80\" data-element_type=\"widget\" data-e-type=\"widget\" data-widget_type=\"heading.default\">\n\t\t\t\t<div class=\"elementor-widget-container\">\n\t\t\t\t\t<h2 class=\"elementor-heading-title elementor-size-default\">Zapraszamy na platform\u0119 TECOFASH oferuj\u0105c\u0105 narz\u0119dzia do nauki online!<\/h2>\t\t\t\t<\/div>\n\t\t\t\t<\/div>\n\t\t\t\t<div class=\"elementor-element elementor-element-adee94e elementor-widget elementor-widget-text-editor\" data-id=\"adee94e\" data-element_type=\"widget\" data-e-type=\"widget\" data-widget_type=\"text-editor.default\">\n\t\t\t\t<div class=\"elementor-widget-container\">\n\t\t\t\t\t\t\t\t\t<\/p>\n<\/p>\n\nKurs wspieraj\u0105cy m\u0142odsze pokolenie i M\u015aP z bran\u017cy modowej, podnosz\u0105cy \u015bwiadomo\u015b\u0107 na temat potrzeby transformacji cyfrowej i \u015brodowiskowej, jednocze\u015bnie zwi\u0119kszaj\u0105c ich zdolno\u015b\u0107 do innowacji w sektorze mody.\n\nNiezale\u017cnie od tego, czy jeste\u015b ma\u0142\u0105 mark\u0105 modow\u0105, kt\u00f3ra dopiero rozpoczyna dzia\u0142alno\u015b\u0107, pojedynczym projektantem, kt\u00f3ry chce wej\u015b\u0107 na rynek, pracownikiem bran\u017cy modowej lub osob\u0105, kt\u00f3ra chce do niej wej\u015b\u0107, opracowane przez nas tre\u015bci s\u0105 dla Ciebie! Pozwol\u0105 ci one dowiedzie\u0107 si\u0119 wi\u0119cej na temat mody i zr\u00f3wnowa\u017conego rozwoju, dokonywa\u0107 lepszych wybor\u00f3w dla swojej firmy i pomog\u0105 zaplanowa\u0107 przysz\u0142o\u015b\u0107 w spos\u00f3b zr\u00f3wnowa\u017cony zar\u00f3wno dla planety, jak i jej mieszka\u0144c\u00f3w. Jeste\u015bmy tutaj, aby przyci\u0105gn\u0105\u0107 m\u0142ode pokolenia do sektora mody!\n\nAby mogli zrozumie\u0107 trendy i nowe koncepcje.\n\nJeste\u015bmy tutaj, aby wspiera\u0107 przedsi\u0119biorc\u00f3w w ich wysi\u0142kach na rzecz sprostania wyzwaniom \u015brodowiskowym i spo\u0142ecznym oraz osi\u0105gni\u0119cia konkurencyjno\u015bci i zr\u00f3wnowa\u017conego rozwoju.\n<p style=\"text-align: right;\">Zmieniamy sektor mody na lepsze!<\/p>\n<\/p>\n<\/p>\n<\/p>\t\t\t\t\t\t\t\t<\/div>\n\t\t\t\t<\/div>\n\t\t\t\t<div class=\"elementor-element elementor-element-5236b18 elementor-widget elementor-widget-heading\" data-id=\"5236b18\" data-element_type=\"widget\" data-e-type=\"widget\" data-widget_type=\"heading.default\">\n\t\t\t\t<div class=\"elementor-widget-container\">\n\t\t\t\t\t<h2 class=\"elementor-heading-title elementor-size-default\">Przejd\u017a przez 3 sekcje!<\/h2>\t\t\t\t<\/div>\n\t\t\t\t<\/div>\n\t\t\t\t<section class=\"elementor-section elementor-inner-section elementor-element elementor-element-e0dd245 elementor-section-boxed elementor-section-height-default elementor-section-height-default\" data-id=\"e0dd245\" data-element_type=\"section\" data-e-type=\"section\">\n\t\t\t\t\t\t<div class=\"elementor-container elementor-column-gap-default\">\n\t\t\t\t\t<div class=\"elementor-column elementor-col-33 elementor-inner-column elementor-element elementor-element-4742790\" data-id=\"4742790\" data-element_type=\"column\" data-e-type=\"column\">\n\t\t\t<div class=\"elementor-widget-wrap elementor-element-populated\">\n\t\t\t\t\t\t<div class=\"elementor-element elementor-element-7e23a34 elementor-widget elementor-widget-image\" data-id=\"7e23a34\" data-element_type=\"widget\" data-e-type=\"widget\" data-widget_type=\"image.default\">\n\t\t\t\t<div class=\"elementor-widget-container\">\n\t\t\t\t\t\t\t\t\t\t\t\t\t\t\t<img fetchpriority=\"high\" decoding=\"async\" width=\"300\" height=\"300\" src=\"https:\/\/tecofash.erasmus.site\/wp-content\/uploads\/2022\/04\/pr1-300x300.png\" class=\"attachment-medium size-medium wp-image-182\" alt=\"\" srcset=\"https:\/\/tecofash.erasmus.site\/wp-content\/uploads\/2022\/04\/pr1.png 300w, https:\/\/tecofash.erasmus.site\/wp-content\/uploads\/2022\/04\/pr1-150x150.png 150w, https:\/\/tecofash.erasmus.site\/wp-content\/uploads\/2022\/04\/pr1-75x75.png 75w\" sizes=\"(max-width: 300px) 100vw, 300px\" \/>\t\t\t\t\t\t\t\t\t\t\t\t\t\t\t<\/div>\n\t\t\t\t<\/div>\n\t\t\t\t<div class=\"elementor-element elementor-element-ba40aa2 elementor-widget elementor-widget-heading\" data-id=\"ba40aa2\" data-element_type=\"widget\" data-e-type=\"widget\" data-widget_type=\"heading.default\">\n\t\t\t\t<div class=\"elementor-widget-container\">\n\t\t\t\t\t<h2 class=\"elementor-heading-title elementor-size-medium\">Pakiet szkoleniowy 1:\n\n Cyfrowe i zr\u00f3wnowa\u017cone procesy produkcyjne\u200b<\/h2>\t\t\t\t<\/div>\n\t\t\t\t<\/div>\n\t\t\t\t<div class=\"elementor-element elementor-element-b3c64bb elementor-align-center elementor-widget elementor-widget-button\" data-id=\"b3c64bb\" data-element_type=\"widget\" data-e-type=\"widget\" data-widget_type=\"button.default\">\n\t\t\t\t<div class=\"elementor-widget-container\">\n\t\t\t\t\t\t\t\t\t<div class=\"elementor-button-wrapper\">\n\t\t\t\t\t<a class=\"elementor-button elementor-button-link elementor-size-sm\" href=\"https:\/\/tecofash.erasmus.site\/project-results\/platform\/tp1\/\" target=\"_blank\">\n\t\t\t\t\t\t<span class=\"elementor-button-content-wrapper\">\n\t\t\t\t\t\t\t\t\t<span class=\"elementor-button-text\">Kontynuuj<\/span>\n\t\t\t\t\t<\/span>\n\t\t\t\t\t<\/a>\n\t\t\t\t<\/div>\n\t\t\t\t\t\t\t\t<\/div>\n\t\t\t\t<\/div>\n\t\t\t\t\t<\/div>\n\t\t<\/div>\n\t\t\t\t<div class=\"elementor-column elementor-col-33 elementor-inner-column elementor-element elementor-element-34ecc43\" data-id=\"34ecc43\" data-element_type=\"column\" data-e-type=\"column\">\n\t\t\t<div class=\"elementor-widget-wrap elementor-element-populated\">\n\t\t\t\t\t\t<div class=\"elementor-element elementor-element-dcef2c2 elementor-widget elementor-widget-image\" data-id=\"dcef2c2\" data-element_type=\"widget\" data-e-type=\"widget\" data-widget_type=\"image.default\">\n\t\t\t\t<div class=\"elementor-widget-container\">\n\t\t\t\t\t\t\t\t\t\t\t\t\t\t\t<img decoding=\"async\" width=\"300\" height=\"300\" src=\"https:\/\/tecofash.erasmus.site\/wp-content\/uploads\/2022\/04\/pr2-300x300.png\" class=\"attachment-medium size-medium wp-image-183\" alt=\"\" srcset=\"https:\/\/tecofash.erasmus.site\/wp-content\/uploads\/2022\/04\/pr2.png 300w, https:\/\/tecofash.erasmus.site\/wp-content\/uploads\/2022\/04\/pr2-150x150.png 150w, https:\/\/tecofash.erasmus.site\/wp-content\/uploads\/2022\/04\/pr2-75x75.png 75w\" sizes=\"(max-width: 300px) 100vw, 300px\" \/>\t\t\t\t\t\t\t\t\t\t\t\t\t\t\t<\/div>\n\t\t\t\t<\/div>\n\t\t\t\t<div class=\"elementor-element elementor-element-04fc9e7 elementor-widget elementor-widget-heading\" data-id=\"04fc9e7\" data-element_type=\"widget\" data-e-type=\"widget\" data-widget_type=\"heading.default\">\n\t\t\t\t<div class=\"elementor-widget-container\">\n\t\t\t\t\t<h2 class=\"elementor-heading-title elementor-size-medium\">Pakiet szkoleniowy 2:<\/br>\nCyfrowe i zr\u00f3wnowa\u017cone zarz\u0105dzanie firm\u0105 modow\u0105<\/h2>\t\t\t\t<\/div>\n\t\t\t\t<\/div>\n\t\t\t\t<div class=\"elementor-element elementor-element-d0e3dc1 elementor-align-center elementor-widget elementor-widget-button\" data-id=\"d0e3dc1\" data-element_type=\"widget\" data-e-type=\"widget\" data-widget_type=\"button.default\">\n\t\t\t\t<div class=\"elementor-widget-container\">\n\t\t\t\t\t\t\t\t\t<div class=\"elementor-button-wrapper\">\n\t\t\t\t\t<a class=\"elementor-button elementor-button-link elementor-size-sm\" href=\"https:\/\/tecofash.erasmus.site\/project-results\/platform\/tp2\/\" target=\"_blank\">\n\t\t\t\t\t\t<span class=\"elementor-button-content-wrapper\">\n\t\t\t\t\t\t\t\t\t<span class=\"elementor-button-text\">Kontynuuj<\/span>\n\t\t\t\t\t<\/span>\n\t\t\t\t\t<\/a>\n\t\t\t\t<\/div>\n\t\t\t\t\t\t\t\t<\/div>\n\t\t\t\t<\/div>\n\t\t\t\t\t<\/div>\n\t\t<\/div>\n\t\t\t\t<div class=\"elementor-column elementor-col-33 elementor-inner-column elementor-element elementor-element-2521200\" data-id=\"2521200\" data-element_type=\"column\" data-e-type=\"column\">\n\t\t\t<div class=\"elementor-widget-wrap elementor-element-populated\">\n\t\t\t\t\t\t<div class=\"elementor-element elementor-element-6bae92a elementor-widget elementor-widget-image\" data-id=\"6bae92a\" data-element_type=\"widget\" data-e-type=\"widget\" data-widget_type=\"image.default\">\n\t\t\t\t<div class=\"elementor-widget-container\">\n\t\t\t\t\t\t\t\t\t\t\t\t\t\t\t<img decoding=\"async\" width=\"300\" height=\"300\" src=\"https:\/\/tecofash.erasmus.site\/wp-content\/uploads\/2023\/11\/10782862_19199279-300x300.jpg\" class=\"attachment-medium size-medium wp-image-533\" alt=\"\" srcset=\"https:\/\/tecofash.erasmus.site\/wp-content\/uploads\/2023\/11\/10782862_19199279-300x300.jpg 300w, https:\/\/tecofash.erasmus.site\/wp-content\/uploads\/2023\/11\/10782862_19199279-1024x1024.jpg 1024w, https:\/\/tecofash.erasmus.site\/wp-content\/uploads\/2023\/11\/10782862_19199279-150x150.jpg 150w, https:\/\/tecofash.erasmus.site\/wp-content\/uploads\/2023\/11\/10782862_19199279-768x768.jpg 768w, https:\/\/tecofash.erasmus.site\/wp-content\/uploads\/2023\/11\/10782862_19199279-1536x1536.jpg 1536w, https:\/\/tecofash.erasmus.site\/wp-content\/uploads\/2023\/11\/10782862_19199279-2048x2048.jpg 2048w\" sizes=\"(max-width: 300px) 100vw, 300px\" \/>\t\t\t\t\t\t\t\t\t\t\t\t\t\t\t<\/div>\n\t\t\t\t<\/div>\n\t\t\t\t<div class=\"elementor-element elementor-element-64f5fc1 elementor-widget elementor-widget-heading\" data-id=\"64f5fc1\" data-element_type=\"widget\" data-e-type=\"widget\" data-widget_type=\"heading.default\">\n\t\t\t\t<div class=\"elementor-widget-container\">\n\t\t\t\t\t<h2 class=\"elementor-heading-title elementor-size-medium\">Modu\u0142y komunikacji spo\u0142ecznej<\/h2>\t\t\t\t<\/div>\n\t\t\t\t<\/div>\n\t\t\t\t<div class=\"elementor-element elementor-element-b261386 elementor-widget elementor-widget-spacer\" data-id=\"b261386\" data-element_type=\"widget\" data-e-type=\"widget\" data-widget_type=\"spacer.default\">\n\t\t\t\t<div class=\"elementor-widget-container\">\n\t\t\t\t\t\t\t<div class=\"elementor-spacer\">\n\t\t\t<div class=\"elementor-spacer-inner\"><\/div>\n\t\t<\/div>\n\t\t\t\t\t\t<\/div>\n\t\t\t\t<\/div>\n\t\t\t\t<div class=\"elementor-element elementor-element-03fffc3 elementor-align-center elementor-widget elementor-widget-button\" data-id=\"03fffc3\" data-element_type=\"widget\" data-e-type=\"widget\" data-widget_type=\"button.default\">\n\t\t\t\t<div class=\"elementor-widget-container\">\n\t\t\t\t\t\t\t\t\t<div class=\"elementor-button-wrapper\">\n\t\t\t\t\t<a class=\"elementor-button elementor-button-link elementor-size-sm\" href=\"https:\/\/tecofash.erasmus.site\/social-modules\/\" target=\"_blank\">\n\t\t\t\t\t\t<span class=\"elementor-button-content-wrapper\">\n\t\t\t\t\t\t\t\t\t<span class=\"elementor-button-text\">Kontynuuj<\/span>\n\t\t\t\t\t<\/span>\n\t\t\t\t\t<\/a>\n\t\t\t\t<\/div>\n\t\t\t\t\t\t\t\t<\/div>\n\t\t\t\t<\/div>\n\t\t\t\t\t<\/div>\n\t\t<\/div>\n\t\t\t\t\t<\/div>\n\t\t<\/section>\n\t\t\t\t\t<\/div>\n\t\t<\/div>\n\t\t\t\t\t<\/div>\n\t\t<\/section>\n\t\t\t\t<\/div>\n\t\t","protected":false},"excerpt":{"rendered":"<p>Zapraszamy na platform\u0119 TECOFASH oferuj\u0105c\u0105 narz\u0119dzia do nauki online! Kurs wspieraj\u0105cy m\u0142odsze pokolenie i M\u015aP z bran\u017cy modowej, podnosz\u0105cy \u015bwiadomo\u015b\u0107&hellip;&nbsp;<\/p>\n","protected":false},"author":1,"featured_media":0,"parent":172,"menu_order":0,"comment_status":"closed","ping_status":"closed","template":"page-templates\/template-pagebuilder-full-width.php","meta":{"neve_meta_sidebar":"","neve_meta_container":"","neve_meta_enable_content_width":"off","neve_meta_content_width":100,"neve_meta_title_alignment":"","neve_meta_author_avatar":"","neve_post_elements_order":"","neve_meta_disable_header":"","neve_meta_disable_footer":"","neve_meta_disable_title":"","footnotes":""},"class_list":["post-503","page","type-page","status-publish","hentry"],"_links":{"self":[{"href":"https:\/\/tecofash.erasmus.site\/pl\/wp-json\/wp\/v2\/pages\/503","targetHints":{"allow":["GET"]}}],"collection":[{"href":"https:\/\/tecofash.erasmus.site\/pl\/wp-json\/wp\/v2\/pages"}],"about":[{"href":"https:\/\/tecofash.erasmus.site\/pl\/wp-json\/wp\/v2\/types\/page"}],"author":[{"embeddable":true,"href":"https:\/\/tecofash.erasmus.site\/pl\/wp-json\/wp\/v2\/users\/1"}],"replies":[{"embeddable":true,"href":"https:\/\/tecofash.erasmus.site\/pl\/wp-json\/wp\/v2\/comments?post=503"}],"version-history":[{"count":88,"href":"https:\/\/tecofash.erasmus.site\/pl\/wp-json\/wp\/v2\/pages\/503\/revisions"}],"predecessor-version":[{"id":3784,"href":"https:\/\/tecofash.erasmus.site\/pl\/wp-json\/wp\/v2\/pages\/503\/revisions\/3784"}],"up":[{"embeddable":true,"href":"https:\/\/tecofash.erasmus.site\/pl\/wp-json\/wp\/v2\/pages\/172"}],"wp:attachment":[{"href":"https:\/\/tecofash.erasmus.site\/pl\/wp-json\/wp\/v2\/media?parent=503"}],"curies":[{"name":"wp","href":"https:\/\/api.w.org\/{rel}","templated":true}]}}