{"id":60,"date":"2022-04-16T11:02:45","date_gmt":"2022-04-16T11:02:45","guid":{"rendered":"https:\/\/tecofash.erasmus.site\/?page_id=60"},"modified":"2022-07-13T10:29:49","modified_gmt":"2022-07-13T10:29:49","slug":"about-the-project","status":"publish","type":"page","link":"https:\/\/tecofash.erasmus.site\/pl\/about-the-project\/","title":{"rendered":"O projekcie"},"content":{"rendered":"\t\t<div data-elementor-type=\"wp-page\" data-elementor-id=\"60\" class=\"elementor elementor-60\">\n\t\t\t\t\t\t<section class=\"elementor-section elementor-top-section elementor-element elementor-element-187c4e55 elementor-section-boxed elementor-section-height-default elementor-section-height-default\" data-id=\"187c4e55\" data-element_type=\"section\" data-e-type=\"section\">\n\t\t\t\t\t\t<div class=\"elementor-container elementor-column-gap-default\">\n\t\t\t\t\t<div class=\"elementor-column elementor-col-50 elementor-top-column elementor-element elementor-element-4cf8fdf1\" data-id=\"4cf8fdf1\" data-element_type=\"column\" data-e-type=\"column\">\n\t\t\t<div class=\"elementor-widget-wrap elementor-element-populated\">\n\t\t\t\t\t\t<div class=\"elementor-element elementor-element-5bd339f8 elementor-widget elementor-widget-text-editor\" data-id=\"5bd339f8\" data-element_type=\"widget\" data-e-type=\"widget\" data-widget_type=\"text-editor.default\">\n\t\t\t\t<div class=\"elementor-widget-container\">\n\t\t\t\t\t\t\t\t\t<p><\/p><p><\/p><p><\/li><\/ul><p><\/p><p>TECOFASH to 7 Partner\u00f3w z 5 kraj\u00f3w UE.<\/p><p>G\u0142\u00f3wnym celem TECOFASH jest budowanie konkurencyjnego i zr\u00f3wnowa\u017conego europejskiego przemys\u0142u modowego.<\/p><p>Projekt koncentruje si\u0119 na zwi\u0119kszeniu zdolno\u015bci sektora M\u015aP i startup\u00f3w do prowadzenia swojej dzia\u0142alno\u015bci w ramach modeli biznesowych o obiegu zamkni\u0119tym, a tak\u017ce innowacyjnego I zr\u00f3wnowa\u017conego \u015brodowiska. Stan ten ma nast\u0105pi\u0107 w wyniku mi\u0119dzy biznesowej wsp\u00f3\u0142pracy oraz szkole\u0144 transnarodowych i mi\u0119dzypokoleniowych. Nasze szkolenie uwzgl\u0119dnia potr\u00f3jn\u0105 lini\u0119 przewodni\u0105 teorii Elkingtona: ekonomiczn\u0105, spo\u0142eczn\u0105 i \u015brodowiskow\u0105, jako klucz do zr\u00f3wnowa\u017conego rozwoju.<\/p><p>Szczeg\u00f3\u0142owo, TECOFASH jest przedstawiony jako droga do osi\u0105gni\u0119cia nast\u0119puj\u0105cych 3 cel\u00f3w szczeg\u00f3\u0142owych:<\/p><p>1: Podnoszenie \u015bwiadomo\u015bci przedsi\u0119biorc\u00f3w o du\u017cym do\u015bwiadczeniu w bran\u017cy mody, na temat ich potrzeby adaptacji i innowacji w celu przej\u015bcia do nowych zr\u00f3wnowa\u017conych modeli biznesowych.<\/p><p>2: Rozw\u00f3j nowych kompetencji dla m\u0142odzie\u017cy i bezrobotnych w celu stosowania innowacyjnych schemat\u00f3w cyrkularnych i cyfrowych w sektorze mody.<\/p><p>3: Wsp\u00f3\u0142praca mi\u0119dzypokoleniowa i partnerskie, wzajemne uczenie si\u0119, a wi\u0119c wzajemne czerpanie korzy\u015bci z posiadanej wiedzy. R\u00f3wnocze\u015bnie zwi\u0119kszenie zainteresowania m\u0142odego pokolenia prac\u0105 w sektorze mody. \u00a0<\/p><p>TECOFASH opiera si\u0119 na dzieleniu si\u0119 wiedz\u0105 i partnerskim uczeniu si\u0119 interesariuszy na temat mody, aby mogli podnosi\u0107 swoje umiej\u0119tno\u015bci w zakresie innowacji modeli biznesowych, gospodarki o obiegu zamkni\u0119tym, integracji kana\u0142\u00f3w i innowacji proces\u00f3w, wsp\u00f3\u0142pracy i tworzenia sieci kontakt\u00f3w, doskonalenia cyfrowego, zr\u00f3wnowa\u017conego rozwoju i spo\u0142ecznej odpowiedzialno\u015bci biznesu (CSR), rozwoju osobistego, kreatywno\u015bci i ducha przedsi\u0119biorczo\u015bci.<\/p><p>Aby odpowiedzie\u0107 na to wyzwanie, propozycja szkolenia TECOFASH skupia si\u0119 na dw\u00f3ch filarach:<\/p><ul><li>Zr\u00f3wnowa\u017cone i cyfrowe procesy produkcyjne, zajmuj\u0105c si\u0119 aspektami technicznymi i operacyjnymi zwi\u0105zanymi z projektowaniem, produkcj\u0105 i dystrybucj\u0105 produkt\u00f3w modowych, na przyk\u0142ad jak zmniejszy\u0107 zu\u017cycie wody lub dba\u0107 o u\u017cywane surowce.<\/li><li>Zr\u00f3wnowa\u017cone i cyfrowe zarz\u0105dzanie firm\u0105 modow\u0105, aby zbada\u0107, jak obr\u00f3ci\u0107 ca\u0142y system zarz\u0105dzania w p\u0119tl\u0119 okr\u0119\u017cn\u0105 i odpowiedzialn\u0105, w tym na przyk\u0142ad systemy zarz\u0105dzania kooperacyjnego oparte na odpowiedzialno\u015bci ludzkiej i spo\u0142ecznej.<\/li><\/ul><p><\/li><\/ul><p><\/li><\/ul>\t\t\t\t\t\t\t\t<\/div>\n\t\t\t\t<\/div>\n\t\t\t\t\t<\/div>\n\t\t<\/div>\n\t\t\t\t<div class=\"elementor-column elementor-col-50 elementor-top-column elementor-element elementor-element-c94ec8d\" data-id=\"c94ec8d\" data-element_type=\"column\" data-e-type=\"column\">\n\t\t\t<div class=\"elementor-widget-wrap elementor-element-populated\">\n\t\t\t\t\t\t<div class=\"elementor-element elementor-element-cc2be00 elementor-widget elementor-widget-image\" data-id=\"cc2be00\" data-element_type=\"widget\" data-e-type=\"widget\" data-widget_type=\"image.default\">\n\t\t\t\t<div class=\"elementor-widget-container\">\n\t\t\t\t\t\t\t\t\t\t\t\t\t\t\t<img fetchpriority=\"high\" decoding=\"async\" width=\"720\" height=\"720\" src=\"https:\/\/tecofash.erasmus.site\/wp-content\/uploads\/2022\/04\/Obraz1.jpg\" class=\"attachment-large size-large wp-image-38\" alt=\"\" srcset=\"https:\/\/tecofash.erasmus.site\/wp-content\/uploads\/2022\/04\/Obraz1.jpg 720w, https:\/\/tecofash.erasmus.site\/wp-content\/uploads\/2022\/04\/Obraz1-300x300.jpg 300w, https:\/\/tecofash.erasmus.site\/wp-content\/uploads\/2022\/04\/Obraz1-150x150.jpg 150w\" sizes=\"(max-width: 720px) 100vw, 720px\" \/>\t\t\t\t\t\t\t\t\t\t\t\t\t\t\t<\/div>\n\t\t\t\t<\/div>\n\t\t\t\t\t<\/div>\n\t\t<\/div>\n\t\t\t\t\t<\/div>\n\t\t<\/section>\n\t\t\t\t<\/div>\n\t\t","protected":false},"excerpt":{"rendered":"<p>TECOFASH to 7 Partner\u00f3w z 5 kraj\u00f3w UE. G\u0142\u00f3wnym celem TECOFASH jest budowanie konkurencyjnego i zr\u00f3wnowa\u017conego europejskiego przemys\u0142u modowego. Projekt&hellip;&nbsp;<\/p>\n","protected":false},"author":1,"featured_media":0,"parent":0,"menu_order":0,"comment_status":"closed","ping_status":"closed","template":"","meta":{"neve_meta_sidebar":"","neve_meta_container":"","neve_meta_enable_content_width":"off","neve_meta_content_width":100,"neve_meta_title_alignment":"","neve_meta_author_avatar":"","neve_post_elements_order":"","neve_meta_disable_header":"","neve_meta_disable_footer":"","neve_meta_disable_title":"","footnotes":""},"class_list":["post-60","page","type-page","status-publish","hentry"],"_links":{"self":[{"href":"https:\/\/tecofash.erasmus.site\/pl\/wp-json\/wp\/v2\/pages\/60","targetHints":{"allow":["GET"]}}],"collection":[{"href":"https:\/\/tecofash.erasmus.site\/pl\/wp-json\/wp\/v2\/pages"}],"about":[{"href":"https:\/\/tecofash.erasmus.site\/pl\/wp-json\/wp\/v2\/types\/page"}],"author":[{"embeddable":true,"href":"https:\/\/tecofash.erasmus.site\/pl\/wp-json\/wp\/v2\/users\/1"}],"replies":[{"embeddable":true,"href":"https:\/\/tecofash.erasmus.site\/pl\/wp-json\/wp\/v2\/comments?post=60"}],"version-history":[{"count":42,"href":"https:\/\/tecofash.erasmus.site\/pl\/wp-json\/wp\/v2\/pages\/60\/revisions"}],"predecessor-version":[{"id":437,"href":"https:\/\/tecofash.erasmus.site\/pl\/wp-json\/wp\/v2\/pages\/60\/revisions\/437"}],"wp:attachment":[{"href":"https:\/\/tecofash.erasmus.site\/pl\/wp-json\/wp\/v2\/media?parent=60"}],"curies":[{"name":"wp","href":"https:\/\/api.w.org\/{rel}","templated":true}]}}